{"id":1158,"date":"2021-03-16T16:31:39","date_gmt":"2021-03-16T16:31:39","guid":{"rendered":"https:\/\/www.mariaapartman.hu\/?page_id=1158"},"modified":"2022-06-15T15:22:54","modified_gmt":"2022-06-15T15:22:54","slug":"informace-otazky-odpovedi","status":"publish","type":"page","link":"https:\/\/www.mariaapartman.hu\/cs\/informace-otazky-odpovedi\/","title":{"rendered":"Informace-ot\u00e1zky-odpov\u011bdi"},"content":{"rendered":"<h2>1. Kdy je t\u0159eba rezervovat ubytov\u00e1n\u00ed?<\/h2>\n<p>V obdob\u00ed jaro a l\u00e9to je pot\u0159eba rezervovat 2-5 m\u011bs\u00edc\u016f p\u0159ed pl\u00e1novan\u00fdm term\u00ednem.<\/p>\n<hr \/>\n<h2>2. Je mo\u017eno rezervovat apartm\u00e1n na 1-2 noci?<\/h2>\n<p>Ano,ale cena kles\u00e1 s p\u0159ib\u00fdvaj\u00edc\u00edm po\u010dtem noc\u00ed.<\/p>\n<hr \/>\n<h2>3. Jak prob\u00edh\u00e1 rezervace?<\/h2>\n<p>Rezervace je mo\u017en\u00e1 e-mailem, po\u0161tou nebo osobn\u011b.Na na\u0161ich webov\u00fdch str\u00e1nk\u00e1ch je pot\u0159eba zadat tyto \u00fadajeiterm\u00edn pobytu,po\u010det osob,po\u017eadovan\u00fd apartm\u00e1n.<br \/>\nRezervaci potvrd\u00edme e-mailem,tuto si pros\u00edm vytiskn\u011bte a p\u0159ivezte s sebou k n\u00e1stupu.<\/p>\n<p>Kontakt na n\u00e1s:<\/p>\n<ul>\n<li>Adresa: M\u00e1ria apartmanok Zalakaros, 8749 Zalakaros, Kanicai ulice 5.<\/li>\n<li>Osobn\u011b na adrese: 8749 Zalakaros, Kanicai ulice 5.<\/li>\n<li>Email: mariaapartmanok@gmail.com<\/li>\n<\/ul>\n<hr \/>\n<h2>4. Je pot\u0159eba platit z\u00e1lohu p\u0159i rezervaci?<\/h2>\n<p>Ano, t\u00edm vznikne smluvn\u00ed vztah mezi klientem a ubytovac\u00edm za\u0159\u00edzen\u00edm.Doplatek za ubytov\u00e1n\u00ed je splatn\u00fd p\u0159i p\u0159\u00edjezdu.<\/p>\n<hr \/>\n<h2>5. Jak lze hradit doplatek za ubytov\u00e1n\u00ed?<\/h2>\n<ul>\n<li>Osobn\u011b v hotovosti p\u0159i p\u0159\u00edjezdu<\/li>\n<li>Bankovn\u00ed spojen\u00ed k platb\u011b z\u00e1lohy: N\u00e9meth Tam\u00e1s, K H Bank 10400717-84575152-56561002<\/li>\n<\/ul>\n<p>Do zpr\u00e1vy pro p\u0159\u00edjemce je pot\u0159eba napsat jm\u00e9no objednavatele,po\u010det osob,po\u010det dn\u00ed,term\u00edn n\u00e1stupu a term\u00edn odjezdu.<\/p>\n<hr \/>\n<h2>6. Je mo\u017en\u00e9 platit bankovn\u00ed kartou na m\u00edst\u011b?<\/h2>\n<p>Ne,prozat\u00edm tuto slu\u017ebu nenab\u00edz\u00edme,ale uva\u017eujeme o tom.<\/p>\n<hr \/>\n<h2>7. Kdy je pot\u0159eba uhradit doplatek za ubytov\u00e1n\u00ed?<\/h2>\n<p>P\u0159i p\u0159\u00edjezdu k n\u00e1m.<\/p>\n<hr \/>\n<h2>8. Od kolika hodin je mo\u017eno se ubytovat?<\/h2>\n<p>Check inje ve 13 hod,po dohod\u011b je mo\u017eno i d\u0159\u00edv.<\/p>\n<hr \/>\n<h2>9. Kolik hodin je nutno v den odjezdu uvolnit apartm\u00e1n?<\/h2>\n<p>V 9 hodin dopoledne.<\/p>\n<hr \/>\n<h2>10. Je mo\u017en\u00e9 ubytov\u00e1n\u00ed s mal\u00fdm dom\u00e1c\u00edm zv\u00ed\u0159etem?<\/h2>\n<p>Ano, za poplatek 6 euro\/den.<\/p>\n<hr \/>\n<h2>11. Je dovoleno kou\u0159en\u00ed v apartm\u00ednech?<\/h2>\n<p>Ne,na v\u0161ech pokoj\u00edch je z\u00e1kaz kou\u0159en\u00ed.To je dovoleno jen na vyhrazen\u00fdch m\u00edstech- dv\u016fr,balkon,terasa.<\/p>\n<hr \/>\n<h2>12. Je mo\u017eno parkovat v are\u00e1lu?<\/h2>\n<p>Ano, osobn\u00ed auta parkuj\u00ed v are\u00e1lu zdarma.Je mo\u017eno gar\u00e1\u017eov\u00e9ho st\u00e1n\u00ed za poplatek 6 euro\/den.<\/p>\n<hr \/>\n<h2>13. Je v cen\u011b ubytov\u00e1n\u00ed zahrnuto stravov\u00e1n\u00ed?<\/h2>\n<p>Ne,tyto slu\u017eby neposkytujeme.<\/p>\n<hr \/>\n<h2>14. Je mo\u017eno p\u0159ipravovat j\u00eddlo v apartm\u00e1nu?<\/h2>\n<p>Ano,kuchyn\u011b jsou velmi dob\u0159e vybaven\u00e9 spot\u0159ebi\u010demkledni\u010dka, d\u0159ez, keramick\u00e1 varn\u00e1 deska,plynov\u00fd spor\u00e1k, rychlovarn\u00e1 konvice,k\u00e1vovar,p\u0159\u00edbory,n\u00e1dob\u00ed,kuchy\u0148sk\u00e9 ut\u011brky.<\/p>\n<hr \/>\n<h2>15. Je mo\u017en\u00e1 p\u0159ist\u00fdlka v apartm\u00e1nech?<\/h2>\n<p>Ano, ve v\u011bt\u0161in\u011b, za poplatek 6 euro\/den<\/p>\n<hr \/>\n<h2>16. Jsou apartm\u00e1ny vybaveny l\u016f\u017ekovinami?<\/h2>\n<p>Ano,zabezpe\u010dujeme l\u016f\u017eko viny,ru\u010dn\u00edky,koupelnovou p\u0159edlo\u017eku a kuchy\u0148skou ut\u011brku.<\/p>\n<hr \/>\n<h2>17. Jsou apartm\u00e1ny vybaveny wi-fl a p\u0159\u00edstupem k internetu?<\/h2>\n<p>Ano, internetov\u00fd koutek je v p\u0159eds\u00edni apartm\u00e1nov\u00e9ho domu a wi.fi je voln\u011b dostupn\u00e1 ve v\u0161ech pokoj\u00edch a okol\u00ed apartm\u00e1n\u016f.<\/p>\n<hr \/>\n<h2>18. Je a apartm\u00e1nech klimatizace?<\/h2>\n<p>Ano, v n\u011bkter\u00fdch apartm\u00e1nech, za poplatek 6 euro \/den.<\/p>\n<hr \/>\n<h2>19. Co se stane, kdy\u017e zru\u0161\u00edm rezervaci?<\/h2>\n<p>Zaplacen\u00e1 \u010d\u00e1stka z\u00e1lohy se nevrac\u00ed.<\/p>\n<hr \/>\n<h2>20. Co se stane, kdy\u017e pobyt ukon\u010d\u00edm p\u0159ed\u010dasn\u011b?<\/h2>\n<p>Celkovou \u010d\u00e1stku za pobyt je nutno stejn\u011b uhradit v p\u016fvodn\u00ed v\u00fd\u0161i.<\/p>\n<hr \/>\n<h2>21. L\u00e1ze\u0148sk\u00e1 taxa<\/h2>\n<p>\u010c\u00e1stku ur\u010duje st\u00e1t, v tomto p\u0159\u00edpad\u011b \u010din\u00ed 1,1 euro na osobu od 18 let v\u011bku na den.Tato taxa nen\u00ed zahrnuta v cen\u011b ubytov\u00e1n\u00ed.<\/p>\n","protected":false},"excerpt":{"rendered":"<p>1. Kdy je t\u0159eba rezervovat ubytov\u00e1n\u00ed? V obdob\u00ed jaro a l\u00e9to je pot\u0159eba rezervovat 2-5 m\u011bs\u00edc\u016f p\u0159ed pl\u00e1novan\u00fdm term\u00ednem. 2. Je mo\u017eno rezervovat apartm\u00e1n na 1-2 noci? Ano,ale cena kles\u00e1 s p\u0159ib\u00fdvaj\u00edc\u00edm po\u010dtem noc\u00ed. 3. Jak prob\u00edh\u00e1 rezervace? Rezervace je mo\u017en\u00e1 e-mailem, po\u0161tou nebo osobn\u011b.Na na\u0161ich webov\u00fdch str\u00e1nk\u00e1ch je pot\u0159eba zadat tyto \u00fadajeiterm\u00edn pobytu,po\u010det osob,po\u017eadovan\u00fd <a href=\"https:\/\/www.mariaapartman.hu\/cs\/informace-otazky-odpovedi\/\" class=\"more-link\">&#8230;<\/a><\/p>\n","protected":false},"author":1,"featured_media":0,"parent":0,"menu_order":0,"comment_status":"closed","ping_status":"closed","template":"","meta":{"footnotes":""},"class_list":["post-1158","page","type-page","status-publish","hentry"],"yoast_head":"<!-- This site is optimized with the Yoast SEO plugin v26.7 - https:\/\/yoast.com\/wordpress\/plugins\/seo\/ -->\n<title>Zeptejte se na na\u0161e ubytov\u00e1n\u00ed! &#187; M\u00e1ria Apartm\u00e1ny &#187; Zalakaros<\/title>\n<meta name=\"description\" content=\"Najdete zde odpov\u011bdi na v\u0161echny va\u0161e ot\u00e1zky t\u00fdkaj\u00edc\u00ed se ubytov\u00e1n\u00ed a slu\u017eeb M\u00e1ria Apartmanok Zalakaros.\" \/>\n<meta name=\"robots\" content=\"index, follow, max-snippet:-1, max-image-preview:large, max-video-preview:-1\" \/>\n<link rel=\"canonical\" href=\"https:\/\/www.mariaapartman.hu\/cs\/informace-otazky-odpovedi\/\" \/>\n<meta property=\"og:locale\" content=\"cs_CZ\" \/>\n<meta property=\"og:type\" content=\"article\" \/>\n<meta property=\"og:title\" content=\"Zeptejte se na na\u0161e ubytov\u00e1n\u00ed! &#187; M\u00e1ria Apartm\u00e1ny &#187; Zalakaros\" \/>\n<meta property=\"og:description\" content=\"Najdete zde odpov\u011bdi na v\u0161echny va\u0161e ot\u00e1zky t\u00fdkaj\u00edc\u00ed se ubytov\u00e1n\u00ed a slu\u017eeb M\u00e1ria Apartmanok Zalakaros.\" \/>\n<meta property=\"og:url\" content=\"https:\/\/www.mariaapartman.hu\/cs\/informace-otazky-odpovedi\/\" \/>\n<meta property=\"og:site_name\" content=\"M\u00e1ria Apartm\u00e1ny\" \/>\n<meta property=\"article:modified_time\" content=\"2022-06-15T15:22:54+00:00\" \/>\n<meta name=\"twitter:card\" content=\"summary_large_image\" \/>\n<meta name=\"twitter:label1\" content=\"Odhadovan\u00e1 doba \u010dten\u00ed\" \/>\n\t<meta name=\"twitter:data1\" content=\"3 minuty\" \/>\n<script type=\"application\/ld+json\" class=\"yoast-schema-graph\">{\"@context\":\"https:\/\/schema.org\",\"@graph\":[{\"@type\":\"WebPage\",\"@id\":\"https:\/\/www.mariaapartman.hu\/cs\/informace-otazky-odpovedi\/\",\"url\":\"https:\/\/www.mariaapartman.hu\/cs\/informace-otazky-odpovedi\/\",\"name\":\"Zeptejte se na na\u0161e ubytov\u00e1n\u00ed! &#187; M\u00e1ria Apartm\u00e1ny &#187; Zalakaros\",\"isPartOf\":{\"@id\":\"https:\/\/www.mariaapartman.hu\/cs\/#website\"},\"datePublished\":\"2021-03-16T16:31:39+00:00\",\"dateModified\":\"2022-06-15T15:22:54+00:00\",\"description\":\"Najdete zde odpov\u011bdi na v\u0161echny va\u0161e ot\u00e1zky t\u00fdkaj\u00edc\u00ed se ubytov\u00e1n\u00ed a slu\u017eeb M\u00e1ria Apartmanok Zalakaros.\",\"breadcrumb\":{\"@id\":\"https:\/\/www.mariaapartman.hu\/cs\/informace-otazky-odpovedi\/#breadcrumb\"},\"inLanguage\":\"cs\",\"potentialAction\":[{\"@type\":\"ReadAction\",\"target\":[\"https:\/\/www.mariaapartman.hu\/cs\/informace-otazky-odpovedi\/\"]}]},{\"@type\":\"BreadcrumbList\",\"@id\":\"https:\/\/www.mariaapartman.hu\/cs\/informace-otazky-odpovedi\/#breadcrumb\",\"itemListElement\":[{\"@type\":\"ListItem\",\"position\":1,\"name\":\"Home\",\"item\":\"https:\/\/www.mariaapartman.hu\/cs\/\"},{\"@type\":\"ListItem\",\"position\":2,\"name\":\"Informace-ot\u00e1zky-odpov\u011bdi\"}]},{\"@type\":\"WebSite\",\"@id\":\"https:\/\/www.mariaapartman.hu\/cs\/#website\",\"url\":\"https:\/\/www.mariaapartman.hu\/cs\/\",\"name\":\"M\u00e1ria Apartm\u00e1ny\",\"description\":\"\",\"publisher\":{\"@id\":\"https:\/\/www.mariaapartman.hu\/cs\/#organization\"},\"potentialAction\":[{\"@type\":\"SearchAction\",\"target\":{\"@type\":\"EntryPoint\",\"urlTemplate\":\"https:\/\/www.mariaapartman.hu\/cs\/?s={search_term_string}\"},\"query-input\":{\"@type\":\"PropertyValueSpecification\",\"valueRequired\":true,\"valueName\":\"search_term_string\"}}],\"inLanguage\":\"cs\"},{\"@type\":\"Organization\",\"@id\":\"https:\/\/www.mariaapartman.hu\/cs\/#organization\",\"name\":\"M\u00e1ria Apartm\u00e1ny Zalakaros\",\"url\":\"https:\/\/www.mariaapartman.hu\/cs\/\",\"logo\":{\"@type\":\"ImageObject\",\"inLanguage\":\"cs\",\"@id\":\"https:\/\/www.mariaapartman.hu\/cs\/#\/schema\/logo\/image\/\",\"url\":\"\",\"contentUrl\":\"\",\"caption\":\"M\u00e1ria Apartm\u00e1ny Zalakaros\"},\"image\":{\"@id\":\"https:\/\/www.mariaapartman.hu\/cs\/#\/schema\/logo\/image\/\"},\"sameAs\":[\"https:\/\/www.instagram.com\/mariaapartmanok\/\"]}]}<\/script>\n<!-- \/ Yoast SEO plugin. -->","yoast_head_json":{"title":"Zeptejte se na na\u0161e ubytov\u00e1n\u00ed! &#187; M\u00e1ria Apartm\u00e1ny &#187; Zalakaros","description":"Najdete zde odpov\u011bdi na v\u0161echny va\u0161e ot\u00e1zky t\u00fdkaj\u00edc\u00ed se ubytov\u00e1n\u00ed a slu\u017eeb M\u00e1ria Apartmanok Zalakaros.","robots":{"index":"index","follow":"follow","max-snippet":"max-snippet:-1","max-image-preview":"max-image-preview:large","max-video-preview":"max-video-preview:-1"},"canonical":"https:\/\/www.mariaapartman.hu\/cs\/informace-otazky-odpovedi\/","og_locale":"cs_CZ","og_type":"article","og_title":"Zeptejte se na na\u0161e ubytov\u00e1n\u00ed! &#187; M\u00e1ria Apartm\u00e1ny &#187; Zalakaros","og_description":"Najdete zde odpov\u011bdi na v\u0161echny va\u0161e ot\u00e1zky t\u00fdkaj\u00edc\u00ed se ubytov\u00e1n\u00ed a slu\u017eeb M\u00e1ria Apartmanok Zalakaros.","og_url":"https:\/\/www.mariaapartman.hu\/cs\/informace-otazky-odpovedi\/","og_site_name":"M\u00e1ria Apartm\u00e1ny","article_modified_time":"2022-06-15T15:22:54+00:00","twitter_card":"summary_large_image","twitter_misc":{"Odhadovan\u00e1 doba \u010dten\u00ed":"3 minuty"},"schema":{"@context":"https:\/\/schema.org","@graph":[{"@type":"WebPage","@id":"https:\/\/www.mariaapartman.hu\/cs\/informace-otazky-odpovedi\/","url":"https:\/\/www.mariaapartman.hu\/cs\/informace-otazky-odpovedi\/","name":"Zeptejte se na na\u0161e ubytov\u00e1n\u00ed! &#187; M\u00e1ria Apartm\u00e1ny &#187; Zalakaros","isPartOf":{"@id":"https:\/\/www.mariaapartman.hu\/cs\/#website"},"datePublished":"2021-03-16T16:31:39+00:00","dateModified":"2022-06-15T15:22:54+00:00","description":"Najdete zde odpov\u011bdi na v\u0161echny va\u0161e ot\u00e1zky t\u00fdkaj\u00edc\u00ed se ubytov\u00e1n\u00ed a slu\u017eeb M\u00e1ria Apartmanok Zalakaros.","breadcrumb":{"@id":"https:\/\/www.mariaapartman.hu\/cs\/informace-otazky-odpovedi\/#breadcrumb"},"inLanguage":"cs","potentialAction":[{"@type":"ReadAction","target":["https:\/\/www.mariaapartman.hu\/cs\/informace-otazky-odpovedi\/"]}]},{"@type":"BreadcrumbList","@id":"https:\/\/www.mariaapartman.hu\/cs\/informace-otazky-odpovedi\/#breadcrumb","itemListElement":[{"@type":"ListItem","position":1,"name":"Home","item":"https:\/\/www.mariaapartman.hu\/cs\/"},{"@type":"ListItem","position":2,"name":"Informace-ot\u00e1zky-odpov\u011bdi"}]},{"@type":"WebSite","@id":"https:\/\/www.mariaapartman.hu\/cs\/#website","url":"https:\/\/www.mariaapartman.hu\/cs\/","name":"M\u00e1ria Apartm\u00e1ny","description":"","publisher":{"@id":"https:\/\/www.mariaapartman.hu\/cs\/#organization"},"potentialAction":[{"@type":"SearchAction","target":{"@type":"EntryPoint","urlTemplate":"https:\/\/www.mariaapartman.hu\/cs\/?s={search_term_string}"},"query-input":{"@type":"PropertyValueSpecification","valueRequired":true,"valueName":"search_term_string"}}],"inLanguage":"cs"},{"@type":"Organization","@id":"https:\/\/www.mariaapartman.hu\/cs\/#organization","name":"M\u00e1ria Apartm\u00e1ny Zalakaros","url":"https:\/\/www.mariaapartman.hu\/cs\/","logo":{"@type":"ImageObject","inLanguage":"cs","@id":"https:\/\/www.mariaapartman.hu\/cs\/#\/schema\/logo\/image\/","url":"","contentUrl":"","caption":"M\u00e1ria Apartm\u00e1ny Zalakaros"},"image":{"@id":"https:\/\/www.mariaapartman.hu\/cs\/#\/schema\/logo\/image\/"},"sameAs":["https:\/\/www.instagram.com\/mariaapartmanok\/"]}]}},"_links":{"self":[{"href":"https:\/\/www.mariaapartman.hu\/cs\/wp-json\/wp\/v2\/pages\/1158","targetHints":{"allow":["GET"]}}],"collection":[{"href":"https:\/\/www.mariaapartman.hu\/cs\/wp-json\/wp\/v2\/pages"}],"about":[{"href":"https:\/\/www.mariaapartman.hu\/cs\/wp-json\/wp\/v2\/types\/page"}],"author":[{"embeddable":true,"href":"https:\/\/www.mariaapartman.hu\/cs\/wp-json\/wp\/v2\/users\/1"}],"replies":[{"embeddable":true,"href":"https:\/\/www.mariaapartman.hu\/cs\/wp-json\/wp\/v2\/comments?post=1158"}],"version-history":[{"count":0,"href":"https:\/\/www.mariaapartman.hu\/cs\/wp-json\/wp\/v2\/pages\/1158\/revisions"}],"wp:attachment":[{"href":"https:\/\/www.mariaapartman.hu\/cs\/wp-json\/wp\/v2\/media?parent=1158"}],"curies":[{"name":"wp","href":"https:\/\/api.w.org\/{rel}","templated":true}]}}