{"id":1159,"date":"2021-03-16T16:41:17","date_gmt":"2021-03-16T16:41:17","guid":{"rendered":"https:\/\/www.mariaapartman.hu\/?page_id=1159"},"modified":"2022-06-15T15:26:58","modified_gmt":"2022-06-15T15:26:58","slug":"domaci-poradek","status":"publish","type":"page","link":"https:\/\/www.mariaapartman.hu\/cs\/domaci-poradek\/","title":{"rendered":"Dom\u00e1c\u00ed po\u0159\u00e1dek"},"content":{"rendered":"<div class=\"row mb-5\">\n<div class=\"col-md-6\">\n<p>V\u00e1\u017een\u00ed host\u00e9!<\/p>\n<p>Pros\u00edme, p\u0159e\u010dt\u011bte si n\u00e1\u0161 dom\u00e1c\u00ed po\u0159\u00e1dek, abychom V\u00e1m mohli zajistit p\u0159\u00edjemnou dovolenou a aby nedoch\u00e1zelo k p\u0159\u00edpadn\u00fdm nedorozum\u011bn\u00edm. Po nedodr\u017een\u00ed dom\u00e1c\u00edho po\u0159\u00e1dku bude zru\u0161ena Va\u0161e rezervace a zaplacen\u00e1 suma za ubytov\u00e1n\u00ed nebude zp\u011btn\u011b uhrazena, bez ohledu na to, \u017ee d\u0159\u00edve opust\u00edte ubytov\u00e1n\u00ed.<\/p>\n<\/div>\n<div class=\"col-md-6\">\n<div class=\"embed-responsive embed-responsive-4by3 mt-4 mt-md-0\"><iframe class=\"embed-responsive-item\" src=\"https:\/\/www.youtube.com\/embed\/Yi9207WmpTc\" frameborder=\"0\" allowfullscreen=\"allowfullscreen\"><span data-mce-type=\"bookmark\" style=\"display: inline-block; width: 0px; overflow: hidden; line-height: 0;\" class=\"mce_SELRES_start\">\ufeff<\/span><\/iframe><\/div>\n<\/div>\n<\/div>\n<h2>P\u0159\u00edchod \/ odchod<\/h2>\n<ul>\n<li>Ubytov\u00e1n\u00ed m\u016f\u017ee b\u00fdt obsazeno od 13:00 hodin.<\/li>\n<li>Ubytov\u00e1n\u00ed je povinn\u00e9 opustit do 9:00 hodin.<\/li>\n<li>Dal\u0161\u00ed mo\u017enosti mohou b\u00fdt obvykle vy\u0159\u00edzen\u00e9 po p\u0159edchoz\u00ed domluv\u011b.<\/li>\n<\/ul>\n<hr \/>\n<h2>Parkov\u00e1n\u00ed<\/h2>\n<p>Parkov\u00e1n\u00ed je povoleno na vyhrazen\u00e9m prostoru.<br \/>\nPros\u00edme, bu\u010fte s ohledem i na mo\u017enosti parkov\u00e1n\u00ed ostatn\u00edch host\u016f.<\/p>\n<hr \/>\n<h2>Odpadky \/ hygiena<\/h2>\n<p>Kou\u0159en\u00ed je ZAK\u00c1ZAN\u00c9 v cel\u00e9m are\u00e1lu bytov\u00fdch dom\u016f! Kou\u0159en\u00ed je povoleno pouze ve vyhrazen\u00fdch oblastech (terasy, balkony, dvory)!<br \/>\nObsazen\u00e9 pokoje, ubytov\u00e1n\u00ed mus\u00ed b\u00fdt ve stejn\u00e9m stavu p\u0159ed odchodem jako byly v dob\u011b p\u0159\u00edchodu, tzv. maj\u00ed b\u00fdt \u010dist\u00e9 a nepo\u0161kozen\u00e9. Pros\u00edme, dbejte b\u011bhem pou\u017eit\u00ed pokoj\u016f a byt\u016f na jejich \u010distotu, po\u0159\u00e1dek a hygienu.<br \/>\nV budov\u011b apartm\u00e1n\u016f (v pokoj\u00edch anebo v bytech) je zak\u00e1zan\u00e9 zanechat nepo\u0159\u00e1dek a ne\u010distotu! B\u011bhem obdob\u00ed letn\u00ed dovolen\u00e9 je host je zodpov\u011bdn\u00fd za \u00fadr\u017ebu po\u0159\u00e1dku a hygieny, takt\u00e9\u017e i za vypr\u00e1zdn\u011bn\u00ed odpadkov\u00e9ho ko\u0161e v pou\u017e\u00edvan\u00e9m pokoji a v byt\u011b! Pros\u00edme, neodn\u00e1\u0161ejte odpadky pouze v posledn\u00ed den dovolen\u00e9. Pros\u00edme, nezanech\u00e1vete p\u0159ed odchodem na ubytov\u00e1n\u00ed odpadky anebo \u0161pinav\u00e9 n\u00e1dob\u00ed.<\/p>\n<hr \/>\n<h2>Ruch<\/h2>\n<p>Pros\u00edme br\u00e1t ohled na ostatn\u00ed p\u0159\u00edtomn\u00e9 hosty na ubytov\u00e1n\u00ed! Ned\u011blejte velk\u00fd ruch a nastavte si hlasitost r\u00e1dia, televize a jin\u00fdch elektronick\u00fdch za\u0159\u00edzen\u00ed tak, aby jste ostatn\u00ed hosty nevyru\u0161ovali.<\/p>\n<hr \/>\n<h2>Za\u0159\u00edzen\u00ed<\/h2>\n<ul>\n<li>Pros\u00edme norm\u00e1ln\u011b pou\u017e\u00edvat v\u0161echno za\u0159\u00edzen\u00ed a n\u00e1bytek ve vnit\u0159n\u00edch i vn\u011bj\u0161\u00edch prostorech are\u00e1lu ubytov\u00e1n\u00ed.<\/li>\n<li>Nen\u00ed dovoleno pohybovat n\u00e1bytek z jedn\u00e9 m\u00edstnosti do druh\u00e9, do jin\u00e9ho bytu, vyn\u00e9st p\u0159ed budovu anebo na pl\u00e1\u017e.<\/li>\n<li>Je zak\u00e1z\u00e1no p\u0159en\u00e1\u0161et kuchy\u0148sk\u00e9 n\u00e1\u010din\u00ed, p\u0159\u00edbory, tal\u00ed\u0159e, skleni\u010dky anebo kuchy\u0148sk\u00e9 spot\u0159ebi\u010de z jednoho bytu do druh\u00e9ho.<\/li>\n<li>Pros\u00edme optim\u00e1ln\u00ed pou\u017eit\u00ed klimatizace, a \u017e\u00e1d\u00e1me vypnout klimatizaci, pokud jsou otev\u0159en\u00e9 dve\u0159e anebo pokud nejste p\u0159\u00edtomen na ubytov\u00e1n\u00ed.<\/li>\n<li>D\u00e1v\u00e1me V\u00e1m k dispozici d\u0159evo a uhl\u00ed pot\u0159ebn\u00e9 pro grilov\u00e1n\u00ed. Po skon\u010den\u00ed grilov\u00e1n\u00ed pros\u00edme uklidit okol\u00ed grilu, uhasit popel a \u017ehav\u00e9 uhl\u00ed.<\/li>\n<li>Pros\u00edme hosty, aby \u0161kody a anom\u00e1lie, vznikl\u00e9 b\u011bhem dovolen\u00e9 na \u00fazem\u00ed ubytov\u00e1n\u00ed, okam\u017eit\u011b ohl\u00e1sili majitelovi bytov\u00e9ho domu.<\/li>\n<li>Host je povinen nahradit zp\u016fsobenou \u0161kodu majitelovi bytu.<\/li>\n<\/ul>\n<hr \/>\n<h2>Bezpe\u010dnost<\/h2>\n<ul>\n<li>Pros\u00edme p\u0159i odchodu z pokoje bezpe\u010dn\u011b zav\u0159\u00edt dve\u0159e a okna. Neneseme \u017e\u00e1dnou odpov\u011bdnost za kr\u00e1de\u017e a jak\u00e9koliv po\u0161kozen\u00ed osobn\u00edho majetku!<\/li>\n<li>Bez souhlasu majitele je zak\u00e1z\u00e1no pustit do interi\u00e9ru a exteri\u00e9ru are\u00e1lu ubytov\u00e1n\u00ed takov\u00e9 lidi, kte\u0159\u00ed nejsou zahl\u00e1\u0161en\u00ed jako host\u00e9 do tohoto ubytov\u00e1n\u00ed.<\/li>\n<li>Nen\u00ed dovoleno don\u00e9st na \u00fazem\u00ed ubytov\u00e1n\u00ed zbran\u011b, ho\u0159laviny anebo v\u00fdbu\u0161niny.<\/li>\n<li>Na ubytov\u00e1n\u00ed je zak\u00e1zan\u00e9 pou\u017eit\u00ed elektrick\u00e9ho za\u0159\u00edzen\u00ed, kter\u00e9 nepat\u0159\u00ed k ubytovac\u00ed jednotce, s v\u011bt\u0161\u00edm v\u00fdkonem ne\u017e 200 W.<\/li>\n<li>Po skon\u010den\u00ed grilov\u00e1n\u00ed, pros\u00edme uhasit popel a \u017ehav\u00e9 uhl\u00ed!<\/li>\n<\/ul>\n<hr \/>\n<h2>N\u00e1klady \/ platebn\u00ed podm\u00ednky<\/h2>\n<ul>\n<li>V cen\u011b ubytov\u00e1n\u00ed jsou zahrnut\u00e9 v\u0161echny re\u017eijn\u00ed n\u00e1klady, pou\u017eit\u00ed b\u00edl\u00fdch povlak\u016f, ru\u010dn\u00edk\u016f a z\u00e1v\u011bre\u010dn\u00fd \u00faklid.<\/li>\n<li>Zb\u00fdvaj\u00edc\u00ed \u010d\u00e1stka ze sumy za ubytov\u00e1n\u00ed mus\u00ed b\u00fdt uhrazena po p\u0159\u00edchodu. \u010c\u00e1stka z\u00e1lohy, poslan\u00e1 na konto majitele ubytov\u00e1n\u00ed, bude ode\u010dtena z celkov\u00e9 \u010d\u00e1stky.<\/li>\n<li>Rezerva\u010dn\u00ed \u010d\u00e1stka nebude zp\u011btn\u011b uhrazena.<\/li>\n<li>V p\u0159\u00edpad\u011b d\u0159\u00edv\u011bj\u0161\u00edho odjezdu p\u0159ed p\u016fvodn\u011b pl\u00e1novan\u00fdm term\u00ednem nebude vr\u00e1cena jak\u00e1koliv \u010d\u00e1stka ze sumy za ubytov\u00e1n\u00ed.<\/li>\n<\/ul>\n<p>D\u011bkujeme za pochopen\u00ed a p\u0159ejeme V\u00e1m p\u0159\u00edjemn\u00fd pobyt!<\/p>\n","protected":false},"excerpt":{"rendered":"<p>V\u00e1\u017een\u00ed host\u00e9! Pros\u00edme, p\u0159e\u010dt\u011bte si n\u00e1\u0161 dom\u00e1c\u00ed po\u0159\u00e1dek, abychom V\u00e1m mohli zajistit p\u0159\u00edjemnou dovolenou a aby nedoch\u00e1zelo k p\u0159\u00edpadn\u00fdm nedorozum\u011bn\u00edm. Po nedodr\u017een\u00ed dom\u00e1c\u00edho po\u0159\u00e1dku bude zru\u0161ena Va\u0161e rezervace a zaplacen\u00e1 suma za ubytov\u00e1n\u00ed nebude zp\u011btn\u011b uhrazena, bez ohledu na to, \u017ee d\u0159\u00edve opust\u00edte ubytov\u00e1n\u00ed. \ufeff P\u0159\u00edchod \/ odchod Ubytov\u00e1n\u00ed m\u016f\u017ee b\u00fdt obsazeno od 13:00 hodin. <a href=\"https:\/\/www.mariaapartman.hu\/cs\/domaci-poradek\/\" class=\"more-link\">&#8230;<\/a><\/p>\n","protected":false},"author":1,"featured_media":0,"parent":0,"menu_order":0,"comment_status":"closed","ping_status":"closed","template":"","meta":{"footnotes":""},"class_list":["post-1159","page","type-page","status-publish","hentry"],"yoast_head":"<!-- This site is optimized with the Yoast SEO plugin v27.5 - https:\/\/yoast.com\/product\/yoast-seo-wordpress\/ -->\n<title>Dom\u00e1c\u00ed po\u0159\u00e1dek &#187; M\u00e1ria Apartm\u00e1ny &#187; Zalakaros<\/title>\n<meta name=\"description\" content=\"Z\u00e1sadou spole\u010dnosti M\u00e1ria Apartmanok Zalakaros je poskytnout v\u00e1m p\u0159\u00edjemnou dovolenou a vyhnout se p\u0159\u00edpadn\u00fdm nedorozum\u011bn\u00edm.\" \/>\n<meta name=\"robots\" content=\"index, follow, max-snippet:-1, max-image-preview:large, max-video-preview:-1\" \/>\n<link rel=\"canonical\" href=\"https:\/\/www.mariaapartman.hu\/cs\/domaci-poradek\/\" \/>\n<meta property=\"og:locale\" content=\"cs_CZ\" \/>\n<meta property=\"og:type\" content=\"article\" \/>\n<meta property=\"og:title\" content=\"Dom\u00e1c\u00ed po\u0159\u00e1dek &#187; M\u00e1ria Apartm\u00e1ny &#187; Zalakaros\" \/>\n<meta property=\"og:description\" content=\"Z\u00e1sadou spole\u010dnosti M\u00e1ria Apartmanok Zalakaros je poskytnout v\u00e1m p\u0159\u00edjemnou dovolenou a vyhnout se p\u0159\u00edpadn\u00fdm nedorozum\u011bn\u00edm.\" \/>\n<meta property=\"og:url\" content=\"https:\/\/www.mariaapartman.hu\/cs\/domaci-poradek\/\" \/>\n<meta property=\"og:site_name\" content=\"M\u00e1ria Apartm\u00e1ny\" \/>\n<meta property=\"article:modified_time\" content=\"2022-06-15T15:26:58+00:00\" \/>\n<meta name=\"twitter:card\" content=\"summary_large_image\" \/>\n<meta name=\"twitter:label1\" content=\"Odhadovan\u00e1 doba \u010dten\u00ed\" \/>\n\t<meta name=\"twitter:data1\" content=\"4 minuty\" \/>\n<script type=\"application\/ld+json\" class=\"yoast-schema-graph\">{\"@context\":\"https:\\\/\\\/schema.org\",\"@graph\":[{\"@type\":\"WebPage\",\"@id\":\"https:\\\/\\\/www.mariaapartman.hu\\\/cs\\\/domaci-poradek\\\/\",\"url\":\"https:\\\/\\\/www.mariaapartman.hu\\\/cs\\\/domaci-poradek\\\/\",\"name\":\"Dom\u00e1c\u00ed po\u0159\u00e1dek &#187; M\u00e1ria Apartm\u00e1ny &#187; Zalakaros\",\"isPartOf\":{\"@id\":\"https:\\\/\\\/www.mariaapartman.hu\\\/cs\\\/#website\"},\"datePublished\":\"2021-03-16T16:41:17+00:00\",\"dateModified\":\"2022-06-15T15:26:58+00:00\",\"description\":\"Z\u00e1sadou spole\u010dnosti M\u00e1ria Apartmanok Zalakaros je poskytnout v\u00e1m p\u0159\u00edjemnou dovolenou a vyhnout se p\u0159\u00edpadn\u00fdm nedorozum\u011bn\u00edm.\",\"breadcrumb\":{\"@id\":\"https:\\\/\\\/www.mariaapartman.hu\\\/cs\\\/domaci-poradek\\\/#breadcrumb\"},\"inLanguage\":\"cs\",\"potentialAction\":[{\"@type\":\"ReadAction\",\"target\":[\"https:\\\/\\\/www.mariaapartman.hu\\\/cs\\\/domaci-poradek\\\/\"]}]},{\"@type\":\"BreadcrumbList\",\"@id\":\"https:\\\/\\\/www.mariaapartman.hu\\\/cs\\\/domaci-poradek\\\/#breadcrumb\",\"itemListElement\":[{\"@type\":\"ListItem\",\"position\":1,\"name\":\"Home\",\"item\":\"https:\\\/\\\/www.mariaapartman.hu\\\/cs\\\/\"},{\"@type\":\"ListItem\",\"position\":2,\"name\":\"Dom\u00e1c\u00ed po\u0159\u00e1dek\"}]},{\"@type\":\"WebSite\",\"@id\":\"https:\\\/\\\/www.mariaapartman.hu\\\/cs\\\/#website\",\"url\":\"https:\\\/\\\/www.mariaapartman.hu\\\/cs\\\/\",\"name\":\"M\u00e1ria Apartm\u00e1ny\",\"description\":\"\",\"publisher\":{\"@id\":\"https:\\\/\\\/www.mariaapartman.hu\\\/cs\\\/#organization\"},\"potentialAction\":[{\"@type\":\"SearchAction\",\"target\":{\"@type\":\"EntryPoint\",\"urlTemplate\":\"https:\\\/\\\/www.mariaapartman.hu\\\/cs\\\/?s={search_term_string}\"},\"query-input\":{\"@type\":\"PropertyValueSpecification\",\"valueRequired\":true,\"valueName\":\"search_term_string\"}}],\"inLanguage\":\"cs\"},{\"@type\":\"Organization\",\"@id\":\"https:\\\/\\\/www.mariaapartman.hu\\\/cs\\\/#organization\",\"name\":\"M\u00e1ria Apartm\u00e1ny Zalakaros\",\"url\":\"https:\\\/\\\/www.mariaapartman.hu\\\/cs\\\/\",\"logo\":{\"@type\":\"ImageObject\",\"inLanguage\":\"cs\",\"@id\":\"https:\\\/\\\/www.mariaapartman.hu\\\/cs\\\/#\\\/schema\\\/logo\\\/image\\\/\",\"url\":\"\",\"contentUrl\":\"\",\"caption\":\"M\u00e1ria Apartm\u00e1ny Zalakaros\"},\"image\":{\"@id\":\"https:\\\/\\\/www.mariaapartman.hu\\\/cs\\\/#\\\/schema\\\/logo\\\/image\\\/\"},\"sameAs\":[\"https:\\\/\\\/www.instagram.com\\\/mariaapartmanok\\\/\"]}]}<\/script>\n<!-- \/ Yoast SEO plugin. -->","yoast_head_json":{"title":"Dom\u00e1c\u00ed po\u0159\u00e1dek &#187; M\u00e1ria Apartm\u00e1ny &#187; Zalakaros","description":"Z\u00e1sadou spole\u010dnosti M\u00e1ria Apartmanok Zalakaros je poskytnout v\u00e1m p\u0159\u00edjemnou dovolenou a vyhnout se p\u0159\u00edpadn\u00fdm nedorozum\u011bn\u00edm.","robots":{"index":"index","follow":"follow","max-snippet":"max-snippet:-1","max-image-preview":"max-image-preview:large","max-video-preview":"max-video-preview:-1"},"canonical":"https:\/\/www.mariaapartman.hu\/cs\/domaci-poradek\/","og_locale":"cs_CZ","og_type":"article","og_title":"Dom\u00e1c\u00ed po\u0159\u00e1dek &#187; M\u00e1ria Apartm\u00e1ny &#187; Zalakaros","og_description":"Z\u00e1sadou spole\u010dnosti M\u00e1ria Apartmanok Zalakaros je poskytnout v\u00e1m p\u0159\u00edjemnou dovolenou a vyhnout se p\u0159\u00edpadn\u00fdm nedorozum\u011bn\u00edm.","og_url":"https:\/\/www.mariaapartman.hu\/cs\/domaci-poradek\/","og_site_name":"M\u00e1ria Apartm\u00e1ny","article_modified_time":"2022-06-15T15:26:58+00:00","twitter_card":"summary_large_image","twitter_misc":{"Odhadovan\u00e1 doba \u010dten\u00ed":"4 minuty"},"schema":{"@context":"https:\/\/schema.org","@graph":[{"@type":"WebPage","@id":"https:\/\/www.mariaapartman.hu\/cs\/domaci-poradek\/","url":"https:\/\/www.mariaapartman.hu\/cs\/domaci-poradek\/","name":"Dom\u00e1c\u00ed po\u0159\u00e1dek &#187; M\u00e1ria Apartm\u00e1ny &#187; Zalakaros","isPartOf":{"@id":"https:\/\/www.mariaapartman.hu\/cs\/#website"},"datePublished":"2021-03-16T16:41:17+00:00","dateModified":"2022-06-15T15:26:58+00:00","description":"Z\u00e1sadou spole\u010dnosti M\u00e1ria Apartmanok Zalakaros je poskytnout v\u00e1m p\u0159\u00edjemnou dovolenou a vyhnout se p\u0159\u00edpadn\u00fdm nedorozum\u011bn\u00edm.","breadcrumb":{"@id":"https:\/\/www.mariaapartman.hu\/cs\/domaci-poradek\/#breadcrumb"},"inLanguage":"cs","potentialAction":[{"@type":"ReadAction","target":["https:\/\/www.mariaapartman.hu\/cs\/domaci-poradek\/"]}]},{"@type":"BreadcrumbList","@id":"https:\/\/www.mariaapartman.hu\/cs\/domaci-poradek\/#breadcrumb","itemListElement":[{"@type":"ListItem","position":1,"name":"Home","item":"https:\/\/www.mariaapartman.hu\/cs\/"},{"@type":"ListItem","position":2,"name":"Dom\u00e1c\u00ed po\u0159\u00e1dek"}]},{"@type":"WebSite","@id":"https:\/\/www.mariaapartman.hu\/cs\/#website","url":"https:\/\/www.mariaapartman.hu\/cs\/","name":"M\u00e1ria Apartm\u00e1ny","description":"","publisher":{"@id":"https:\/\/www.mariaapartman.hu\/cs\/#organization"},"potentialAction":[{"@type":"SearchAction","target":{"@type":"EntryPoint","urlTemplate":"https:\/\/www.mariaapartman.hu\/cs\/?s={search_term_string}"},"query-input":{"@type":"PropertyValueSpecification","valueRequired":true,"valueName":"search_term_string"}}],"inLanguage":"cs"},{"@type":"Organization","@id":"https:\/\/www.mariaapartman.hu\/cs\/#organization","name":"M\u00e1ria Apartm\u00e1ny Zalakaros","url":"https:\/\/www.mariaapartman.hu\/cs\/","logo":{"@type":"ImageObject","inLanguage":"cs","@id":"https:\/\/www.mariaapartman.hu\/cs\/#\/schema\/logo\/image\/","url":"","contentUrl":"","caption":"M\u00e1ria Apartm\u00e1ny Zalakaros"},"image":{"@id":"https:\/\/www.mariaapartman.hu\/cs\/#\/schema\/logo\/image\/"},"sameAs":["https:\/\/www.instagram.com\/mariaapartmanok\/"]}]}},"_links":{"self":[{"href":"https:\/\/www.mariaapartman.hu\/cs\/wp-json\/wp\/v2\/pages\/1159","targetHints":{"allow":["GET"]}}],"collection":[{"href":"https:\/\/www.mariaapartman.hu\/cs\/wp-json\/wp\/v2\/pages"}],"about":[{"href":"https:\/\/www.mariaapartman.hu\/cs\/wp-json\/wp\/v2\/types\/page"}],"author":[{"embeddable":true,"href":"https:\/\/www.mariaapartman.hu\/cs\/wp-json\/wp\/v2\/users\/1"}],"replies":[{"embeddable":true,"href":"https:\/\/www.mariaapartman.hu\/cs\/wp-json\/wp\/v2\/comments?post=1159"}],"version-history":[{"count":0,"href":"https:\/\/www.mariaapartman.hu\/cs\/wp-json\/wp\/v2\/pages\/1159\/revisions"}],"wp:attachment":[{"href":"https:\/\/www.mariaapartman.hu\/cs\/wp-json\/wp\/v2\/media?parent=1159"}],"curies":[{"name":"wp","href":"https:\/\/api.w.org\/{rel}","templated":true}]}}