{"id":1160,"date":"2021-03-17T06:44:55","date_gmt":"2021-03-17T06:44:55","guid":{"rendered":"https:\/\/www.mariaapartman.hu\/?page_id=1160"},"modified":"2022-06-15T18:43:44","modified_gmt":"2022-06-15T18:43:44","slug":"kontakt","status":"publish","type":"page","link":"https:\/\/www.mariaapartman.hu\/cs\/kontakt\/","title":{"rendered":"Kontakt"},"content":{"rendered":"<h2>Vzd\u00e1lenosti od ubytov\u00e1n\u00ed<\/h2>\n<ul>\n<li>L\u00e9\u010debn\u00e9 a z\u00e1\u017eitkov\u00e9 l\u00e1zn\u011b 150-200m,<\/li>\n<li>Obchody se sm\u00ed\u0161en\u00fdm zbo\u017e\u00edmml00-500m,<\/li>\n<li><span class=\"VIiyi\" lang=\"cs\"><span class=\"JLqJ4b ChMk0b\" data-language-for-alternatives=\"cs\" data-language-to-translate-into=\"hu\" data-phrase-index=\"0\"><a href=\"http:\/\/friskopanzio.hu\/en\">Restaurace a j\u00eddelny v Zalakarosu<\/a> 200-500 m,<\/span><\/span><\/li>\n<li>Sportovn\u00ed are\u00e1l 300m,<\/li>\n<li>Park a lesy v okol\u00ed 400m,<\/li>\n<li>Letn\u00ed kino 600m,<\/li>\n<li>St\u00e1nky s oble\u010den\u00edm a tr\u017enice 600m,<\/li>\n<li>Buvol\u00ed farma Zalakom\u00e1r 9 km,<\/li>\n<li>Mal\u00fd Balaton 20km,<\/li>\n<li>Mo\u017enost ryba\u0159en\u00ed 5-30 km,<\/li>\n<li>D\u011btsk\u00fd z\u00e1bavn\u00ed park Zalaszabar 12 km,<\/li>\n<li>Fenyvespuszta\/zde mohou d\u011bti hladit zv\u00ed\u0159ata\/15km\/viz webov\u00e9 str\/,<\/li>\n<li>M\u011bsto Nagykanizsa 15km,<\/li>\n<li>M\u011bsto H\u00e9v\u00edz,Keszthely 35km<\/li>\n<\/ul>\n","protected":false},"excerpt":{"rendered":"<p>Vzd\u00e1lenosti od ubytov\u00e1n\u00ed L\u00e9\u010debn\u00e9 a z\u00e1\u017eitkov\u00e9 l\u00e1zn\u011b 150-200m, Obchody se sm\u00ed\u0161en\u00fdm zbo\u017e\u00edmml00-500m, Restaurace a j\u00eddelny v Zalakarosu 200-500 m, Sportovn\u00ed are\u00e1l 300m, Park a lesy v okol\u00ed 400m, Letn\u00ed kino 600m, St\u00e1nky s oble\u010den\u00edm a tr\u017enice 600m, Buvol\u00ed farma Zalakom\u00e1r 9 km, Mal\u00fd Balaton 20km, Mo\u017enost ryba\u0159en\u00ed 5-30 km, D\u011btsk\u00fd z\u00e1bavn\u00ed park Zalaszabar 12 km, <a href=\"https:\/\/www.mariaapartman.hu\/cs\/kontakt\/\" class=\"more-link\">&#8230;<\/a><\/p>\n","protected":false},"author":1,"featured_media":0,"parent":0,"menu_order":0,"comment_status":"closed","ping_status":"closed","template":"template-kapcsolat.php","meta":{"footnotes":""},"class_list":["post-1160","page","type-page","status-publish","hentry"],"yoast_head":"<!-- This site is optimized with the Yoast SEO plugin v26.7 - https:\/\/yoast.com\/wordpress\/plugins\/seo\/ -->\n<title>Kontakt &#187; Ubytov\u00e1n\u00ed v Zalakaros &#187; M\u00e1ria Apartm\u00e1ny &#187; Zalakaros<\/title>\n<meta name=\"description\" content=\"Um\u00edst\u011bn\u00ed a kontaktn\u00ed \u00fadaje M\u00e1ria Apartmanok Zalakaros. Pokud m\u00e1te n\u011bjak\u00e9 dotazy, nev\u00e1hejte hledat!\" \/>\n<meta name=\"robots\" content=\"index, follow, max-snippet:-1, max-image-preview:large, max-video-preview:-1\" \/>\n<link rel=\"canonical\" href=\"https:\/\/www.mariaapartman.hu\/cs\/kontakt\/\" \/>\n<meta property=\"og:locale\" content=\"cs_CZ\" \/>\n<meta property=\"og:type\" content=\"article\" \/>\n<meta property=\"og:title\" content=\"Kontakt &#187; Ubytov\u00e1n\u00ed v Zalakaros &#187; M\u00e1ria Apartm\u00e1ny &#187; Zalakaros\" \/>\n<meta property=\"og:description\" content=\"Um\u00edst\u011bn\u00ed a kontaktn\u00ed \u00fadaje M\u00e1ria Apartmanok Zalakaros. Pokud m\u00e1te n\u011bjak\u00e9 dotazy, nev\u00e1hejte hledat!\" \/>\n<meta property=\"og:url\" content=\"https:\/\/www.mariaapartman.hu\/cs\/kontakt\/\" \/>\n<meta property=\"og:site_name\" content=\"M\u00e1ria Apartm\u00e1ny\" \/>\n<meta property=\"article:modified_time\" content=\"2022-06-15T18:43:44+00:00\" \/>\n<meta name=\"twitter:card\" content=\"summary_large_image\" \/>\n<meta name=\"twitter:label1\" content=\"Odhadovan\u00e1 doba \u010dten\u00ed\" \/>\n\t<meta name=\"twitter:data1\" content=\"1 minuta\" \/>\n<script type=\"application\/ld+json\" class=\"yoast-schema-graph\">{\"@context\":\"https:\/\/schema.org\",\"@graph\":[{\"@type\":\"WebPage\",\"@id\":\"https:\/\/www.mariaapartman.hu\/cs\/kontakt\/\",\"url\":\"https:\/\/www.mariaapartman.hu\/cs\/kontakt\/\",\"name\":\"Kontakt &#187; Ubytov\u00e1n\u00ed v Zalakaros &#187; M\u00e1ria Apartm\u00e1ny &#187; Zalakaros\",\"isPartOf\":{\"@id\":\"https:\/\/www.mariaapartman.hu\/cs\/#website\"},\"datePublished\":\"2021-03-17T06:44:55+00:00\",\"dateModified\":\"2022-06-15T18:43:44+00:00\",\"description\":\"Um\u00edst\u011bn\u00ed a kontaktn\u00ed \u00fadaje M\u00e1ria Apartmanok Zalakaros. Pokud m\u00e1te n\u011bjak\u00e9 dotazy, nev\u00e1hejte hledat!\",\"breadcrumb\":{\"@id\":\"https:\/\/www.mariaapartman.hu\/cs\/kontakt\/#breadcrumb\"},\"inLanguage\":\"cs\",\"potentialAction\":[{\"@type\":\"ReadAction\",\"target\":[\"https:\/\/www.mariaapartman.hu\/cs\/kontakt\/\"]}]},{\"@type\":\"BreadcrumbList\",\"@id\":\"https:\/\/www.mariaapartman.hu\/cs\/kontakt\/#breadcrumb\",\"itemListElement\":[{\"@type\":\"ListItem\",\"position\":1,\"name\":\"Home\",\"item\":\"https:\/\/www.mariaapartman.hu\/cs\/\"},{\"@type\":\"ListItem\",\"position\":2,\"name\":\"Kontakt\"}]},{\"@type\":\"WebSite\",\"@id\":\"https:\/\/www.mariaapartman.hu\/cs\/#website\",\"url\":\"https:\/\/www.mariaapartman.hu\/cs\/\",\"name\":\"M\u00e1ria Apartm\u00e1ny\",\"description\":\"\",\"publisher\":{\"@id\":\"https:\/\/www.mariaapartman.hu\/cs\/#organization\"},\"potentialAction\":[{\"@type\":\"SearchAction\",\"target\":{\"@type\":\"EntryPoint\",\"urlTemplate\":\"https:\/\/www.mariaapartman.hu\/cs\/?s={search_term_string}\"},\"query-input\":{\"@type\":\"PropertyValueSpecification\",\"valueRequired\":true,\"valueName\":\"search_term_string\"}}],\"inLanguage\":\"cs\"},{\"@type\":\"Organization\",\"@id\":\"https:\/\/www.mariaapartman.hu\/cs\/#organization\",\"name\":\"M\u00e1ria Apartm\u00e1ny Zalakaros\",\"url\":\"https:\/\/www.mariaapartman.hu\/cs\/\",\"logo\":{\"@type\":\"ImageObject\",\"inLanguage\":\"cs\",\"@id\":\"https:\/\/www.mariaapartman.hu\/cs\/#\/schema\/logo\/image\/\",\"url\":\"\",\"contentUrl\":\"\",\"caption\":\"M\u00e1ria Apartm\u00e1ny Zalakaros\"},\"image\":{\"@id\":\"https:\/\/www.mariaapartman.hu\/cs\/#\/schema\/logo\/image\/\"},\"sameAs\":[\"https:\/\/www.instagram.com\/mariaapartmanok\/\"]}]}<\/script>\n<!-- \/ Yoast SEO plugin. -->","yoast_head_json":{"title":"Kontakt &#187; Ubytov\u00e1n\u00ed v Zalakaros &#187; M\u00e1ria Apartm\u00e1ny &#187; Zalakaros","description":"Um\u00edst\u011bn\u00ed a kontaktn\u00ed \u00fadaje M\u00e1ria Apartmanok Zalakaros. Pokud m\u00e1te n\u011bjak\u00e9 dotazy, nev\u00e1hejte hledat!","robots":{"index":"index","follow":"follow","max-snippet":"max-snippet:-1","max-image-preview":"max-image-preview:large","max-video-preview":"max-video-preview:-1"},"canonical":"https:\/\/www.mariaapartman.hu\/cs\/kontakt\/","og_locale":"cs_CZ","og_type":"article","og_title":"Kontakt &#187; Ubytov\u00e1n\u00ed v Zalakaros &#187; M\u00e1ria Apartm\u00e1ny &#187; Zalakaros","og_description":"Um\u00edst\u011bn\u00ed a kontaktn\u00ed \u00fadaje M\u00e1ria Apartmanok Zalakaros. Pokud m\u00e1te n\u011bjak\u00e9 dotazy, nev\u00e1hejte hledat!","og_url":"https:\/\/www.mariaapartman.hu\/cs\/kontakt\/","og_site_name":"M\u00e1ria Apartm\u00e1ny","article_modified_time":"2022-06-15T18:43:44+00:00","twitter_card":"summary_large_image","twitter_misc":{"Odhadovan\u00e1 doba \u010dten\u00ed":"1 minuta"},"schema":{"@context":"https:\/\/schema.org","@graph":[{"@type":"WebPage","@id":"https:\/\/www.mariaapartman.hu\/cs\/kontakt\/","url":"https:\/\/www.mariaapartman.hu\/cs\/kontakt\/","name":"Kontakt &#187; Ubytov\u00e1n\u00ed v Zalakaros &#187; M\u00e1ria Apartm\u00e1ny &#187; Zalakaros","isPartOf":{"@id":"https:\/\/www.mariaapartman.hu\/cs\/#website"},"datePublished":"2021-03-17T06:44:55+00:00","dateModified":"2022-06-15T18:43:44+00:00","description":"Um\u00edst\u011bn\u00ed a kontaktn\u00ed \u00fadaje M\u00e1ria Apartmanok Zalakaros. Pokud m\u00e1te n\u011bjak\u00e9 dotazy, nev\u00e1hejte hledat!","breadcrumb":{"@id":"https:\/\/www.mariaapartman.hu\/cs\/kontakt\/#breadcrumb"},"inLanguage":"cs","potentialAction":[{"@type":"ReadAction","target":["https:\/\/www.mariaapartman.hu\/cs\/kontakt\/"]}]},{"@type":"BreadcrumbList","@id":"https:\/\/www.mariaapartman.hu\/cs\/kontakt\/#breadcrumb","itemListElement":[{"@type":"ListItem","position":1,"name":"Home","item":"https:\/\/www.mariaapartman.hu\/cs\/"},{"@type":"ListItem","position":2,"name":"Kontakt"}]},{"@type":"WebSite","@id":"https:\/\/www.mariaapartman.hu\/cs\/#website","url":"https:\/\/www.mariaapartman.hu\/cs\/","name":"M\u00e1ria Apartm\u00e1ny","description":"","publisher":{"@id":"https:\/\/www.mariaapartman.hu\/cs\/#organization"},"potentialAction":[{"@type":"SearchAction","target":{"@type":"EntryPoint","urlTemplate":"https:\/\/www.mariaapartman.hu\/cs\/?s={search_term_string}"},"query-input":{"@type":"PropertyValueSpecification","valueRequired":true,"valueName":"search_term_string"}}],"inLanguage":"cs"},{"@type":"Organization","@id":"https:\/\/www.mariaapartman.hu\/cs\/#organization","name":"M\u00e1ria Apartm\u00e1ny Zalakaros","url":"https:\/\/www.mariaapartman.hu\/cs\/","logo":{"@type":"ImageObject","inLanguage":"cs","@id":"https:\/\/www.mariaapartman.hu\/cs\/#\/schema\/logo\/image\/","url":"","contentUrl":"","caption":"M\u00e1ria Apartm\u00e1ny Zalakaros"},"image":{"@id":"https:\/\/www.mariaapartman.hu\/cs\/#\/schema\/logo\/image\/"},"sameAs":["https:\/\/www.instagram.com\/mariaapartmanok\/"]}]}},"_links":{"self":[{"href":"https:\/\/www.mariaapartman.hu\/cs\/wp-json\/wp\/v2\/pages\/1160","targetHints":{"allow":["GET"]}}],"collection":[{"href":"https:\/\/www.mariaapartman.hu\/cs\/wp-json\/wp\/v2\/pages"}],"about":[{"href":"https:\/\/www.mariaapartman.hu\/cs\/wp-json\/wp\/v2\/types\/page"}],"author":[{"embeddable":true,"href":"https:\/\/www.mariaapartman.hu\/cs\/wp-json\/wp\/v2\/users\/1"}],"replies":[{"embeddable":true,"href":"https:\/\/www.mariaapartman.hu\/cs\/wp-json\/wp\/v2\/comments?post=1160"}],"version-history":[{"count":0,"href":"https:\/\/www.mariaapartman.hu\/cs\/wp-json\/wp\/v2\/pages\/1160\/revisions"}],"wp:attachment":[{"href":"https:\/\/www.mariaapartman.hu\/cs\/wp-json\/wp\/v2\/media?parent=1160"}],"curies":[{"name":"wp","href":"https:\/\/api.w.org\/{rel}","templated":true}]}}