{"id":1173,"date":"2021-03-17T07:24:32","date_gmt":"2021-03-17T07:24:32","guid":{"rendered":"https:\/\/www.mariaapartman.hu\/?page_id=1173"},"modified":"2022-06-15T18:47:16","modified_gmt":"2022-06-15T18:47:16","slug":"mapa","status":"publish","type":"page","link":"https:\/\/www.mariaapartman.hu\/cs\/mapa\/","title":{"rendered":"Mapa"},"content":{"rendered":"<p style=\"text-align: center;\">Apartm\u00e1nov\u00e9 domy M\u00e1ria Apartmanok v Zalakarosu se nach\u00e1zej\u00ed v bl\u00edzkosti l\u00e1ze\u0148sk\u00fdch a z\u00e1\u017eitkov\u00fdch l\u00e1zn\u00ed.<\/p>\n<p>&nbsp;<\/p>\n<p><iframe loading=\"lazy\" style=\"border: 0;\" src=\"https:\/\/www.google.com\/maps\/embed?pb=!1m28!1m12!1m3!1d2743.9795991071333!2d17.121074315593997!3d46.54809037912857!2m3!1f0!2f0!3f0!3m2!1i1024!2i768!4f13.1!4m13!3e6!4m5!1s0x4768edfdeec94da9%3A0xc1fef29bc8d04ef5!2zR3LDoW5pdCBHecOzZ3lmw7xyZMWRIFphbGFrYXJvcywgWmFsYWthcm9zLCBUZXJtw6FsIMO6dCA0LCA4NzQ5!3m2!1d46.547822599999996!2d17.124816499999998!4m5!1s0x4768edfd6679997d%3A0xa322c6770269b2f8!2sZalakaros%2C+M%C3%A1ria+Apartman+Zalakaros%2C+Kanicai+%C3%BAt+5%2C+8749!3m2!1d46.5474884!2d17.121709499999998!5e0!3m2!1shu!2shu!4v1511433215560\" width=\"100%\" height=\"600\" frameborder=\"0\" allowfullscreen=\"allowfullscreen\"><span data-mce-type=\"bookmark\" style=\"display: inline-block; width: 0px; overflow: hidden; line-height: 0;\" class=\"mce_SELRES_start\">\ufeff<\/span><\/iframe><\/p>\n","protected":false},"excerpt":{"rendered":"<p>Apartm\u00e1nov\u00e9 domy M\u00e1ria Apartmanok v Zalakarosu se nach\u00e1zej\u00ed v bl\u00edzkosti l\u00e1ze\u0148sk\u00fdch a z\u00e1\u017eitkov\u00fdch l\u00e1zn\u00ed. &nbsp; \ufeff<\/p>\n","protected":false},"author":1,"featured_media":0,"parent":0,"menu_order":0,"comment_status":"closed","ping_status":"closed","template":"","meta":{"footnotes":""},"class_list":["post-1173","page","type-page","status-publish","hentry"],"yoast_head":"<!-- This site is optimized with the Yoast SEO plugin v26.7 - https:\/\/yoast.com\/wordpress\/plugins\/seo\/ -->\n<title>Na\u0161e ubytov\u00e1n\u00ed na map\u011b &#187; Mapa &#187; M\u00e1ria Apartm\u00e1ny &#187; Zalakaros<\/title>\n<meta name=\"description\" content=\"Apartm\u00e1nov\u00e9 domy M\u00e1ria Apartmanok v Zalakarosu se nach\u00e1zej\u00ed v bl\u00edzkosti l\u00e1zn\u00ed a z\u00e1\u017eitkov\u00fdch l\u00e1zn\u00ed Zalakaros. Pod\u00edvejte se na mapu zde!\" \/>\n<meta name=\"robots\" content=\"index, follow, max-snippet:-1, max-image-preview:large, max-video-preview:-1\" \/>\n<link rel=\"canonical\" href=\"https:\/\/www.mariaapartman.hu\/cs\/mapa\/\" \/>\n<meta property=\"og:locale\" content=\"cs_CZ\" \/>\n<meta property=\"og:type\" content=\"article\" \/>\n<meta property=\"og:title\" content=\"Na\u0161e ubytov\u00e1n\u00ed na map\u011b &#187; Mapa &#187; M\u00e1ria Apartm\u00e1ny &#187; Zalakaros\" \/>\n<meta property=\"og:description\" content=\"Apartm\u00e1nov\u00e9 domy M\u00e1ria Apartmanok v Zalakarosu se nach\u00e1zej\u00ed v bl\u00edzkosti l\u00e1zn\u00ed a z\u00e1\u017eitkov\u00fdch l\u00e1zn\u00ed Zalakaros. Pod\u00edvejte se na mapu zde!\" \/>\n<meta property=\"og:url\" content=\"https:\/\/www.mariaapartman.hu\/cs\/mapa\/\" \/>\n<meta property=\"og:site_name\" content=\"M\u00e1ria Apartm\u00e1ny\" \/>\n<meta property=\"article:modified_time\" content=\"2022-06-15T18:47:16+00:00\" \/>\n<meta name=\"twitter:card\" content=\"summary_large_image\" \/>\n<script type=\"application\/ld+json\" class=\"yoast-schema-graph\">{\"@context\":\"https:\/\/schema.org\",\"@graph\":[{\"@type\":\"WebPage\",\"@id\":\"https:\/\/www.mariaapartman.hu\/cs\/mapa\/\",\"url\":\"https:\/\/www.mariaapartman.hu\/cs\/mapa\/\",\"name\":\"Na\u0161e ubytov\u00e1n\u00ed na map\u011b &#187; Mapa &#187; M\u00e1ria Apartm\u00e1ny &#187; Zalakaros\",\"isPartOf\":{\"@id\":\"https:\/\/www.mariaapartman.hu\/cs\/#website\"},\"datePublished\":\"2021-03-17T07:24:32+00:00\",\"dateModified\":\"2022-06-15T18:47:16+00:00\",\"description\":\"Apartm\u00e1nov\u00e9 domy M\u00e1ria Apartmanok v Zalakarosu se nach\u00e1zej\u00ed v bl\u00edzkosti l\u00e1zn\u00ed a z\u00e1\u017eitkov\u00fdch l\u00e1zn\u00ed Zalakaros. Pod\u00edvejte se na mapu zde!\",\"breadcrumb\":{\"@id\":\"https:\/\/www.mariaapartman.hu\/cs\/mapa\/#breadcrumb\"},\"inLanguage\":\"cs\",\"potentialAction\":[{\"@type\":\"ReadAction\",\"target\":[\"https:\/\/www.mariaapartman.hu\/cs\/mapa\/\"]}]},{\"@type\":\"BreadcrumbList\",\"@id\":\"https:\/\/www.mariaapartman.hu\/cs\/mapa\/#breadcrumb\",\"itemListElement\":[{\"@type\":\"ListItem\",\"position\":1,\"name\":\"Home\",\"item\":\"https:\/\/www.mariaapartman.hu\/cs\/\"},{\"@type\":\"ListItem\",\"position\":2,\"name\":\"Mapa\"}]},{\"@type\":\"WebSite\",\"@id\":\"https:\/\/www.mariaapartman.hu\/cs\/#website\",\"url\":\"https:\/\/www.mariaapartman.hu\/cs\/\",\"name\":\"M\u00e1ria Apartm\u00e1ny\",\"description\":\"\",\"publisher\":{\"@id\":\"https:\/\/www.mariaapartman.hu\/cs\/#organization\"},\"potentialAction\":[{\"@type\":\"SearchAction\",\"target\":{\"@type\":\"EntryPoint\",\"urlTemplate\":\"https:\/\/www.mariaapartman.hu\/cs\/?s={search_term_string}\"},\"query-input\":{\"@type\":\"PropertyValueSpecification\",\"valueRequired\":true,\"valueName\":\"search_term_string\"}}],\"inLanguage\":\"cs\"},{\"@type\":\"Organization\",\"@id\":\"https:\/\/www.mariaapartman.hu\/cs\/#organization\",\"name\":\"M\u00e1ria Apartm\u00e1ny Zalakaros\",\"url\":\"https:\/\/www.mariaapartman.hu\/cs\/\",\"logo\":{\"@type\":\"ImageObject\",\"inLanguage\":\"cs\",\"@id\":\"https:\/\/www.mariaapartman.hu\/cs\/#\/schema\/logo\/image\/\",\"url\":\"\",\"contentUrl\":\"\",\"caption\":\"M\u00e1ria Apartm\u00e1ny Zalakaros\"},\"image\":{\"@id\":\"https:\/\/www.mariaapartman.hu\/cs\/#\/schema\/logo\/image\/\"},\"sameAs\":[\"https:\/\/www.instagram.com\/mariaapartmanok\/\"]}]}<\/script>\n<!-- \/ Yoast SEO plugin. -->","yoast_head_json":{"title":"Na\u0161e ubytov\u00e1n\u00ed na map\u011b &#187; Mapa &#187; M\u00e1ria Apartm\u00e1ny &#187; Zalakaros","description":"Apartm\u00e1nov\u00e9 domy M\u00e1ria Apartmanok v Zalakarosu se nach\u00e1zej\u00ed v bl\u00edzkosti l\u00e1zn\u00ed a z\u00e1\u017eitkov\u00fdch l\u00e1zn\u00ed Zalakaros. Pod\u00edvejte se na mapu zde!","robots":{"index":"index","follow":"follow","max-snippet":"max-snippet:-1","max-image-preview":"max-image-preview:large","max-video-preview":"max-video-preview:-1"},"canonical":"https:\/\/www.mariaapartman.hu\/cs\/mapa\/","og_locale":"cs_CZ","og_type":"article","og_title":"Na\u0161e ubytov\u00e1n\u00ed na map\u011b &#187; Mapa &#187; M\u00e1ria Apartm\u00e1ny &#187; Zalakaros","og_description":"Apartm\u00e1nov\u00e9 domy M\u00e1ria Apartmanok v Zalakarosu se nach\u00e1zej\u00ed v bl\u00edzkosti l\u00e1zn\u00ed a z\u00e1\u017eitkov\u00fdch l\u00e1zn\u00ed Zalakaros. Pod\u00edvejte se na mapu zde!","og_url":"https:\/\/www.mariaapartman.hu\/cs\/mapa\/","og_site_name":"M\u00e1ria Apartm\u00e1ny","article_modified_time":"2022-06-15T18:47:16+00:00","twitter_card":"summary_large_image","schema":{"@context":"https:\/\/schema.org","@graph":[{"@type":"WebPage","@id":"https:\/\/www.mariaapartman.hu\/cs\/mapa\/","url":"https:\/\/www.mariaapartman.hu\/cs\/mapa\/","name":"Na\u0161e ubytov\u00e1n\u00ed na map\u011b &#187; Mapa &#187; M\u00e1ria Apartm\u00e1ny &#187; Zalakaros","isPartOf":{"@id":"https:\/\/www.mariaapartman.hu\/cs\/#website"},"datePublished":"2021-03-17T07:24:32+00:00","dateModified":"2022-06-15T18:47:16+00:00","description":"Apartm\u00e1nov\u00e9 domy M\u00e1ria Apartmanok v Zalakarosu se nach\u00e1zej\u00ed v bl\u00edzkosti l\u00e1zn\u00ed a z\u00e1\u017eitkov\u00fdch l\u00e1zn\u00ed Zalakaros. Pod\u00edvejte se na mapu zde!","breadcrumb":{"@id":"https:\/\/www.mariaapartman.hu\/cs\/mapa\/#breadcrumb"},"inLanguage":"cs","potentialAction":[{"@type":"ReadAction","target":["https:\/\/www.mariaapartman.hu\/cs\/mapa\/"]}]},{"@type":"BreadcrumbList","@id":"https:\/\/www.mariaapartman.hu\/cs\/mapa\/#breadcrumb","itemListElement":[{"@type":"ListItem","position":1,"name":"Home","item":"https:\/\/www.mariaapartman.hu\/cs\/"},{"@type":"ListItem","position":2,"name":"Mapa"}]},{"@type":"WebSite","@id":"https:\/\/www.mariaapartman.hu\/cs\/#website","url":"https:\/\/www.mariaapartman.hu\/cs\/","name":"M\u00e1ria Apartm\u00e1ny","description":"","publisher":{"@id":"https:\/\/www.mariaapartman.hu\/cs\/#organization"},"potentialAction":[{"@type":"SearchAction","target":{"@type":"EntryPoint","urlTemplate":"https:\/\/www.mariaapartman.hu\/cs\/?s={search_term_string}"},"query-input":{"@type":"PropertyValueSpecification","valueRequired":true,"valueName":"search_term_string"}}],"inLanguage":"cs"},{"@type":"Organization","@id":"https:\/\/www.mariaapartman.hu\/cs\/#organization","name":"M\u00e1ria Apartm\u00e1ny Zalakaros","url":"https:\/\/www.mariaapartman.hu\/cs\/","logo":{"@type":"ImageObject","inLanguage":"cs","@id":"https:\/\/www.mariaapartman.hu\/cs\/#\/schema\/logo\/image\/","url":"","contentUrl":"","caption":"M\u00e1ria Apartm\u00e1ny Zalakaros"},"image":{"@id":"https:\/\/www.mariaapartman.hu\/cs\/#\/schema\/logo\/image\/"},"sameAs":["https:\/\/www.instagram.com\/mariaapartmanok\/"]}]}},"_links":{"self":[{"href":"https:\/\/www.mariaapartman.hu\/cs\/wp-json\/wp\/v2\/pages\/1173","targetHints":{"allow":["GET"]}}],"collection":[{"href":"https:\/\/www.mariaapartman.hu\/cs\/wp-json\/wp\/v2\/pages"}],"about":[{"href":"https:\/\/www.mariaapartman.hu\/cs\/wp-json\/wp\/v2\/types\/page"}],"author":[{"embeddable":true,"href":"https:\/\/www.mariaapartman.hu\/cs\/wp-json\/wp\/v2\/users\/1"}],"replies":[{"embeddable":true,"href":"https:\/\/www.mariaapartman.hu\/cs\/wp-json\/wp\/v2\/comments?post=1173"}],"version-history":[{"count":0,"href":"https:\/\/www.mariaapartman.hu\/cs\/wp-json\/wp\/v2\/pages\/1173\/revisions"}],"wp:attachment":[{"href":"https:\/\/www.mariaapartman.hu\/cs\/wp-json\/wp\/v2\/media?parent=1173"}],"curies":[{"name":"wp","href":"https:\/\/api.w.org\/{rel}","templated":true}]}}