{"id":1217,"date":"2021-03-17T08:25:46","date_gmt":"2021-03-17T08:25:46","guid":{"rendered":"https:\/\/www.mariaapartman.hu\/?page_id=1217"},"modified":"2022-06-15T15:19:23","modified_gmt":"2022-06-15T15:19:23","slug":"akce","status":"publish","type":"page","link":"https:\/\/www.mariaapartman.hu\/cs\/akce\/","title":{"rendered":"Akce"},"content":{"rendered":"<h2>Akce na ubytov\u00e1n\u00ed v Zalakaro\u0161i<\/h2>\n<p><img loading=\"lazy\" decoding=\"async\" class=\"alignright size-medium wp-image-1376\" src=\"https:\/\/www.mariaapartman.hu\/files\/10-300x195.jpg\" alt=\"\" width=\"300\" height=\"195\" srcset=\"https:\/\/www.mariaapartman.hu\/files\/10-300x195.jpg 300w, https:\/\/www.mariaapartman.hu\/files\/10-500x325.jpg 500w, https:\/\/www.mariaapartman.hu\/files\/10.jpg 859w\" sizes=\"auto, (max-width: 300px) 100vw, 300px\" \/>V\u00e1\u017een\u00ed klienti!<\/p>\n<p><a href=\"https:\/\/www.mariaapartman.hu\/cs\/\">Maria apartm\u00e1ny<\/a> nab\u00edz\u00ed v ur\u010dit\u00fdch obdob\u00edch a\u017e 10% slevu z ceny ubyto v\u00e1n\u00ed. Tato slevov\u00e1 nab\u00eddka plat\u00ed pro internetov\u00e9 rezervace pobyt\u016f o minim\u00e1ln\u00ed d\u00e9lce 4 noci.<\/p>\n","protected":false},"excerpt":{"rendered":"<p>Akce na ubytov\u00e1n\u00ed v Zalakaro\u0161i V\u00e1\u017een\u00ed klienti! Maria apartm\u00e1ny nab\u00edz\u00ed v ur\u010dit\u00fdch obdob\u00edch a\u017e 10% slevu z ceny ubyto v\u00e1n\u00ed. Tato slevov\u00e1 nab\u00eddka plat\u00ed pro internetov\u00e9 rezervace pobyt\u016f o minim\u00e1ln\u00ed d\u00e9lce 4 noci.<\/p>\n","protected":false},"author":1,"featured_media":0,"parent":0,"menu_order":0,"comment_status":"closed","ping_status":"closed","template":"","meta":{"footnotes":""},"class_list":["post-1217","page","type-page","status-publish","hentry"],"yoast_head":"<!-- This site is optimized with the Yoast SEO plugin v26.7 - https:\/\/yoast.com\/wordpress\/plugins\/seo\/ -->\n<title>Zv\u00fdhodn\u011bn\u00e9 ubytov\u00e1n\u00ed v Zalakarosu &#187; Akce &#187; M\u00e1ria Apartm\u00e1ny &#187; Zalakaros<\/title>\n<meta name=\"description\" content=\"Zv\u00fdhodn\u011bn\u00e9 ubytov\u00e1n\u00ed v Zalakaros by M\u00e1ria Apartmanok Zalakaros. P\u0159e\u010dt\u011bte si na\u0161i aktu\u00e1ln\u00ed nab\u00eddku, rezervujte si ubytov\u00e1n\u00ed ji\u017e nyn\u00ed!\" \/>\n<meta name=\"robots\" content=\"index, follow, max-snippet:-1, max-image-preview:large, max-video-preview:-1\" \/>\n<link rel=\"canonical\" href=\"https:\/\/www.mariaapartman.hu\/cs\/akce\/\" \/>\n<meta property=\"og:locale\" content=\"cs_CZ\" \/>\n<meta property=\"og:type\" content=\"article\" \/>\n<meta property=\"og:title\" content=\"Zv\u00fdhodn\u011bn\u00e9 ubytov\u00e1n\u00ed v Zalakarosu &#187; Akce &#187; M\u00e1ria Apartm\u00e1ny &#187; Zalakaros\" \/>\n<meta property=\"og:description\" content=\"Zv\u00fdhodn\u011bn\u00e9 ubytov\u00e1n\u00ed v Zalakaros by M\u00e1ria Apartmanok Zalakaros. P\u0159e\u010dt\u011bte si na\u0161i aktu\u00e1ln\u00ed nab\u00eddku, rezervujte si ubytov\u00e1n\u00ed ji\u017e nyn\u00ed!\" \/>\n<meta property=\"og:url\" content=\"https:\/\/www.mariaapartman.hu\/cs\/akce\/\" \/>\n<meta property=\"og:site_name\" content=\"M\u00e1ria Apartm\u00e1ny\" \/>\n<meta property=\"article:modified_time\" content=\"2022-06-15T15:19:23+00:00\" \/>\n<meta property=\"og:image\" content=\"https:\/\/www.mariaapartman.hu\/files\/10-300x195.jpg\" \/>\n<meta name=\"twitter:card\" content=\"summary_large_image\" \/>\n<meta name=\"twitter:label1\" content=\"Odhadovan\u00e1 doba \u010dten\u00ed\" \/>\n\t<meta name=\"twitter:data1\" content=\"1 minuta\" \/>\n<script type=\"application\/ld+json\" class=\"yoast-schema-graph\">{\"@context\":\"https:\/\/schema.org\",\"@graph\":[{\"@type\":\"WebPage\",\"@id\":\"https:\/\/www.mariaapartman.hu\/cs\/akce\/\",\"url\":\"https:\/\/www.mariaapartman.hu\/cs\/akce\/\",\"name\":\"Zv\u00fdhodn\u011bn\u00e9 ubytov\u00e1n\u00ed v Zalakarosu &#187; Akce &#187; M\u00e1ria Apartm\u00e1ny &#187; Zalakaros\",\"isPartOf\":{\"@id\":\"https:\/\/www.mariaapartman.hu\/cs\/#website\"},\"primaryImageOfPage\":{\"@id\":\"https:\/\/www.mariaapartman.hu\/cs\/akce\/#primaryimage\"},\"image\":{\"@id\":\"https:\/\/www.mariaapartman.hu\/cs\/akce\/#primaryimage\"},\"thumbnailUrl\":\"https:\/\/www.mariaapartman.hu\/files\/10-300x195.jpg\",\"datePublished\":\"2021-03-17T08:25:46+00:00\",\"dateModified\":\"2022-06-15T15:19:23+00:00\",\"description\":\"Zv\u00fdhodn\u011bn\u00e9 ubytov\u00e1n\u00ed v Zalakaros by M\u00e1ria Apartmanok Zalakaros. P\u0159e\u010dt\u011bte si na\u0161i aktu\u00e1ln\u00ed nab\u00eddku, rezervujte si ubytov\u00e1n\u00ed ji\u017e nyn\u00ed!\",\"breadcrumb\":{\"@id\":\"https:\/\/www.mariaapartman.hu\/cs\/akce\/#breadcrumb\"},\"inLanguage\":\"cs\",\"potentialAction\":[{\"@type\":\"ReadAction\",\"target\":[\"https:\/\/www.mariaapartman.hu\/cs\/akce\/\"]}]},{\"@type\":\"ImageObject\",\"inLanguage\":\"cs\",\"@id\":\"https:\/\/www.mariaapartman.hu\/cs\/akce\/#primaryimage\",\"url\":\"https:\/\/www.mariaapartman.hu\/files\/10-300x195.jpg\",\"contentUrl\":\"https:\/\/www.mariaapartman.hu\/files\/10-300x195.jpg\"},{\"@type\":\"BreadcrumbList\",\"@id\":\"https:\/\/www.mariaapartman.hu\/cs\/akce\/#breadcrumb\",\"itemListElement\":[{\"@type\":\"ListItem\",\"position\":1,\"name\":\"Home\",\"item\":\"https:\/\/www.mariaapartman.hu\/cs\/\"},{\"@type\":\"ListItem\",\"position\":2,\"name\":\"Akce\"}]},{\"@type\":\"WebSite\",\"@id\":\"https:\/\/www.mariaapartman.hu\/cs\/#website\",\"url\":\"https:\/\/www.mariaapartman.hu\/cs\/\",\"name\":\"M\u00e1ria Apartm\u00e1ny\",\"description\":\"\",\"publisher\":{\"@id\":\"https:\/\/www.mariaapartman.hu\/cs\/#organization\"},\"potentialAction\":[{\"@type\":\"SearchAction\",\"target\":{\"@type\":\"EntryPoint\",\"urlTemplate\":\"https:\/\/www.mariaapartman.hu\/cs\/?s={search_term_string}\"},\"query-input\":{\"@type\":\"PropertyValueSpecification\",\"valueRequired\":true,\"valueName\":\"search_term_string\"}}],\"inLanguage\":\"cs\"},{\"@type\":\"Organization\",\"@id\":\"https:\/\/www.mariaapartman.hu\/cs\/#organization\",\"name\":\"M\u00e1ria Apartm\u00e1ny Zalakaros\",\"url\":\"https:\/\/www.mariaapartman.hu\/cs\/\",\"logo\":{\"@type\":\"ImageObject\",\"inLanguage\":\"cs\",\"@id\":\"https:\/\/www.mariaapartman.hu\/cs\/#\/schema\/logo\/image\/\",\"url\":\"\",\"contentUrl\":\"\",\"caption\":\"M\u00e1ria Apartm\u00e1ny Zalakaros\"},\"image\":{\"@id\":\"https:\/\/www.mariaapartman.hu\/cs\/#\/schema\/logo\/image\/\"},\"sameAs\":[\"https:\/\/www.instagram.com\/mariaapartmanok\/\"]}]}<\/script>\n<!-- \/ Yoast SEO plugin. -->","yoast_head_json":{"title":"Zv\u00fdhodn\u011bn\u00e9 ubytov\u00e1n\u00ed v Zalakarosu &#187; Akce &#187; M\u00e1ria Apartm\u00e1ny &#187; Zalakaros","description":"Zv\u00fdhodn\u011bn\u00e9 ubytov\u00e1n\u00ed v Zalakaros by M\u00e1ria Apartmanok Zalakaros. P\u0159e\u010dt\u011bte si na\u0161i aktu\u00e1ln\u00ed nab\u00eddku, rezervujte si ubytov\u00e1n\u00ed ji\u017e nyn\u00ed!","robots":{"index":"index","follow":"follow","max-snippet":"max-snippet:-1","max-image-preview":"max-image-preview:large","max-video-preview":"max-video-preview:-1"},"canonical":"https:\/\/www.mariaapartman.hu\/cs\/akce\/","og_locale":"cs_CZ","og_type":"article","og_title":"Zv\u00fdhodn\u011bn\u00e9 ubytov\u00e1n\u00ed v Zalakarosu &#187; Akce &#187; M\u00e1ria Apartm\u00e1ny &#187; Zalakaros","og_description":"Zv\u00fdhodn\u011bn\u00e9 ubytov\u00e1n\u00ed v Zalakaros by M\u00e1ria Apartmanok Zalakaros. P\u0159e\u010dt\u011bte si na\u0161i aktu\u00e1ln\u00ed nab\u00eddku, rezervujte si ubytov\u00e1n\u00ed ji\u017e nyn\u00ed!","og_url":"https:\/\/www.mariaapartman.hu\/cs\/akce\/","og_site_name":"M\u00e1ria Apartm\u00e1ny","article_modified_time":"2022-06-15T15:19:23+00:00","og_image":[{"url":"https:\/\/www.mariaapartman.hu\/files\/10-300x195.jpg","type":"","width":"","height":""}],"twitter_card":"summary_large_image","twitter_misc":{"Odhadovan\u00e1 doba \u010dten\u00ed":"1 minuta"},"schema":{"@context":"https:\/\/schema.org","@graph":[{"@type":"WebPage","@id":"https:\/\/www.mariaapartman.hu\/cs\/akce\/","url":"https:\/\/www.mariaapartman.hu\/cs\/akce\/","name":"Zv\u00fdhodn\u011bn\u00e9 ubytov\u00e1n\u00ed v Zalakarosu &#187; Akce &#187; M\u00e1ria Apartm\u00e1ny &#187; Zalakaros","isPartOf":{"@id":"https:\/\/www.mariaapartman.hu\/cs\/#website"},"primaryImageOfPage":{"@id":"https:\/\/www.mariaapartman.hu\/cs\/akce\/#primaryimage"},"image":{"@id":"https:\/\/www.mariaapartman.hu\/cs\/akce\/#primaryimage"},"thumbnailUrl":"https:\/\/www.mariaapartman.hu\/files\/10-300x195.jpg","datePublished":"2021-03-17T08:25:46+00:00","dateModified":"2022-06-15T15:19:23+00:00","description":"Zv\u00fdhodn\u011bn\u00e9 ubytov\u00e1n\u00ed v Zalakaros by M\u00e1ria Apartmanok Zalakaros. P\u0159e\u010dt\u011bte si na\u0161i aktu\u00e1ln\u00ed nab\u00eddku, rezervujte si ubytov\u00e1n\u00ed ji\u017e nyn\u00ed!","breadcrumb":{"@id":"https:\/\/www.mariaapartman.hu\/cs\/akce\/#breadcrumb"},"inLanguage":"cs","potentialAction":[{"@type":"ReadAction","target":["https:\/\/www.mariaapartman.hu\/cs\/akce\/"]}]},{"@type":"ImageObject","inLanguage":"cs","@id":"https:\/\/www.mariaapartman.hu\/cs\/akce\/#primaryimage","url":"https:\/\/www.mariaapartman.hu\/files\/10-300x195.jpg","contentUrl":"https:\/\/www.mariaapartman.hu\/files\/10-300x195.jpg"},{"@type":"BreadcrumbList","@id":"https:\/\/www.mariaapartman.hu\/cs\/akce\/#breadcrumb","itemListElement":[{"@type":"ListItem","position":1,"name":"Home","item":"https:\/\/www.mariaapartman.hu\/cs\/"},{"@type":"ListItem","position":2,"name":"Akce"}]},{"@type":"WebSite","@id":"https:\/\/www.mariaapartman.hu\/cs\/#website","url":"https:\/\/www.mariaapartman.hu\/cs\/","name":"M\u00e1ria Apartm\u00e1ny","description":"","publisher":{"@id":"https:\/\/www.mariaapartman.hu\/cs\/#organization"},"potentialAction":[{"@type":"SearchAction","target":{"@type":"EntryPoint","urlTemplate":"https:\/\/www.mariaapartman.hu\/cs\/?s={search_term_string}"},"query-input":{"@type":"PropertyValueSpecification","valueRequired":true,"valueName":"search_term_string"}}],"inLanguage":"cs"},{"@type":"Organization","@id":"https:\/\/www.mariaapartman.hu\/cs\/#organization","name":"M\u00e1ria Apartm\u00e1ny Zalakaros","url":"https:\/\/www.mariaapartman.hu\/cs\/","logo":{"@type":"ImageObject","inLanguage":"cs","@id":"https:\/\/www.mariaapartman.hu\/cs\/#\/schema\/logo\/image\/","url":"","contentUrl":"","caption":"M\u00e1ria Apartm\u00e1ny Zalakaros"},"image":{"@id":"https:\/\/www.mariaapartman.hu\/cs\/#\/schema\/logo\/image\/"},"sameAs":["https:\/\/www.instagram.com\/mariaapartmanok\/"]}]}},"_links":{"self":[{"href":"https:\/\/www.mariaapartman.hu\/cs\/wp-json\/wp\/v2\/pages\/1217","targetHints":{"allow":["GET"]}}],"collection":[{"href":"https:\/\/www.mariaapartman.hu\/cs\/wp-json\/wp\/v2\/pages"}],"about":[{"href":"https:\/\/www.mariaapartman.hu\/cs\/wp-json\/wp\/v2\/types\/page"}],"author":[{"embeddable":true,"href":"https:\/\/www.mariaapartman.hu\/cs\/wp-json\/wp\/v2\/users\/1"}],"replies":[{"embeddable":true,"href":"https:\/\/www.mariaapartman.hu\/cs\/wp-json\/wp\/v2\/comments?post=1217"}],"version-history":[{"count":0,"href":"https:\/\/www.mariaapartman.hu\/cs\/wp-json\/wp\/v2\/pages\/1217\/revisions"}],"wp:attachment":[{"href":"https:\/\/www.mariaapartman.hu\/cs\/wp-json\/wp\/v2\/media?parent=1217"}],"curies":[{"name":"wp","href":"https:\/\/api.w.org\/{rel}","templated":true}]}}