{"id":1218,"date":"2021-03-17T08:27:10","date_gmt":"2021-03-17T08:27:10","guid":{"rendered":"https:\/\/www.mariaapartman.hu\/?page_id=1218"},"modified":"2023-03-08T15:22:10","modified_gmt":"2023-03-08T15:22:10","slug":"poptavka","status":"publish","type":"page","link":"https:\/\/www.mariaapartman.hu\/cs\/poptavka\/","title":{"rendered":"Popt\u00e1vka"},"content":{"rendered":"\n<div class=\"wpcf7 no-js\" id=\"wpcf7-f1219-o1\" lang=\"cs-CZ\" dir=\"ltr\" data-wpcf7-id=\"1219\">\n<div class=\"screen-reader-response\"><p role=\"status\" aria-live=\"polite\" aria-atomic=\"true\"><\/p> <ul><\/ul><\/div>\n<form action=\"\/cs\/wp-json\/wp\/v2\/pages\/1218#wpcf7-f1219-o1\" method=\"post\" class=\"wpcf7-form init\" aria-label=\"Kontaktn\u00ed formul\u00e1\u0159\" novalidate=\"novalidate\" data-status=\"init\">\n<fieldset class=\"hidden-fields-container\"><input type=\"hidden\" name=\"_wpcf7\" value=\"1219\" \/><input type=\"hidden\" name=\"_wpcf7_version\" value=\"6.1.4\" \/><input type=\"hidden\" name=\"_wpcf7_locale\" value=\"cs_CZ\" \/><input type=\"hidden\" name=\"_wpcf7_unit_tag\" value=\"wpcf7-f1219-o1\" \/><input type=\"hidden\" name=\"_wpcf7_container_post\" value=\"0\" \/><input type=\"hidden\" name=\"_wpcf7_posted_data_hash\" value=\"\" \/>\n<\/fieldset>\n<fieldset>\n<legend>Osobn\u00ed data<\/legend>\n  <div class=\"form-group row\">\n    <div class=\"col\">\n<label for=\"teljes_nev\">Cel\u00e9 jm\u00e9no<\/label>\n<div class=\"form-group teljes_nev\"><input class=\"wpcf7-form-control wpcf7-text wpcf7-validates-as-required form-control form-control\" name=\"teljes_nev\" type=\"text\" value=\"\" aria-invalid=\"false\" aria-required=\"true\" required><\/div>\n    <\/div>\n    <div class=\"col\">\n<label for=\"email\">Email<\/label>\n<div class=\"form-group email\"><input class=\"wpcf7-form-control wpcf7-email wpcf7-validates-as-required wpcf7-text wpcf7-validates-as-email form-control form-control\" name=\"email\" type=\"email\" value=\"\" aria-invalid=\"false\" aria-required=\"true\" required><\/div>\n    <\/div>\n    <div class=\"col\">\n<label for=\"telefonszam\">Telefonn\u00ed \u010d\u00edslo<\/label>\n<div class=\"form-group telefonszam\"><input class=\"wpcf7-form-control wpcf7-text wpcf7-validates-as-required form-control form-control\" name=\"telefonszam\" type=\"text\" value=\"\" aria-invalid=\"false\" aria-required=\"true\" required><\/div>\n    <\/div>\n  <\/div>\n<\/fieldset>\n<fieldset>\n<legend>Detaily rezervace <\/legend>\n  <div class=\"form-group row\">\n    <div class=\"col\">\n<label for=\"erkezes\">datum p\u0159\u00edjezdu<\/label>\n<div class=\"form-group erkezes\"><input class=\"wpcf7-form-control wpcf7-date wpcf7-validates-as-required wpcf7-validates-as-date form-control form-control\" name=\"erkezes\" type=\"date\" value=\"\" min=\"\" max=\"\" step=\"\" aria-invalid=\"false\" aria-required=\"true\" required><\/div>\n    <\/div>\n    <div class=\"col\">\n<label for=\"tavozas\">Datum odjezdu<\/label>\n<div class=\"form-group tavozas\"><input class=\"wpcf7-form-control wpcf7-date wpcf7-validates-as-required wpcf7-validates-as-date form-control form-control\" name=\"tavozas\" type=\"date\" value=\"\" min=\"\" max=\"\" step=\"\" aria-invalid=\"false\" aria-required=\"true\" required><\/div>\n    <\/div>\n  <\/div>\n  <div class=\"form-group row\">\n    <div class=\"col\">\n<label for=\"felnottek_szama\">Po\u010det dosp\u011bl\u00fdch osob<\/label>\n<div class=\"form-group felnott\"><input class=\"wpcf7-form-control wpcf7-number wpcf7-validates-as-required wpcf7-validates-as-number form-control form-control\" name=\"felnott\" type=\"number\" value=\"\" min=\"1\" max=\"\" step=\"\" aria-invalid=\"false\" aria-required=\"true\" required><\/div>\n    <\/div>\n    <div class=\"col\">\n<label for=\"email\">Po\u010det d\u011bt\u00ed<\/label>\n<div class=\"form-group gyerek1\"><input class=\"wpcf7-form-control wpcf7-number wpcf7-validates-as-number form-control form-control\" name=\"gyerek1\" type=\"number\" value=\"\" min=\"\" max=\"\" step=\"\" aria-invalid=\"false\"><\/div>\n    <\/div>\n    <div class=\"col\">\n<label for=\"telefonszam\">D\u011btsk\u00fd v\u011bk<\/label>\n<div class=\"form-group gyerek2\"><input class=\"wpcf7-form-control wpcf7-number wpcf7-validates-as-number form-control form-control\" name=\"gyerek2\" type=\"number\" value=\"\" min=\"\" max=\"\" step=\"\" aria-invalid=\"false\"><\/div>\n    <\/div>\n  <\/div>\n<\/fieldset>\n\n<fieldset>\n<legend>V\u00fdb\u011br apartm\u00e1nu:<\/legend>\n<div class=\"row\">\n    <div class=\"col-md-5\">\n[select* apartman id:select_apartman class:form-control include_blank \"2 l\u016f\u017ekov\u00fd Standartn\u00ed apartm\u00e1n, Nr. 1 \"2 l\u016f\u017ekov\u00fd Standartn\u00ed apartm\u00e1n, Nr. 2\" \"4 l\u016f\u017ekov\u00e9 standartn\u00ed apartm\u00e1ny\" \"6 l\u016f\u017ekov\u00e9 standartn\u00ed apartm\u00e1ny\" \"8 l\u016f\u017ekov\u00e9 standartn\u00ed apartm\u00e1ny\" \"VIP apartman pro 2 osoby\" \"Lux. apartman pro 2 osoby\" \"Minilux apartm\u00e1n pro 2 osoby\"]\n    <\/div>\n    <div class=\"col-md-7 apartman_pic\">\n    <\/div>\n<\/div>\n<\/fieldset>\n<fieldset>\n<legend>Zvl\u00e1\u0161tn\u00ed po\u017eadavky<\/legend>\n<div class=\"form-group uzenet\"><textarea class=\"wpcf7-form-control wpcf7-textarea form-control form-control\" name=\"uzenet\" rows=\"4\" aria-invalid=\"false\"><\/textarea><\/div>\n<\/fieldset>\n<div class=\"form-group\"><div><div class=\"cf7-cf-turnstile\" style=\"margin-top: 0px; margin-bottom: -15px;\"> <div id=\"cf-turnstile-cf7-309600676\" class=\"cf-turnstile\" data-sitekey=\"0x4AAAAAAA7pH0kJgc7021is\" data-theme=\"light\" data-language=\"auto\" data-size=\"normal\" data-retry=\"auto\" data-retry-interval=\"1000\" data-refresh-expired=\"auto\" data-action=\"contact-form-7\" data-appearance=\"always\"><\/div> <script>document.addEventListener(\"DOMContentLoaded\", function() { setTimeout(function(){ var e=document.getElementById(\"cf-turnstile-cf7-309600676\"); e&&!e.innerHTML.trim()&&(turnstile.remove(\"#cf-turnstile-cf7-309600676\"), turnstile.render(\"#cf-turnstile-cf7-309600676\", {sitekey:\"0x4AAAAAAA7pH0kJgc7021is\"})); }, 100); });<\/script> <br class=\"cf-turnstile-br cf-turnstile-br-cf7-309600676\"> <style>#cf-turnstile-cf7-309600676 { margin-left: -15px; }<\/style> <script>document.addEventListener(\"DOMContentLoaded\",function(){document.querySelectorAll('.wpcf7-form').forEach(function(e){e.addEventListener('submit',function(){if(document.getElementById('cf-turnstile-cf7-309600676')){setTimeout(function(){turnstile.reset('#cf-turnstile-cf7-309600676');},1000)}})})});<\/script> <\/div><br\/><input class=\"wpcf7-form-control wpcf7-submit btn btn-primary\" type=\"submit\" value=\"Po\u0161lete\"><\/div><\/div><div class=\"wpcf7-response-output alert alert-warning\"><\/div>\n<\/form>\n<\/div>\n\n<div id=\"gtx-trans\" style=\"position: absolute; left: 199px; top: 48px;\">\n<div class=\"gtx-trans-icon\"><\/div>\n<\/div>\n","protected":false},"excerpt":{"rendered":"","protected":false},"author":1,"featured_media":0,"parent":0,"menu_order":0,"comment_status":"closed","ping_status":"closed","template":"","meta":{"footnotes":""},"class_list":["post-1218","page","type-page","status-publish","hentry"],"yoast_head":"<!-- This site is optimized with the Yoast SEO plugin v26.7 - https:\/\/yoast.com\/wordpress\/plugins\/seo\/ -->\n<title>Rezervujte ubytov\u00e1n\u00ed v Zalakaros &#187; M\u00e1ria Apartm\u00e1ny &#187; Zalakaros<\/title>\n<meta name=\"description\" content=\"M\u00e1ria Apartmanok nab\u00edz\u00ed cenov\u011b dostupn\u00e9, dob\u0159e vybaven\u00e9 a vysoce kvalitn\u00ed apartm\u00e1ny v Zalakarosu. Rezervujte si ubytov\u00e1n\u00ed ji\u017e nyn\u00ed!\" \/>\n<meta name=\"robots\" content=\"index, follow, max-snippet:-1, max-image-preview:large, max-video-preview:-1\" \/>\n<link rel=\"canonical\" href=\"https:\/\/www.mariaapartman.hu\/cs\/poptavka\/\" \/>\n<meta property=\"og:locale\" content=\"cs_CZ\" \/>\n<meta property=\"og:type\" content=\"article\" \/>\n<meta property=\"og:title\" content=\"Rezervujte ubytov\u00e1n\u00ed v Zalakaros &#187; M\u00e1ria Apartm\u00e1ny &#187; Zalakaros\" \/>\n<meta property=\"og:description\" content=\"M\u00e1ria Apartmanok nab\u00edz\u00ed cenov\u011b dostupn\u00e9, dob\u0159e vybaven\u00e9 a vysoce kvalitn\u00ed apartm\u00e1ny v Zalakarosu. Rezervujte si ubytov\u00e1n\u00ed ji\u017e nyn\u00ed!\" \/>\n<meta property=\"og:url\" content=\"https:\/\/www.mariaapartman.hu\/cs\/poptavka\/\" \/>\n<meta property=\"og:site_name\" content=\"M\u00e1ria Apartm\u00e1ny\" \/>\n<meta property=\"article:modified_time\" content=\"2023-03-08T15:22:10+00:00\" \/>\n<meta name=\"twitter:card\" content=\"summary_large_image\" \/>\n<meta name=\"twitter:label1\" content=\"Odhadovan\u00e1 doba \u010dten\u00ed\" \/>\n\t<meta name=\"twitter:data1\" content=\"1 minuta\" \/>\n<script type=\"application\/ld+json\" class=\"yoast-schema-graph\">{\"@context\":\"https:\/\/schema.org\",\"@graph\":[{\"@type\":\"WebPage\",\"@id\":\"https:\/\/www.mariaapartman.hu\/cs\/poptavka\/\",\"url\":\"https:\/\/www.mariaapartman.hu\/cs\/poptavka\/\",\"name\":\"Rezervujte ubytov\u00e1n\u00ed v Zalakaros &#187; M\u00e1ria Apartm\u00e1ny &#187; Zalakaros\",\"isPartOf\":{\"@id\":\"https:\/\/www.mariaapartman.hu\/cs\/#website\"},\"datePublished\":\"2021-03-17T08:27:10+00:00\",\"dateModified\":\"2023-03-08T15:22:10+00:00\",\"description\":\"M\u00e1ria Apartmanok nab\u00edz\u00ed cenov\u011b dostupn\u00e9, dob\u0159e vybaven\u00e9 a vysoce kvalitn\u00ed apartm\u00e1ny v Zalakarosu. Rezervujte si ubytov\u00e1n\u00ed ji\u017e nyn\u00ed!\",\"breadcrumb\":{\"@id\":\"https:\/\/www.mariaapartman.hu\/cs\/poptavka\/#breadcrumb\"},\"inLanguage\":\"cs\",\"potentialAction\":[{\"@type\":\"ReadAction\",\"target\":[\"https:\/\/www.mariaapartman.hu\/cs\/poptavka\/\"]}]},{\"@type\":\"BreadcrumbList\",\"@id\":\"https:\/\/www.mariaapartman.hu\/cs\/poptavka\/#breadcrumb\",\"itemListElement\":[{\"@type\":\"ListItem\",\"position\":1,\"name\":\"Home\",\"item\":\"https:\/\/www.mariaapartman.hu\/cs\/\"},{\"@type\":\"ListItem\",\"position\":2,\"name\":\"Popt\u00e1vka\"}]},{\"@type\":\"WebSite\",\"@id\":\"https:\/\/www.mariaapartman.hu\/cs\/#website\",\"url\":\"https:\/\/www.mariaapartman.hu\/cs\/\",\"name\":\"M\u00e1ria Apartm\u00e1ny\",\"description\":\"\",\"publisher\":{\"@id\":\"https:\/\/www.mariaapartman.hu\/cs\/#organization\"},\"potentialAction\":[{\"@type\":\"SearchAction\",\"target\":{\"@type\":\"EntryPoint\",\"urlTemplate\":\"https:\/\/www.mariaapartman.hu\/cs\/?s={search_term_string}\"},\"query-input\":{\"@type\":\"PropertyValueSpecification\",\"valueRequired\":true,\"valueName\":\"search_term_string\"}}],\"inLanguage\":\"cs\"},{\"@type\":\"Organization\",\"@id\":\"https:\/\/www.mariaapartman.hu\/cs\/#organization\",\"name\":\"M\u00e1ria Apartm\u00e1ny Zalakaros\",\"url\":\"https:\/\/www.mariaapartman.hu\/cs\/\",\"logo\":{\"@type\":\"ImageObject\",\"inLanguage\":\"cs\",\"@id\":\"https:\/\/www.mariaapartman.hu\/cs\/#\/schema\/logo\/image\/\",\"url\":\"\",\"contentUrl\":\"\",\"caption\":\"M\u00e1ria Apartm\u00e1ny Zalakaros\"},\"image\":{\"@id\":\"https:\/\/www.mariaapartman.hu\/cs\/#\/schema\/logo\/image\/\"},\"sameAs\":[\"https:\/\/www.instagram.com\/mariaapartmanok\/\"]}]}<\/script>\n<!-- \/ Yoast SEO plugin. -->","yoast_head_json":{"title":"Rezervujte ubytov\u00e1n\u00ed v Zalakaros &#187; M\u00e1ria Apartm\u00e1ny &#187; Zalakaros","description":"M\u00e1ria Apartmanok nab\u00edz\u00ed cenov\u011b dostupn\u00e9, dob\u0159e vybaven\u00e9 a vysoce kvalitn\u00ed apartm\u00e1ny v Zalakarosu. Rezervujte si ubytov\u00e1n\u00ed ji\u017e nyn\u00ed!","robots":{"index":"index","follow":"follow","max-snippet":"max-snippet:-1","max-image-preview":"max-image-preview:large","max-video-preview":"max-video-preview:-1"},"canonical":"https:\/\/www.mariaapartman.hu\/cs\/poptavka\/","og_locale":"cs_CZ","og_type":"article","og_title":"Rezervujte ubytov\u00e1n\u00ed v Zalakaros &#187; M\u00e1ria Apartm\u00e1ny &#187; Zalakaros","og_description":"M\u00e1ria Apartmanok nab\u00edz\u00ed cenov\u011b dostupn\u00e9, dob\u0159e vybaven\u00e9 a vysoce kvalitn\u00ed apartm\u00e1ny v Zalakarosu. Rezervujte si ubytov\u00e1n\u00ed ji\u017e nyn\u00ed!","og_url":"https:\/\/www.mariaapartman.hu\/cs\/poptavka\/","og_site_name":"M\u00e1ria Apartm\u00e1ny","article_modified_time":"2023-03-08T15:22:10+00:00","twitter_card":"summary_large_image","twitter_misc":{"Odhadovan\u00e1 doba \u010dten\u00ed":"1 minuta"},"schema":{"@context":"https:\/\/schema.org","@graph":[{"@type":"WebPage","@id":"https:\/\/www.mariaapartman.hu\/cs\/poptavka\/","url":"https:\/\/www.mariaapartman.hu\/cs\/poptavka\/","name":"Rezervujte ubytov\u00e1n\u00ed v Zalakaros &#187; M\u00e1ria Apartm\u00e1ny &#187; Zalakaros","isPartOf":{"@id":"https:\/\/www.mariaapartman.hu\/cs\/#website"},"datePublished":"2021-03-17T08:27:10+00:00","dateModified":"2023-03-08T15:22:10+00:00","description":"M\u00e1ria Apartmanok nab\u00edz\u00ed cenov\u011b dostupn\u00e9, dob\u0159e vybaven\u00e9 a vysoce kvalitn\u00ed apartm\u00e1ny v Zalakarosu. Rezervujte si ubytov\u00e1n\u00ed ji\u017e nyn\u00ed!","breadcrumb":{"@id":"https:\/\/www.mariaapartman.hu\/cs\/poptavka\/#breadcrumb"},"inLanguage":"cs","potentialAction":[{"@type":"ReadAction","target":["https:\/\/www.mariaapartman.hu\/cs\/poptavka\/"]}]},{"@type":"BreadcrumbList","@id":"https:\/\/www.mariaapartman.hu\/cs\/poptavka\/#breadcrumb","itemListElement":[{"@type":"ListItem","position":1,"name":"Home","item":"https:\/\/www.mariaapartman.hu\/cs\/"},{"@type":"ListItem","position":2,"name":"Popt\u00e1vka"}]},{"@type":"WebSite","@id":"https:\/\/www.mariaapartman.hu\/cs\/#website","url":"https:\/\/www.mariaapartman.hu\/cs\/","name":"M\u00e1ria Apartm\u00e1ny","description":"","publisher":{"@id":"https:\/\/www.mariaapartman.hu\/cs\/#organization"},"potentialAction":[{"@type":"SearchAction","target":{"@type":"EntryPoint","urlTemplate":"https:\/\/www.mariaapartman.hu\/cs\/?s={search_term_string}"},"query-input":{"@type":"PropertyValueSpecification","valueRequired":true,"valueName":"search_term_string"}}],"inLanguage":"cs"},{"@type":"Organization","@id":"https:\/\/www.mariaapartman.hu\/cs\/#organization","name":"M\u00e1ria Apartm\u00e1ny Zalakaros","url":"https:\/\/www.mariaapartman.hu\/cs\/","logo":{"@type":"ImageObject","inLanguage":"cs","@id":"https:\/\/www.mariaapartman.hu\/cs\/#\/schema\/logo\/image\/","url":"","contentUrl":"","caption":"M\u00e1ria Apartm\u00e1ny Zalakaros"},"image":{"@id":"https:\/\/www.mariaapartman.hu\/cs\/#\/schema\/logo\/image\/"},"sameAs":["https:\/\/www.instagram.com\/mariaapartmanok\/"]}]}},"_links":{"self":[{"href":"https:\/\/www.mariaapartman.hu\/cs\/wp-json\/wp\/v2\/pages\/1218","targetHints":{"allow":["GET"]}}],"collection":[{"href":"https:\/\/www.mariaapartman.hu\/cs\/wp-json\/wp\/v2\/pages"}],"about":[{"href":"https:\/\/www.mariaapartman.hu\/cs\/wp-json\/wp\/v2\/types\/page"}],"author":[{"embeddable":true,"href":"https:\/\/www.mariaapartman.hu\/cs\/wp-json\/wp\/v2\/users\/1"}],"replies":[{"embeddable":true,"href":"https:\/\/www.mariaapartman.hu\/cs\/wp-json\/wp\/v2\/comments?post=1218"}],"version-history":[{"count":0,"href":"https:\/\/www.mariaapartman.hu\/cs\/wp-json\/wp\/v2\/pages\/1218\/revisions"}],"wp:attachment":[{"href":"https:\/\/www.mariaapartman.hu\/cs\/wp-json\/wp\/v2\/media?parent=1218"}],"curies":[{"name":"wp","href":"https:\/\/api.w.org\/{rel}","templated":true}]}}