{"id":1220,"date":"2021-03-17T10:40:34","date_gmt":"2021-03-17T10:40:34","guid":{"rendered":"https:\/\/www.mariaapartman.hu\/?page_id=1220"},"modified":"2022-06-15T10:47:47","modified_gmt":"2022-06-15T10:47:47","slug":"nase-apartmany","status":"publish","type":"page","link":"https:\/\/www.mariaapartman.hu\/cs\/nase-apartmany\/","title":{"rendered":"Na\u0161e apartm\u00e1ny"},"content":{"rendered":"<div class=\"container two-columns\">\n<div class=\"row\">\n<div class=\"col-md-6 order-1 order-md-2\"><\/div>\n<\/div>\n<h2>Cena<\/h2>\n<div class=\"row\">\n<div class=\"col-md-6 order-2 order-md-1\">\n<p>Apartm\u00e1ny jsou v dostupn\u00e9 cenov\u00e9 relaci, p\u0159i tom pohodln\u011b a vkusn\u011b za\u0159\u00edzen\u00e9.<\/p>\n<\/div>\n<div class=\"col-md-6 order-1 order-md-2\"><img loading=\"lazy\" decoding=\"async\" width=\"500\" height=\"333\" class=\"wp-image-211 img-fluid\" src=\"https:\/\/www.mariaapartman.hu\/files\/5-500x333.jpg\" alt=\"Cena\" srcset=\"https:\/\/www.mariaapartman.hu\/files\/5-500x333.jpg 500w, https:\/\/www.mariaapartman.hu\/files\/5-300x200.jpg 300w, https:\/\/www.mariaapartman.hu\/files\/5.jpg 620w\" sizes=\"auto, (max-width: 500px) 100vw, 500px\" \/><\/div>\n<\/div>\n<hr \/>\n<h2>Dostupnost<\/h2>\n<div class=\"row\">\n<div class=\"col-md-6 order-2 order-md-1\">\n<p>V p\u0159\u00edpad\u011b jak\u00fdchkoli dotaz\u016f ohledn\u011b na\u0161ich apartm\u00e1n\u016f n\u00e1s nev\u00e1hejte kontaktovat na emailov\u00e9 adrese: <a href=\"https:\/\/www.mariaapartman.hu\/cs\/rezervace-poptavka\/\">mariaapartmanok@gmail.com<\/a>. Pokus\u00edme se co nejrychleji reagovat do 24 hodin.<\/p>\n<\/div>\n<div class=\"col-md-6 order-1 order-md-2\"><img loading=\"lazy\" decoding=\"async\" width=\"500\" height=\"333\" class=\"wp-image-212 img-fluid\" src=\"https:\/\/www.mariaapartman.hu\/files\/6-500x333.gif\" alt=\"Dostupnost\" srcset=\"https:\/\/www.mariaapartman.hu\/files\/6-500x333.gif 500w, https:\/\/www.mariaapartman.hu\/files\/6-300x200.gif 300w\" sizes=\"auto, (max-width: 500px) 100vw, 500px\" \/><\/div>\n<\/div>\n<hr \/>\n<div class=\"row\">\n<div class=\"col-md-6 order-2 order-md-1\">\n<p>Na\u0161e rodina se zab\u00fdv\u00e1 ubytovac\u00edmi slu\u017ebami od r 1980 .Ji\u017e prarodi\u010de pronaj\u00edmali 2 pokoje turist\u016fm,od r 2000 existuje sou\u010dasn\u00e9 uspo\u0159\u00e1d\u00e1n\u00ed pronaj\u00edm\u00e1n\u00ed apartm\u00e1n\u016f.Od t\u00e9 doby se sna\u017e\u00edme neust\u00e1le apartm\u00e1ny zvelebovat a p\u0159izp\u016fsobovat po\u017eadavk\u016fm na\u0161ich klient\u016f,aby si uchovali jen dobr\u00e9 vzpom\u00ednky na ubytov\u00e1n\u00ed v na\u0161em za\u0159\u00edzen\u00ed.Mezi na\u0161imi klienty jsou i tac\u00ed, kte\u0159\u00ed se vracej\u00ed opakovan\u011b 10-15 let ka\u017ed\u00fd rok.Oce\u0148uj\u00ed poskytovan\u00e9 slu\u017eby, tich\u00e9 a rodinn\u00e9 prost\u0159ed\u00ed,bl\u00edzkost l\u00e1zn\u00ed.Sna\u017e\u00edme se nab\u00edzet slu\u017eby na \u00farovni p\u0159i velmi p\u0159\u00edzniv\u00fdch cen\u00e1ch.Douf\u00e1me, \u017ee jsme vzbudili Va\u0161i zv\u011bdavost a ji\u017e brzy se osobn\u011b setk\u00e1me.Team Maria apartmanok Zalakaro\u0161<\/p>\n<\/div>\n<div class=\"col-md-6 order-1 order-md-2\"><img decoding=\"async\" class=\"wp-image-213 img-fluid\" src=\"https:\/\/www.mariaapartman.hu\/files\/7-500x342.jpg\" alt=\"Team Maria apartmanok Zalakaro\u0161\" \/><\/div>\n<\/div>\n<\/div>\n","protected":false},"excerpt":{"rendered":"<p>Cena Apartm\u00e1ny jsou v dostupn\u00e9 cenov\u00e9 relaci, p\u0159i tom pohodln\u011b a vkusn\u011b za\u0159\u00edzen\u00e9. Dostupnost V p\u0159\u00edpad\u011b jak\u00fdchkoli dotaz\u016f ohledn\u011b na\u0161ich apartm\u00e1n\u016f n\u00e1s nev\u00e1hejte kontaktovat na emailov\u00e9 adrese: mariaapartmanok@gmail.com. Pokus\u00edme se co nejrychleji reagovat do 24 hodin. Na\u0161e rodina se zab\u00fdv\u00e1 ubytovac\u00edmi slu\u017ebami od r 1980 .Ji\u017e prarodi\u010de pronaj\u00edmali 2 pokoje turist\u016fm,od r 2000 existuje sou\u010dasn\u00e9 <a href=\"https:\/\/www.mariaapartman.hu\/cs\/nase-apartmany\/\" class=\"more-link\">&#8230;<\/a><\/p>\n","protected":false},"author":1,"featured_media":0,"parent":0,"menu_order":0,"comment_status":"closed","ping_status":"closed","template":"template-apartmanhazaink.php","meta":{"footnotes":""},"class_list":["post-1220","page","type-page","status-publish","hentry"],"yoast_head":"<!-- This site is optimized with the Yoast SEO plugin v26.7 - https:\/\/yoast.com\/wordpress\/plugins\/seo\/ -->\n<title>Cenov\u011b dostupn\u00e9 ubytov\u00e1n\u00ed &#187; M\u00e1ria Apartm\u00e1ny Zalakaros<\/title>\n<meta name=\"description\" content=\"Cenov\u011b dostupn\u00e9, nadpr\u016fm\u011brn\u011b kvalitn\u00ed ubytov\u00e1n\u00ed v klidn\u00e9 lokalit\u011b v zeleni, kter\u00e9 nab\u00edz\u00ed M\u00e1ria Apartments v Zalakarosu.\" \/>\n<meta name=\"robots\" content=\"index, follow, max-snippet:-1, max-image-preview:large, max-video-preview:-1\" \/>\n<link rel=\"canonical\" href=\"https:\/\/www.mariaapartman.hu\/cs\/nase-apartmany\/\" \/>\n<meta property=\"og:locale\" content=\"cs_CZ\" \/>\n<meta property=\"og:type\" content=\"article\" \/>\n<meta property=\"og:title\" content=\"Cenov\u011b dostupn\u00e9 ubytov\u00e1n\u00ed &#187; M\u00e1ria Apartm\u00e1ny Zalakaros\" \/>\n<meta property=\"og:description\" content=\"Cenov\u011b dostupn\u00e9, nadpr\u016fm\u011brn\u011b kvalitn\u00ed ubytov\u00e1n\u00ed v klidn\u00e9 lokalit\u011b v zeleni, kter\u00e9 nab\u00edz\u00ed M\u00e1ria Apartments v Zalakarosu.\" \/>\n<meta property=\"og:url\" content=\"https:\/\/www.mariaapartman.hu\/cs\/nase-apartmany\/\" \/>\n<meta property=\"og:site_name\" content=\"M\u00e1ria Apartm\u00e1ny\" \/>\n<meta property=\"article:modified_time\" content=\"2022-06-15T10:47:47+00:00\" \/>\n<meta property=\"og:image\" content=\"https:\/\/www.mariaapartman.hu\/files\/5-500x333.jpg\" \/>\n<meta name=\"twitter:card\" content=\"summary_large_image\" \/>\n<meta name=\"twitter:label1\" content=\"Odhadovan\u00e1 doba \u010dten\u00ed\" \/>\n\t<meta name=\"twitter:data1\" content=\"2 minuty\" \/>\n<script type=\"application\/ld+json\" class=\"yoast-schema-graph\">{\"@context\":\"https:\/\/schema.org\",\"@graph\":[{\"@type\":\"WebPage\",\"@id\":\"https:\/\/www.mariaapartman.hu\/cs\/nase-apartmany\/\",\"url\":\"https:\/\/www.mariaapartman.hu\/cs\/nase-apartmany\/\",\"name\":\"Cenov\u011b dostupn\u00e9 ubytov\u00e1n\u00ed &#187; M\u00e1ria Apartm\u00e1ny Zalakaros\",\"isPartOf\":{\"@id\":\"https:\/\/www.mariaapartman.hu\/cs\/#website\"},\"primaryImageOfPage\":{\"@id\":\"https:\/\/www.mariaapartman.hu\/cs\/nase-apartmany\/#primaryimage\"},\"image\":{\"@id\":\"https:\/\/www.mariaapartman.hu\/cs\/nase-apartmany\/#primaryimage\"},\"thumbnailUrl\":\"https:\/\/www.mariaapartman.hu\/files\/5-500x333.jpg\",\"datePublished\":\"2021-03-17T10:40:34+00:00\",\"dateModified\":\"2022-06-15T10:47:47+00:00\",\"description\":\"Cenov\u011b dostupn\u00e9, nadpr\u016fm\u011brn\u011b kvalitn\u00ed ubytov\u00e1n\u00ed v klidn\u00e9 lokalit\u011b v zeleni, kter\u00e9 nab\u00edz\u00ed M\u00e1ria Apartments v Zalakarosu.\",\"breadcrumb\":{\"@id\":\"https:\/\/www.mariaapartman.hu\/cs\/nase-apartmany\/#breadcrumb\"},\"inLanguage\":\"cs\",\"potentialAction\":[{\"@type\":\"ReadAction\",\"target\":[\"https:\/\/www.mariaapartman.hu\/cs\/nase-apartmany\/\"]}]},{\"@type\":\"ImageObject\",\"inLanguage\":\"cs\",\"@id\":\"https:\/\/www.mariaapartman.hu\/cs\/nase-apartmany\/#primaryimage\",\"url\":\"https:\/\/www.mariaapartman.hu\/files\/5-500x333.jpg\",\"contentUrl\":\"https:\/\/www.mariaapartman.hu\/files\/5-500x333.jpg\"},{\"@type\":\"BreadcrumbList\",\"@id\":\"https:\/\/www.mariaapartman.hu\/cs\/nase-apartmany\/#breadcrumb\",\"itemListElement\":[{\"@type\":\"ListItem\",\"position\":1,\"name\":\"Home\",\"item\":\"https:\/\/www.mariaapartman.hu\/cs\/\"},{\"@type\":\"ListItem\",\"position\":2,\"name\":\"Na\u0161e apartm\u00e1ny\"}]},{\"@type\":\"WebSite\",\"@id\":\"https:\/\/www.mariaapartman.hu\/cs\/#website\",\"url\":\"https:\/\/www.mariaapartman.hu\/cs\/\",\"name\":\"M\u00e1ria Apartm\u00e1ny\",\"description\":\"\",\"publisher\":{\"@id\":\"https:\/\/www.mariaapartman.hu\/cs\/#organization\"},\"potentialAction\":[{\"@type\":\"SearchAction\",\"target\":{\"@type\":\"EntryPoint\",\"urlTemplate\":\"https:\/\/www.mariaapartman.hu\/cs\/?s={search_term_string}\"},\"query-input\":{\"@type\":\"PropertyValueSpecification\",\"valueRequired\":true,\"valueName\":\"search_term_string\"}}],\"inLanguage\":\"cs\"},{\"@type\":\"Organization\",\"@id\":\"https:\/\/www.mariaapartman.hu\/cs\/#organization\",\"name\":\"M\u00e1ria Apartm\u00e1ny Zalakaros\",\"url\":\"https:\/\/www.mariaapartman.hu\/cs\/\",\"logo\":{\"@type\":\"ImageObject\",\"inLanguage\":\"cs\",\"@id\":\"https:\/\/www.mariaapartman.hu\/cs\/#\/schema\/logo\/image\/\",\"url\":\"\",\"contentUrl\":\"\",\"caption\":\"M\u00e1ria Apartm\u00e1ny Zalakaros\"},\"image\":{\"@id\":\"https:\/\/www.mariaapartman.hu\/cs\/#\/schema\/logo\/image\/\"},\"sameAs\":[\"https:\/\/www.instagram.com\/mariaapartmanok\/\"]}]}<\/script>\n<!-- \/ Yoast SEO plugin. -->","yoast_head_json":{"title":"Cenov\u011b dostupn\u00e9 ubytov\u00e1n\u00ed &#187; M\u00e1ria Apartm\u00e1ny Zalakaros","description":"Cenov\u011b dostupn\u00e9, nadpr\u016fm\u011brn\u011b kvalitn\u00ed ubytov\u00e1n\u00ed v klidn\u00e9 lokalit\u011b v zeleni, kter\u00e9 nab\u00edz\u00ed M\u00e1ria Apartments v Zalakarosu.","robots":{"index":"index","follow":"follow","max-snippet":"max-snippet:-1","max-image-preview":"max-image-preview:large","max-video-preview":"max-video-preview:-1"},"canonical":"https:\/\/www.mariaapartman.hu\/cs\/nase-apartmany\/","og_locale":"cs_CZ","og_type":"article","og_title":"Cenov\u011b dostupn\u00e9 ubytov\u00e1n\u00ed &#187; M\u00e1ria Apartm\u00e1ny Zalakaros","og_description":"Cenov\u011b dostupn\u00e9, nadpr\u016fm\u011brn\u011b kvalitn\u00ed ubytov\u00e1n\u00ed v klidn\u00e9 lokalit\u011b v zeleni, kter\u00e9 nab\u00edz\u00ed M\u00e1ria Apartments v Zalakarosu.","og_url":"https:\/\/www.mariaapartman.hu\/cs\/nase-apartmany\/","og_site_name":"M\u00e1ria Apartm\u00e1ny","article_modified_time":"2022-06-15T10:47:47+00:00","og_image":[{"url":"https:\/\/www.mariaapartman.hu\/files\/5-500x333.jpg","type":"","width":"","height":""}],"twitter_card":"summary_large_image","twitter_misc":{"Odhadovan\u00e1 doba \u010dten\u00ed":"2 minuty"},"schema":{"@context":"https:\/\/schema.org","@graph":[{"@type":"WebPage","@id":"https:\/\/www.mariaapartman.hu\/cs\/nase-apartmany\/","url":"https:\/\/www.mariaapartman.hu\/cs\/nase-apartmany\/","name":"Cenov\u011b dostupn\u00e9 ubytov\u00e1n\u00ed &#187; M\u00e1ria Apartm\u00e1ny Zalakaros","isPartOf":{"@id":"https:\/\/www.mariaapartman.hu\/cs\/#website"},"primaryImageOfPage":{"@id":"https:\/\/www.mariaapartman.hu\/cs\/nase-apartmany\/#primaryimage"},"image":{"@id":"https:\/\/www.mariaapartman.hu\/cs\/nase-apartmany\/#primaryimage"},"thumbnailUrl":"https:\/\/www.mariaapartman.hu\/files\/5-500x333.jpg","datePublished":"2021-03-17T10:40:34+00:00","dateModified":"2022-06-15T10:47:47+00:00","description":"Cenov\u011b dostupn\u00e9, nadpr\u016fm\u011brn\u011b kvalitn\u00ed ubytov\u00e1n\u00ed v klidn\u00e9 lokalit\u011b v zeleni, kter\u00e9 nab\u00edz\u00ed M\u00e1ria Apartments v Zalakarosu.","breadcrumb":{"@id":"https:\/\/www.mariaapartman.hu\/cs\/nase-apartmany\/#breadcrumb"},"inLanguage":"cs","potentialAction":[{"@type":"ReadAction","target":["https:\/\/www.mariaapartman.hu\/cs\/nase-apartmany\/"]}]},{"@type":"ImageObject","inLanguage":"cs","@id":"https:\/\/www.mariaapartman.hu\/cs\/nase-apartmany\/#primaryimage","url":"https:\/\/www.mariaapartman.hu\/files\/5-500x333.jpg","contentUrl":"https:\/\/www.mariaapartman.hu\/files\/5-500x333.jpg"},{"@type":"BreadcrumbList","@id":"https:\/\/www.mariaapartman.hu\/cs\/nase-apartmany\/#breadcrumb","itemListElement":[{"@type":"ListItem","position":1,"name":"Home","item":"https:\/\/www.mariaapartman.hu\/cs\/"},{"@type":"ListItem","position":2,"name":"Na\u0161e apartm\u00e1ny"}]},{"@type":"WebSite","@id":"https:\/\/www.mariaapartman.hu\/cs\/#website","url":"https:\/\/www.mariaapartman.hu\/cs\/","name":"M\u00e1ria Apartm\u00e1ny","description":"","publisher":{"@id":"https:\/\/www.mariaapartman.hu\/cs\/#organization"},"potentialAction":[{"@type":"SearchAction","target":{"@type":"EntryPoint","urlTemplate":"https:\/\/www.mariaapartman.hu\/cs\/?s={search_term_string}"},"query-input":{"@type":"PropertyValueSpecification","valueRequired":true,"valueName":"search_term_string"}}],"inLanguage":"cs"},{"@type":"Organization","@id":"https:\/\/www.mariaapartman.hu\/cs\/#organization","name":"M\u00e1ria Apartm\u00e1ny Zalakaros","url":"https:\/\/www.mariaapartman.hu\/cs\/","logo":{"@type":"ImageObject","inLanguage":"cs","@id":"https:\/\/www.mariaapartman.hu\/cs\/#\/schema\/logo\/image\/","url":"","contentUrl":"","caption":"M\u00e1ria Apartm\u00e1ny Zalakaros"},"image":{"@id":"https:\/\/www.mariaapartman.hu\/cs\/#\/schema\/logo\/image\/"},"sameAs":["https:\/\/www.instagram.com\/mariaapartmanok\/"]}]}},"_links":{"self":[{"href":"https:\/\/www.mariaapartman.hu\/cs\/wp-json\/wp\/v2\/pages\/1220","targetHints":{"allow":["GET"]}}],"collection":[{"href":"https:\/\/www.mariaapartman.hu\/cs\/wp-json\/wp\/v2\/pages"}],"about":[{"href":"https:\/\/www.mariaapartman.hu\/cs\/wp-json\/wp\/v2\/types\/page"}],"author":[{"embeddable":true,"href":"https:\/\/www.mariaapartman.hu\/cs\/wp-json\/wp\/v2\/users\/1"}],"replies":[{"embeddable":true,"href":"https:\/\/www.mariaapartman.hu\/cs\/wp-json\/wp\/v2\/comments?post=1220"}],"version-history":[{"count":0,"href":"https:\/\/www.mariaapartman.hu\/cs\/wp-json\/wp\/v2\/pages\/1220\/revisions"}],"wp:attachment":[{"href":"https:\/\/www.mariaapartman.hu\/cs\/wp-json\/wp\/v2\/media?parent=1220"}],"curies":[{"name":"wp","href":"https:\/\/api.w.org\/{rel}","templated":true}]}}