{"id":1240,"date":"2021-03-17T10:57:04","date_gmt":"2021-03-17T10:57:04","guid":{"rendered":"https:\/\/www.mariaapartman.hu\/?page_id=1240"},"modified":"2022-06-15T15:14:52","modified_gmt":"2022-06-15T15:14:52","slug":"ceny","status":"publish","type":"page","link":"https:\/\/www.mariaapartman.hu\/cs\/ceny\/","title":{"rendered":"Ceny"},"content":{"rendered":"<h2>Dal\u0161\u00ed slu\u017eby<\/h2>\n<div class=\"row\">\n<div class=\"col-md-6 order-2 order-md-1\">\n<ul>\n<li>parkov\u00e1n\u00ed na uzav\u0159en\u00e9m parkovi\u0161ti zdarma<\/li>\n<li>wifi v apartm\u00e1nech zdarma<\/li>\n<li>p\u0159\u00edstup k internetu zdarma<\/li>\n<\/ul>\n<\/div>\n<div class=\"col-md-6 order-1 order-md-2\"><img loading=\"lazy\" decoding=\"async\" width=\"500\" height=\"333\" class=\"wp-image-111 img-fluid\" src=\"https:\/\/www.mariaapartman.hu\/files\/arak_04-500x333.jpg\" alt=\"Dal\u0161\u00ed slu\u017eby\" srcset=\"https:\/\/www.mariaapartman.hu\/files\/arak_04-500x333.jpg 500w, https:\/\/www.mariaapartman.hu\/files\/arak_04-300x200.jpg 300w, https:\/\/www.mariaapartman.hu\/files\/arak_04-1536x1024.jpg 1536w, https:\/\/www.mariaapartman.hu\/files\/arak_04.jpg 1604w\" sizes=\"auto, (max-width: 500px) 100vw, 500px\" \/><\/div>\n<\/div>\n<hr \/>\n<div class=\"row\">\n<div class=\"col-md-6 order-1 order-md-2\"><\/div>\n<\/div>\n<h2>P\u0159\u00edjezd-odjezd<\/h2>\n<div class=\"row\">\n<div class=\"col-md-6 order-2 order-md-1\">N\u00e1stup od 13.00 hod,pokoje je nutno v den odjezdu uvolnit do 9.00 hod.Po domluv\u011b lze \u010das upravit dle pot\u0159eby a mo\u017enost\u00ed.<\/div>\n<div class=\"col-md-6 order-1 order-md-2\"><img loading=\"lazy\" decoding=\"async\" width=\"500\" height=\"333\" class=\"wp-image-113 img-fluid\" src=\"https:\/\/www.mariaapartman.hu\/files\/arak_06-500x333.jpg\" alt=\"P\u0159\u00edjezd-odjezd\" srcset=\"https:\/\/www.mariaapartman.hu\/files\/arak_06-500x333.jpg 500w, https:\/\/www.mariaapartman.hu\/files\/arak_06-300x200.jpg 300w, https:\/\/www.mariaapartman.hu\/files\/arak_06.jpg 800w\" sizes=\"auto, (max-width: 500px) 100vw, 500px\" \/><\/div>\n<\/div>\n<hr \/>\n<h2>Rezervace,platba<\/h2>\n<div class=\"row\">\n<div class=\"col\">\n<p>Rezervovat je nutno p\u00edsemn\u011b-e-mailem \u010di dopisem, ev osobn\u011b.Rezervace je z\u00e1vazn\u00e1 po zaplacen\u00ed domluven\u00e9 \u010d\u00e1stky jako z\u00e1lohy.<\/p>\n<ul>\n<li><strong>Platit lze osobn\u011b v hotovosti ev. p\u0159evodem z \u00fa\u010dtu.<\/strong><\/li>\n<li><strong>Bankovn\u00ed spojen\u00ed<\/strong><br \/>\nN\u00e9meth Tam\u00e1s,K&amp;H Bank 10400717-84575152-56561002<br \/>\nP\u0159i rezervaci pot\u0159ebujeme tyto \u00fadaje:jm\u00e9no, celkov\u00e1 \u010d\u00e1stka,po\u010det osob,datum p\u0159\u00edjezdu a odjezdu<\/li>\n<\/ul>\n<\/div>\n<\/div>\n<hr \/>\n<h2>Wi-fi a internetov\u00fd koutek<\/h2>\n<div class=\"row\">\n<div class=\"col-md-6 order-2 order-md-1\">Wi-fi je dostupn\u00e1 v cel\u00e9m are\u00e1lu zdarma, je zde i internetov\u00fd koutek zdarma.<\/div>\n<div class=\"col-md-6 order-1 order-md-2\"><img loading=\"lazy\" decoding=\"async\" width=\"500\" height=\"345\" class=\"wp-image-115 img-fluid\" src=\"https:\/\/www.mariaapartman.hu\/files\/arak_08-500x345.jpg\" alt=\"Wi-fi a internetov\u00fd koutek\" srcset=\"https:\/\/www.mariaapartman.hu\/files\/arak_08-500x345.jpg 500w, https:\/\/www.mariaapartman.hu\/files\/arak_08-300x207.jpg 300w, https:\/\/www.mariaapartman.hu\/files\/arak_08.jpg 1218w\" sizes=\"auto, (max-width: 500px) 100vw, 500px\" \/><\/div>\n<\/div>\n<hr \/>\n<h2>Zalakaro\u0161sk\u00e9 l\u00e9\u010debn\u00e9 a z\u00e1\u017eitkov\u00e9 l\u00e1zn\u011b<\/h2>\n<div class=\"row\">\n<div class=\"col-md-6 order-2 order-md-1\">\n<p>Aktu\u00e1ln\u00ed cen\u00edk vstupenek a otev\u00edrac\u00ed doba l\u00e1zn\u00ed-viz odkaz cen\u00edk z\u00e1\u017eitkov\u00e9 \u010d\u00e1sti<\/p>\n<p><a class=\"read-more\" href=\"https:\/\/hellozalakaros.hu\/belepojegyarak\" target=\"_blank\" rel=\"noopener noreferrer\">viz odkaz<\/a><\/p>\n<\/div>\n<div class=\"col-md-6 order-1 order-md-2\"><img decoding=\"async\" class=\"size-large img-fluid\" src=\"https:\/\/www.mariaapartman.hu\/files\/arak_09-500x335.jpeg\" alt=\"Zalakarosi Gy\u00f3gy-, \u00e9s \u00c9lm\u00e9nyf\u00fcrd\u0151\" \/><\/div>\n<\/div>\n<hr \/>\n<h2>Restaurace v okol\u00ed<\/h2>\n<div class=\"row\">\n<div class=\"col-md-6 order-2 order-md-1\">\n<p>Kliknut\u00edm na tento odkaz zobraz\u00edte m\u00edstn\u00ed restaurace, jejich j\u00eddeln\u00ed l\u00edstky a cen\u00edky.<\/p>\n<ul>\n<li><a href=\"http:\/\/friskopanzio.hu\/etterem-sorkert\" target=\"_blank\" rel=\"noopener noreferrer\">FRISK\u00d3 VEND\u00c9GL\u0150<\/a><\/li>\n<li><a href=\"http:\/\/zalakaros-etterem.hu\/\" target=\"_blank\" rel=\"noopener noreferrer\">LAMAR \u00c9TTEREM \u00c9S PIZZ\u00c9RIA<\/a><\/li>\n<li><a href=\"https:\/\/kilatoborozo.hu\/\" target=\"_blank\" rel=\"noopener noreferrer\">KIL\u00c1T\u00d3 BOROZ\u00d3<\/a><\/li>\n<li><a href=\"https:\/\/aranyszarvas.info\/\" target=\"_blank\" rel=\"noopener noreferrer\">ARANYSZARVAS VEND\u00c9GL\u0150<\/a><\/li>\n<li><a href=\"https:\/\/www.facebook.com\/pg\/reginakavehazesetterem\/about\/?tab=overview\" target=\"_blank\" rel=\"noopener noreferrer\">REGINA \u00c9TTEREM<\/a><\/li>\n<li><a href=\"http:\/\/szilagyicukraszda.hu\/\" target=\"_blank\" rel=\"noopener noreferrer\">Szil\u00e1gyi Cukr\u00e1szda Zalakaros<\/a><\/li>\n<li><a href=\"https:\/\/goo.gl\/maps\/bBgXRxCiYPdYqFi5A\" target=\"_blank\" rel=\"noopener noreferrer\">TRIESTE CAFFE ESPRESSO<\/a><\/li>\n<\/ul>\n<\/div>\n<div class=\"col-md-6 order-1 order-md-2\"><img loading=\"lazy\" decoding=\"async\" width=\"500\" height=\"345\" class=\"wp-image-117 img-fluid\" src=\"https:\/\/www.mariaapartman.hu\/files\/arak_10-500x345.jpg\" alt=\"\u00c9ttermek a k\u00f6zelben\" srcset=\"https:\/\/www.mariaapartman.hu\/files\/arak_10-500x345.jpg 500w, https:\/\/www.mariaapartman.hu\/files\/arak_10-300x207.jpg 300w, https:\/\/www.mariaapartman.hu\/files\/arak_10.jpg 1218w\" sizes=\"auto, (max-width: 500px) 100vw, 500px\" \/><\/div>\n<\/div>\n","protected":false},"excerpt":{"rendered":"<p>Dal\u0161\u00ed slu\u017eby parkov\u00e1n\u00ed na uzav\u0159en\u00e9m parkovi\u0161ti zdarma wifi v apartm\u00e1nech zdarma p\u0159\u00edstup k internetu zdarma P\u0159\u00edjezd-odjezd N\u00e1stup od 13.00 hod,pokoje je nutno v den odjezdu uvolnit do 9.00 hod.Po domluv\u011b lze \u010das upravit dle pot\u0159eby a mo\u017enost\u00ed. Rezervace,platba Rezervovat je nutno p\u00edsemn\u011b-e-mailem \u010di dopisem, ev osobn\u011b.Rezervace je z\u00e1vazn\u00e1 po zaplacen\u00ed domluven\u00e9 \u010d\u00e1stky jako z\u00e1lohy. Platit <a href=\"https:\/\/www.mariaapartman.hu\/cs\/ceny\/\" class=\"more-link\">&#8230;<\/a><\/p>\n","protected":false},"author":1,"featured_media":0,"parent":0,"menu_order":0,"comment_status":"closed","ping_status":"closed","template":"template-arak.php","meta":{"footnotes":""},"class_list":["post-1240","page","type-page","status-publish","hentry"],"yoast_head":"<!-- This site is optimized with the Yoast SEO plugin v26.7 - https:\/\/yoast.com\/wordpress\/plugins\/seo\/ -->\n<title>Levn\u00e9 ubytov\u00e1n\u00ed v Zalakarosu &#187; Ceny &#187; M\u00e1ria Apartm\u00e1ny &#187; Zalakaros<\/title>\n<meta name=\"description\" content=\"Byt v Zalakaros, v klidn\u00e9 zelen\u00e9 oblasti. V bl\u00edzkosti vchodu do l\u00e1zn\u00ed Zalakaros. Vybrat si m\u016f\u017eete z n\u011bkolika typ\u016f apartm\u00e1n\u016f. Vyberte si ten, kter\u00fd v\u00e1m nejl\u00e9pe vyhovuje!\" \/>\n<meta name=\"robots\" content=\"index, follow, max-snippet:-1, max-image-preview:large, max-video-preview:-1\" \/>\n<link rel=\"canonical\" href=\"https:\/\/www.mariaapartman.hu\/cs\/ceny\/\" \/>\n<meta property=\"og:locale\" content=\"cs_CZ\" \/>\n<meta property=\"og:type\" content=\"article\" \/>\n<meta property=\"og:title\" content=\"Levn\u00e9 ubytov\u00e1n\u00ed v Zalakarosu &#187; Ceny &#187; M\u00e1ria Apartm\u00e1ny &#187; Zalakaros\" \/>\n<meta property=\"og:description\" content=\"Byt v Zalakaros, v klidn\u00e9 zelen\u00e9 oblasti. V bl\u00edzkosti vchodu do l\u00e1zn\u00ed Zalakaros. Vybrat si m\u016f\u017eete z n\u011bkolika typ\u016f apartm\u00e1n\u016f. Vyberte si ten, kter\u00fd v\u00e1m nejl\u00e9pe vyhovuje!\" \/>\n<meta property=\"og:url\" content=\"https:\/\/www.mariaapartman.hu\/cs\/ceny\/\" \/>\n<meta property=\"og:site_name\" content=\"M\u00e1ria Apartm\u00e1ny\" \/>\n<meta property=\"article:modified_time\" content=\"2022-06-15T15:14:52+00:00\" \/>\n<meta property=\"og:image\" content=\"https:\/\/www.mariaapartman.hu\/files\/arak_04-500x333.jpg\" \/>\n<meta name=\"twitter:card\" content=\"summary_large_image\" \/>\n<meta name=\"twitter:label1\" content=\"Odhadovan\u00e1 doba \u010dten\u00ed\" \/>\n\t<meta name=\"twitter:data1\" content=\"2 minuty\" \/>\n<script type=\"application\/ld+json\" class=\"yoast-schema-graph\">{\"@context\":\"https:\/\/schema.org\",\"@graph\":[{\"@type\":\"WebPage\",\"@id\":\"https:\/\/www.mariaapartman.hu\/cs\/ceny\/\",\"url\":\"https:\/\/www.mariaapartman.hu\/cs\/ceny\/\",\"name\":\"Levn\u00e9 ubytov\u00e1n\u00ed v Zalakarosu &#187; Ceny &#187; M\u00e1ria Apartm\u00e1ny &#187; Zalakaros\",\"isPartOf\":{\"@id\":\"https:\/\/www.mariaapartman.hu\/cs\/#website\"},\"primaryImageOfPage\":{\"@id\":\"https:\/\/www.mariaapartman.hu\/cs\/ceny\/#primaryimage\"},\"image\":{\"@id\":\"https:\/\/www.mariaapartman.hu\/cs\/ceny\/#primaryimage\"},\"thumbnailUrl\":\"https:\/\/www.mariaapartman.hu\/files\/arak_04-500x333.jpg\",\"datePublished\":\"2021-03-17T10:57:04+00:00\",\"dateModified\":\"2022-06-15T15:14:52+00:00\",\"description\":\"Byt v Zalakaros, v klidn\u00e9 zelen\u00e9 oblasti. V bl\u00edzkosti vchodu do l\u00e1zn\u00ed Zalakaros. Vybrat si m\u016f\u017eete z n\u011bkolika typ\u016f apartm\u00e1n\u016f. Vyberte si ten, kter\u00fd v\u00e1m nejl\u00e9pe vyhovuje!\",\"breadcrumb\":{\"@id\":\"https:\/\/www.mariaapartman.hu\/cs\/ceny\/#breadcrumb\"},\"inLanguage\":\"cs\",\"potentialAction\":[{\"@type\":\"ReadAction\",\"target\":[\"https:\/\/www.mariaapartman.hu\/cs\/ceny\/\"]}]},{\"@type\":\"ImageObject\",\"inLanguage\":\"cs\",\"@id\":\"https:\/\/www.mariaapartman.hu\/cs\/ceny\/#primaryimage\",\"url\":\"https:\/\/www.mariaapartman.hu\/files\/arak_04-500x333.jpg\",\"contentUrl\":\"https:\/\/www.mariaapartman.hu\/files\/arak_04-500x333.jpg\"},{\"@type\":\"BreadcrumbList\",\"@id\":\"https:\/\/www.mariaapartman.hu\/cs\/ceny\/#breadcrumb\",\"itemListElement\":[{\"@type\":\"ListItem\",\"position\":1,\"name\":\"Home\",\"item\":\"https:\/\/www.mariaapartman.hu\/cs\/\"},{\"@type\":\"ListItem\",\"position\":2,\"name\":\"Ceny\"}]},{\"@type\":\"WebSite\",\"@id\":\"https:\/\/www.mariaapartman.hu\/cs\/#website\",\"url\":\"https:\/\/www.mariaapartman.hu\/cs\/\",\"name\":\"M\u00e1ria Apartm\u00e1ny\",\"description\":\"\",\"publisher\":{\"@id\":\"https:\/\/www.mariaapartman.hu\/cs\/#organization\"},\"potentialAction\":[{\"@type\":\"SearchAction\",\"target\":{\"@type\":\"EntryPoint\",\"urlTemplate\":\"https:\/\/www.mariaapartman.hu\/cs\/?s={search_term_string}\"},\"query-input\":{\"@type\":\"PropertyValueSpecification\",\"valueRequired\":true,\"valueName\":\"search_term_string\"}}],\"inLanguage\":\"cs\"},{\"@type\":\"Organization\",\"@id\":\"https:\/\/www.mariaapartman.hu\/cs\/#organization\",\"name\":\"M\u00e1ria Apartm\u00e1ny Zalakaros\",\"url\":\"https:\/\/www.mariaapartman.hu\/cs\/\",\"logo\":{\"@type\":\"ImageObject\",\"inLanguage\":\"cs\",\"@id\":\"https:\/\/www.mariaapartman.hu\/cs\/#\/schema\/logo\/image\/\",\"url\":\"\",\"contentUrl\":\"\",\"caption\":\"M\u00e1ria Apartm\u00e1ny Zalakaros\"},\"image\":{\"@id\":\"https:\/\/www.mariaapartman.hu\/cs\/#\/schema\/logo\/image\/\"},\"sameAs\":[\"https:\/\/www.instagram.com\/mariaapartmanok\/\"]}]}<\/script>\n<!-- \/ Yoast SEO plugin. -->","yoast_head_json":{"title":"Levn\u00e9 ubytov\u00e1n\u00ed v Zalakarosu &#187; Ceny &#187; M\u00e1ria Apartm\u00e1ny &#187; Zalakaros","description":"Byt v Zalakaros, v klidn\u00e9 zelen\u00e9 oblasti. V bl\u00edzkosti vchodu do l\u00e1zn\u00ed Zalakaros. Vybrat si m\u016f\u017eete z n\u011bkolika typ\u016f apartm\u00e1n\u016f. Vyberte si ten, kter\u00fd v\u00e1m nejl\u00e9pe vyhovuje!","robots":{"index":"index","follow":"follow","max-snippet":"max-snippet:-1","max-image-preview":"max-image-preview:large","max-video-preview":"max-video-preview:-1"},"canonical":"https:\/\/www.mariaapartman.hu\/cs\/ceny\/","og_locale":"cs_CZ","og_type":"article","og_title":"Levn\u00e9 ubytov\u00e1n\u00ed v Zalakarosu &#187; Ceny &#187; M\u00e1ria Apartm\u00e1ny &#187; Zalakaros","og_description":"Byt v Zalakaros, v klidn\u00e9 zelen\u00e9 oblasti. V bl\u00edzkosti vchodu do l\u00e1zn\u00ed Zalakaros. Vybrat si m\u016f\u017eete z n\u011bkolika typ\u016f apartm\u00e1n\u016f. Vyberte si ten, kter\u00fd v\u00e1m nejl\u00e9pe vyhovuje!","og_url":"https:\/\/www.mariaapartman.hu\/cs\/ceny\/","og_site_name":"M\u00e1ria Apartm\u00e1ny","article_modified_time":"2022-06-15T15:14:52+00:00","og_image":[{"url":"https:\/\/www.mariaapartman.hu\/files\/arak_04-500x333.jpg","type":"","width":"","height":""}],"twitter_card":"summary_large_image","twitter_misc":{"Odhadovan\u00e1 doba \u010dten\u00ed":"2 minuty"},"schema":{"@context":"https:\/\/schema.org","@graph":[{"@type":"WebPage","@id":"https:\/\/www.mariaapartman.hu\/cs\/ceny\/","url":"https:\/\/www.mariaapartman.hu\/cs\/ceny\/","name":"Levn\u00e9 ubytov\u00e1n\u00ed v Zalakarosu &#187; Ceny &#187; M\u00e1ria Apartm\u00e1ny &#187; Zalakaros","isPartOf":{"@id":"https:\/\/www.mariaapartman.hu\/cs\/#website"},"primaryImageOfPage":{"@id":"https:\/\/www.mariaapartman.hu\/cs\/ceny\/#primaryimage"},"image":{"@id":"https:\/\/www.mariaapartman.hu\/cs\/ceny\/#primaryimage"},"thumbnailUrl":"https:\/\/www.mariaapartman.hu\/files\/arak_04-500x333.jpg","datePublished":"2021-03-17T10:57:04+00:00","dateModified":"2022-06-15T15:14:52+00:00","description":"Byt v Zalakaros, v klidn\u00e9 zelen\u00e9 oblasti. V bl\u00edzkosti vchodu do l\u00e1zn\u00ed Zalakaros. Vybrat si m\u016f\u017eete z n\u011bkolika typ\u016f apartm\u00e1n\u016f. Vyberte si ten, kter\u00fd v\u00e1m nejl\u00e9pe vyhovuje!","breadcrumb":{"@id":"https:\/\/www.mariaapartman.hu\/cs\/ceny\/#breadcrumb"},"inLanguage":"cs","potentialAction":[{"@type":"ReadAction","target":["https:\/\/www.mariaapartman.hu\/cs\/ceny\/"]}]},{"@type":"ImageObject","inLanguage":"cs","@id":"https:\/\/www.mariaapartman.hu\/cs\/ceny\/#primaryimage","url":"https:\/\/www.mariaapartman.hu\/files\/arak_04-500x333.jpg","contentUrl":"https:\/\/www.mariaapartman.hu\/files\/arak_04-500x333.jpg"},{"@type":"BreadcrumbList","@id":"https:\/\/www.mariaapartman.hu\/cs\/ceny\/#breadcrumb","itemListElement":[{"@type":"ListItem","position":1,"name":"Home","item":"https:\/\/www.mariaapartman.hu\/cs\/"},{"@type":"ListItem","position":2,"name":"Ceny"}]},{"@type":"WebSite","@id":"https:\/\/www.mariaapartman.hu\/cs\/#website","url":"https:\/\/www.mariaapartman.hu\/cs\/","name":"M\u00e1ria Apartm\u00e1ny","description":"","publisher":{"@id":"https:\/\/www.mariaapartman.hu\/cs\/#organization"},"potentialAction":[{"@type":"SearchAction","target":{"@type":"EntryPoint","urlTemplate":"https:\/\/www.mariaapartman.hu\/cs\/?s={search_term_string}"},"query-input":{"@type":"PropertyValueSpecification","valueRequired":true,"valueName":"search_term_string"}}],"inLanguage":"cs"},{"@type":"Organization","@id":"https:\/\/www.mariaapartman.hu\/cs\/#organization","name":"M\u00e1ria Apartm\u00e1ny Zalakaros","url":"https:\/\/www.mariaapartman.hu\/cs\/","logo":{"@type":"ImageObject","inLanguage":"cs","@id":"https:\/\/www.mariaapartman.hu\/cs\/#\/schema\/logo\/image\/","url":"","contentUrl":"","caption":"M\u00e1ria Apartm\u00e1ny Zalakaros"},"image":{"@id":"https:\/\/www.mariaapartman.hu\/cs\/#\/schema\/logo\/image\/"},"sameAs":["https:\/\/www.instagram.com\/mariaapartmanok\/"]}]}},"_links":{"self":[{"href":"https:\/\/www.mariaapartman.hu\/cs\/wp-json\/wp\/v2\/pages\/1240","targetHints":{"allow":["GET"]}}],"collection":[{"href":"https:\/\/www.mariaapartman.hu\/cs\/wp-json\/wp\/v2\/pages"}],"about":[{"href":"https:\/\/www.mariaapartman.hu\/cs\/wp-json\/wp\/v2\/types\/page"}],"author":[{"embeddable":true,"href":"https:\/\/www.mariaapartman.hu\/cs\/wp-json\/wp\/v2\/users\/1"}],"replies":[{"embeddable":true,"href":"https:\/\/www.mariaapartman.hu\/cs\/wp-json\/wp\/v2\/comments?post=1240"}],"version-history":[{"count":0,"href":"https:\/\/www.mariaapartman.hu\/cs\/wp-json\/wp\/v2\/pages\/1240\/revisions"}],"wp:attachment":[{"href":"https:\/\/www.mariaapartman.hu\/cs\/wp-json\/wp\/v2\/media?parent=1240"}],"curies":[{"name":"wp","href":"https:\/\/api.w.org\/{rel}","templated":true}]}}