{"id":426,"date":"2021-03-02T12:39:30","date_gmt":"2021-03-02T12:39:30","guid":{"rendered":"https:\/\/www.mariaapartman.hu\/?page_id=426"},"modified":"2022-06-15T15:21:16","modified_gmt":"2022-06-15T15:21:16","slug":"fragen-antworten","status":"publish","type":"page","link":"https:\/\/www.mariaapartman.hu\/de\/fragen-antworten\/","title":{"rendered":"Fragen &#8211; Antworten"},"content":{"rendered":"<h2>1. In welchem Zeitraum ist die Unterkunft ge\u00f6ffnet?<\/h2>\n<p>Unser Appartementhaus wartet auf unsere G\u00e4ste das ganze Jahr hindurch.<\/p>\n<hr \/>\n<h2>2. Wann sollte ich reservieren?<\/h2>\n<p>M\u00f6chten Sie sich bei uns im Fr\u00fchling-Sommer erholen, ist es zweckm\u00e4\u00dfig, 2-7 Monate fr\u00fcher nachzudenken und zu <a href=\"https:\/\/www.mariaapartman.hu\/de\/anfrage-buchung\/\">reservieren<\/a>.<\/p>\n<hr \/>\n<h2>3. Kann das Appartement auch f\u00fcr 1-2 \u00dcbernachtungen reserviert werden?<\/h2>\n<p>Ja, aber f\u00fcr einen l\u00e4ngeren Aufenthalt gew\u00e4hren wir Ihnen g\u00fcnstigere Preise.<\/p>\n<hr \/>\n<h2>4. Wie erfolgt die Reservierung?<\/h2>\n<p>Die Reservierung der Unterkunft kann via E-Mail, Postbrief oder pers\u00f6nlich erfolgen.<\/p>\n<ul>\n<li>Geben Sie Ihre Daten, den gew\u00fcnschten Zeitraum und Ihre eventuelle Fragen im Datenblatt f\u00fcr \u201eErkundigung\/Reservierung\u201c. Unsere Antwort, bzw. die Best\u00e4tigung Ihrer Reservierung erhalten Sie via E-Mail. Die Reservierungsbest\u00e4tigung beinhaltet den Zeitraum, die Anzahl der G\u00e4ste, die Kosten und die Zahlungstermine. Lesen Sie bitte das Reservierungsblatt sorgf\u00e4ltig durch und bringen Sie es mit. Danach haben Sie nur eine einzige Aufgabe, Ihren Koffer einzupacken. Wir freuen uns auf Ihre Anreise.<\/li>\n<li>E-mail: mariaapartmanok@gmail.com<\/li>\n<li>Via Brief. Unsere Adresse: Appartements Maria Zalakaros, 8749 Zalakaros, Kanicai utca 5.<\/li>\n<li>Pers\u00f6nlich<\/li>\n<\/ul>\n<hr \/>\n<h2>5. Soll ich eine Anzahlung bezahlen?<\/h2>\n<p>Ja, die Reservierung ist mit der Erf\u00fcllung einer Anzahlung vollst\u00e4ndig. Der Betrag der Anzahlung wird je Reservierung vereinbart. Der Betrag der \u00fcberwiesenen Anzahlung wird von dem Endbetrag abgezogen. Der restliche Betrag der Unterkunftskosten muss bei der Anreise bezahlt werden.<\/p>\n<hr \/>\n<h2>6. Wie erfolgt die Erf\u00fcllung der Anzahlung?<\/h2>\n<p>Der Betrag der Anzahlung, bzw. der Unterkunft k\u00f6nnen Sie wie folgt bezahlen:<\/p>\n<ul>\n<li>Pers\u00f6nlich in Bargeld<\/li>\n<li>Durch Bank\u00fcberweisung auf die folgende Kontonummer N\u00e9meth Tam\u00e1s ,K&amp;H 10400717-84575152-56561002 (in die Mitteilung bitte die Folgenden anzugeben: Name, Betrag der Unterkunftskosten, Anzahl der G\u00e4ste, Zeitpunkt der An- und Abreise)<\/li>\n<\/ul>\n<hr \/>\n<h2>7. Ist eine Kartezahlung m\u00f6glich?<\/h2>\n<p>Nein, zurzeit ist keine Kartezahlung m\u00f6glich.<\/p>\n<hr \/>\n<h2>8. Wann kann die Unterkunft besetzt werden?<\/h2>\n<p>Die Unterkunft kann ab 13.00 Uhr an dem Anreisetag in Anspruch genommen werden. Das Appartementhaus kann von der aktuellen Anzahl der Reservierungen auch eine fr\u00fchere Inanspruchnahme laut vorheriger Abstimmung gew\u00e4hren.<\/p>\n<hr \/>\n<h2>9. Wann muss die Unterkunft verlassen werden?<\/h2>\n<p>Die Unterkunft muss am Abreisetag sp\u00e4testens bis zum 9.00 Uhr verlassen werden.<\/p>\n<hr \/>\n<h2>10. D\u00fcrfen kleine Tiere in die Unterkunft hineingebracht werden?<\/h2>\n<p>Ja, kleine Tiere d\u00fcrfen gegen Entgelt hineingebracht werden. ( 6 \u20ac \/ Tag )<\/p>\n<hr \/>\n<h2>11. Ist das Rauchen in der Unterkunft genehmigt?<\/h2>\n<p>Auf dem ganzen Bereich der Appartementh\u00e4user ist das Rauchen VERBOTEN. Das Rauchen ist nur an den bezeichneten Orten genehmigt (Terrasse, Balkon, Hof)<\/p>\n<hr \/>\n<h2>12. Geh\u00f6ren Parkpl\u00e4tze zu der Unterkunft?<\/h2>\n<p>Ja, auf dem Bereich unseres Appartementhauses warten ausgestaltete <a href=\"https:\/\/www.mariaapartman.hu\/de\/galerie\/\">Parkpl\u00e4tze<\/a> auf unsere G\u00e4ste. Die Parkpl\u00e4tze des Appartementhauses d\u00fcrfen nur mit Autos in ausgezeichneten Zust\u00e4nde in Anspruch genommen werden.<\/p>\n<hr \/>\n<h2>13. Ist das Parken geb\u00fchrenpflichtig?<\/h2>\n<p>Nein, die Parkpl\u00e4tze werden f\u00fcr unsere G\u00e4ste frei zur Verf\u00fcgung gestellt. Das Parken ist frei.<\/p>\n<hr \/>\n<h2>14. Gibt es eine M\u00f6glichkeit f\u00fcr Parken in einer Garage?<\/h2>\n<p>Ja, gegen Entgelt gew\u00e4hren wir auf Anfrage eine geschlossene Garage f\u00fcr die Autos unserer G\u00e4ste. ( 6 \u20ac \/ Tag )<\/p>\n<hr \/>\n<h2>15. Beinhaltet der Preis Mahlzeiten?<\/h2>\n<p>Nein, unsere Unterk\u00fcnfte sind selbstbedienend.<\/p>\n<hr \/>\n<h2>16. Kann auch eine Halbpension reserviert werden?<\/h2>\n<p>Unser Appartementhaus gew\u00e4hrt keine Halbpension. Unser Appartementhaus wird selbstbedienend betrieben, wozu wir eine vollst\u00e4ndig ausgestattete K\u00fcche versichern. Mahlzeiten k\u00f6nnen in dem nahestehenden Restaurant (aus reichliche <a href=\"https:\/\/aranyszarvas.info\/nemet\/\">Men\u00fcs<\/a> oder <a href=\"http:\/\/friskopanzio.hu\/de\">\u00c1 la Carte<\/a>) angefragt werden.<\/p>\n<hr \/>\n<h2>17. Gibt es eine M\u00f6glichkeit f\u00fcr Selbstbedienung in den H\u00e4usern?<\/h2>\n<p>Ja, unsere Unterk\u00fcnfte sind selbstbedienend, mit gut ausgestatteten K\u00fcchen.<\/p>\n<hr \/>\n<h2>18. Was f\u00fcr eine Ausstattung gibt es in den K\u00fcchen?<\/h2>\n<p>Zur Ausstattung der K\u00fcchen geh\u00f6ren K\u00fchlschrank, Sp\u00fclbecken, Kochplatte, Kaffeemaschine, Wasserkocher, Essbestecken, Geschirre, K\u00fcchenhandtuch.<\/p>\n<hr \/>\n<h2>19. Kann ein extra Bett in die Appartements hineingestellt werden?<\/h2>\n<p>Ja, die meisten Appartements k\u00f6nnen mit einem extra Bett versehen werden. ( 6 \u20ac \/ Tag )<\/p>\n<hr \/>\n<h2>20. Gew\u00e4hren Sie Bettw\u00e4sche?<\/h2>\n<p>Ja, Bettw\u00e4sche, Handt\u00fccher, Badematten und K\u00fcchenhandtuch werden von uns gew\u00e4hrt.<\/p>\n<hr \/>\n<h2>21. Bekommen die G\u00e4ste Badet\u00fccher?<\/h2>\n<p>Die Badezimmer sind nur mit Handtuch und Badematte ausger\u00fcstet.<\/p>\n<hr \/>\n<h2>22. Gibt es Wifi und Internet in der Unterkunft?<\/h2>\n<p>Im Computer im Vorsaal d\u00fcrfen Sie das Internet ohne Entgelt nutzen, dar\u00fcber hinaus gew\u00e4hren wir Wifi auf dem ganzen Bereich der Unterkunft.<\/p>\n<hr \/>\n<h2>23. Gibt es Klimaanlage in der Unterkunft?<\/h2>\n<p>Ja, in bestimmten Appartements kann die Klimaanlage gegen Entgelt in Anspruch genommen werden. ( 6 \u20ac HUF \/ Tag )<\/p>\n<hr \/>\n<h2>24. Was passiert, wenn ich meine Reservierung l\u00f6sche?<\/h2>\n<p>Bei der Reservierungen mit Anzahlung k\u00f6nnen wir den Betrag der Anzahlung NICHT zur\u00fcckzahlen.<\/p>\n<hr \/>\n<h2>25. Was passiert, wenn ich vor dem reservierten Abreisetag die Unterkunft verlasse?<\/h2>\n<p>Nach der \u00dcbergabe der Schl\u00fcssel k\u00f6nnen die G\u00e4ste die Unterkunft zwischen dem reservierten Anreisetag und Abreisetag irgendwann verlassen, aber in diesem Fall sind sie verpflichtet, den Betrag f\u00fcr den ganzen reservierten Zeitraum zu bezahlen.<\/p>\n","protected":false},"excerpt":{"rendered":"<p>1. In welchem Zeitraum ist die Unterkunft ge\u00f6ffnet? Unser Appartementhaus wartet auf unsere G\u00e4ste das ganze Jahr hindurch. 2. Wann sollte ich reservieren? M\u00f6chten Sie sich bei uns im Fr\u00fchling-Sommer erholen, ist es zweckm\u00e4\u00dfig, 2-7 Monate fr\u00fcher nachzudenken und zu reservieren. 3. Kann das Appartement auch f\u00fcr 1-2 \u00dcbernachtungen reserviert werden? Ja, aber f\u00fcr einen <a href=\"https:\/\/www.mariaapartman.hu\/de\/fragen-antworten\/\" class=\"more-link\">&#8230;<\/a><\/p>\n","protected":false},"author":1,"featured_media":0,"parent":0,"menu_order":0,"comment_status":"closed","ping_status":"closed","template":"","meta":{"footnotes":""},"class_list":["post-426","page","type-page","status-publish","hentry"],"yoast_head":"<!-- This site is optimized with the Yoast SEO plugin v27.5 - https:\/\/yoast.com\/product\/yoast-seo-wordpress\/ -->\n<title>Fragen Sie nach unserer Unterkunft! &#187; M\u00e1ria Appartements &#187; Zalakaros<\/title>\n<meta name=\"description\" content=\"Hier finden Sie die Antworten auf alle Ihre Fragen zu den Unterk\u00fcnften und Dienstleistungen des M\u00e1ria Apartmanok Zalakaros.\" \/>\n<meta name=\"robots\" content=\"index, follow, max-snippet:-1, max-image-preview:large, max-video-preview:-1\" \/>\n<link rel=\"canonical\" href=\"https:\/\/www.mariaapartman.hu\/de\/fragen-antworten\/\" \/>\n<meta property=\"og:locale\" content=\"de_DE\" \/>\n<meta property=\"og:type\" content=\"article\" \/>\n<meta property=\"og:title\" content=\"Fragen Sie nach unserer Unterkunft! &#187; M\u00e1ria Appartements &#187; Zalakaros\" \/>\n<meta property=\"og:description\" content=\"Hier finden Sie die Antworten auf alle Ihre Fragen zu den Unterk\u00fcnften und Dienstleistungen des M\u00e1ria Apartmanok Zalakaros.\" \/>\n<meta property=\"og:url\" content=\"https:\/\/www.mariaapartman.hu\/de\/fragen-antworten\/\" \/>\n<meta property=\"og:site_name\" content=\"M\u00e1ria Appartements\" \/>\n<meta property=\"article:modified_time\" content=\"2022-06-15T15:21:16+00:00\" \/>\n<meta name=\"twitter:card\" content=\"summary_large_image\" \/>\n<meta name=\"twitter:label1\" content=\"Gesch\u00e4tzte Lesezeit\" \/>\n\t<meta name=\"twitter:data1\" content=\"4\u00a0Minuten\" \/>\n<script type=\"application\/ld+json\" class=\"yoast-schema-graph\">{\"@context\":\"https:\\\/\\\/schema.org\",\"@graph\":[{\"@type\":\"WebPage\",\"@id\":\"https:\\\/\\\/www.mariaapartman.hu\\\/de\\\/fragen-antworten\\\/\",\"url\":\"https:\\\/\\\/www.mariaapartman.hu\\\/de\\\/fragen-antworten\\\/\",\"name\":\"Fragen Sie nach unserer Unterkunft! &#187; M\u00e1ria Appartements &#187; Zalakaros\",\"isPartOf\":{\"@id\":\"https:\\\/\\\/www.mariaapartman.hu\\\/de\\\/#website\"},\"datePublished\":\"2021-03-02T12:39:30+00:00\",\"dateModified\":\"2022-06-15T15:21:16+00:00\",\"description\":\"Hier finden Sie die Antworten auf alle Ihre Fragen zu den Unterk\u00fcnften und Dienstleistungen des M\u00e1ria Apartmanok Zalakaros.\",\"breadcrumb\":{\"@id\":\"https:\\\/\\\/www.mariaapartman.hu\\\/de\\\/fragen-antworten\\\/#breadcrumb\"},\"inLanguage\":\"de\",\"potentialAction\":[{\"@type\":\"ReadAction\",\"target\":[\"https:\\\/\\\/www.mariaapartman.hu\\\/de\\\/fragen-antworten\\\/\"]}]},{\"@type\":\"BreadcrumbList\",\"@id\":\"https:\\\/\\\/www.mariaapartman.hu\\\/de\\\/fragen-antworten\\\/#breadcrumb\",\"itemListElement\":[{\"@type\":\"ListItem\",\"position\":1,\"name\":\"Home\",\"item\":\"https:\\\/\\\/www.mariaapartman.hu\\\/de\\\/\"},{\"@type\":\"ListItem\",\"position\":2,\"name\":\"Fragen &#8211; Antworten\"}]},{\"@type\":\"WebSite\",\"@id\":\"https:\\\/\\\/www.mariaapartman.hu\\\/de\\\/#website\",\"url\":\"https:\\\/\\\/www.mariaapartman.hu\\\/de\\\/\",\"name\":\"M\u00e1ria Appartements\",\"description\":\"\",\"publisher\":{\"@id\":\"https:\\\/\\\/www.mariaapartman.hu\\\/de\\\/#organization\"},\"potentialAction\":[{\"@type\":\"SearchAction\",\"target\":{\"@type\":\"EntryPoint\",\"urlTemplate\":\"https:\\\/\\\/www.mariaapartman.hu\\\/de\\\/?s={search_term_string}\"},\"query-input\":{\"@type\":\"PropertyValueSpecification\",\"valueRequired\":true,\"valueName\":\"search_term_string\"}}],\"inLanguage\":\"de\"},{\"@type\":\"Organization\",\"@id\":\"https:\\\/\\\/www.mariaapartman.hu\\\/de\\\/#organization\",\"name\":\"Maria Apartments Zalakaros\",\"url\":\"https:\\\/\\\/www.mariaapartman.hu\\\/de\\\/\",\"logo\":{\"@type\":\"ImageObject\",\"inLanguage\":\"de\",\"@id\":\"https:\\\/\\\/www.mariaapartman.hu\\\/de\\\/#\\\/schema\\\/logo\\\/image\\\/\",\"url\":\"\",\"contentUrl\":\"\",\"caption\":\"Maria Apartments Zalakaros\"},\"image\":{\"@id\":\"https:\\\/\\\/www.mariaapartman.hu\\\/de\\\/#\\\/schema\\\/logo\\\/image\\\/\"},\"sameAs\":[\"https:\\\/\\\/www.instagram.com\\\/mariaapartmanok\\\/\"]}]}<\/script>\n<!-- \/ Yoast SEO plugin. -->","yoast_head_json":{"title":"Fragen Sie nach unserer Unterkunft! &#187; M\u00e1ria Appartements &#187; Zalakaros","description":"Hier finden Sie die Antworten auf alle Ihre Fragen zu den Unterk\u00fcnften und Dienstleistungen des M\u00e1ria Apartmanok Zalakaros.","robots":{"index":"index","follow":"follow","max-snippet":"max-snippet:-1","max-image-preview":"max-image-preview:large","max-video-preview":"max-video-preview:-1"},"canonical":"https:\/\/www.mariaapartman.hu\/de\/fragen-antworten\/","og_locale":"de_DE","og_type":"article","og_title":"Fragen Sie nach unserer Unterkunft! &#187; M\u00e1ria Appartements &#187; Zalakaros","og_description":"Hier finden Sie die Antworten auf alle Ihre Fragen zu den Unterk\u00fcnften und Dienstleistungen des M\u00e1ria Apartmanok Zalakaros.","og_url":"https:\/\/www.mariaapartman.hu\/de\/fragen-antworten\/","og_site_name":"M\u00e1ria Appartements","article_modified_time":"2022-06-15T15:21:16+00:00","twitter_card":"summary_large_image","twitter_misc":{"Gesch\u00e4tzte Lesezeit":"4\u00a0Minuten"},"schema":{"@context":"https:\/\/schema.org","@graph":[{"@type":"WebPage","@id":"https:\/\/www.mariaapartman.hu\/de\/fragen-antworten\/","url":"https:\/\/www.mariaapartman.hu\/de\/fragen-antworten\/","name":"Fragen Sie nach unserer Unterkunft! &#187; M\u00e1ria Appartements &#187; Zalakaros","isPartOf":{"@id":"https:\/\/www.mariaapartman.hu\/de\/#website"},"datePublished":"2021-03-02T12:39:30+00:00","dateModified":"2022-06-15T15:21:16+00:00","description":"Hier finden Sie die Antworten auf alle Ihre Fragen zu den Unterk\u00fcnften und Dienstleistungen des M\u00e1ria Apartmanok Zalakaros.","breadcrumb":{"@id":"https:\/\/www.mariaapartman.hu\/de\/fragen-antworten\/#breadcrumb"},"inLanguage":"de","potentialAction":[{"@type":"ReadAction","target":["https:\/\/www.mariaapartman.hu\/de\/fragen-antworten\/"]}]},{"@type":"BreadcrumbList","@id":"https:\/\/www.mariaapartman.hu\/de\/fragen-antworten\/#breadcrumb","itemListElement":[{"@type":"ListItem","position":1,"name":"Home","item":"https:\/\/www.mariaapartman.hu\/de\/"},{"@type":"ListItem","position":2,"name":"Fragen &#8211; Antworten"}]},{"@type":"WebSite","@id":"https:\/\/www.mariaapartman.hu\/de\/#website","url":"https:\/\/www.mariaapartman.hu\/de\/","name":"M\u00e1ria Appartements","description":"","publisher":{"@id":"https:\/\/www.mariaapartman.hu\/de\/#organization"},"potentialAction":[{"@type":"SearchAction","target":{"@type":"EntryPoint","urlTemplate":"https:\/\/www.mariaapartman.hu\/de\/?s={search_term_string}"},"query-input":{"@type":"PropertyValueSpecification","valueRequired":true,"valueName":"search_term_string"}}],"inLanguage":"de"},{"@type":"Organization","@id":"https:\/\/www.mariaapartman.hu\/de\/#organization","name":"Maria Apartments Zalakaros","url":"https:\/\/www.mariaapartman.hu\/de\/","logo":{"@type":"ImageObject","inLanguage":"de","@id":"https:\/\/www.mariaapartman.hu\/de\/#\/schema\/logo\/image\/","url":"","contentUrl":"","caption":"Maria Apartments Zalakaros"},"image":{"@id":"https:\/\/www.mariaapartman.hu\/de\/#\/schema\/logo\/image\/"},"sameAs":["https:\/\/www.instagram.com\/mariaapartmanok\/"]}]}},"_links":{"self":[{"href":"https:\/\/www.mariaapartman.hu\/de\/wp-json\/wp\/v2\/pages\/426","targetHints":{"allow":["GET"]}}],"collection":[{"href":"https:\/\/www.mariaapartman.hu\/de\/wp-json\/wp\/v2\/pages"}],"about":[{"href":"https:\/\/www.mariaapartman.hu\/de\/wp-json\/wp\/v2\/types\/page"}],"author":[{"embeddable":true,"href":"https:\/\/www.mariaapartman.hu\/de\/wp-json\/wp\/v2\/users\/1"}],"replies":[{"embeddable":true,"href":"https:\/\/www.mariaapartman.hu\/de\/wp-json\/wp\/v2\/comments?post=426"}],"version-history":[{"count":0,"href":"https:\/\/www.mariaapartman.hu\/de\/wp-json\/wp\/v2\/pages\/426\/revisions"}],"wp:attachment":[{"href":"https:\/\/www.mariaapartman.hu\/de\/wp-json\/wp\/v2\/media?parent=426"}],"curies":[{"name":"wp","href":"https:\/\/api.w.org\/{rel}","templated":true}]}}