{"id":430,"date":"2021-03-02T13:48:22","date_gmt":"2021-03-02T13:48:22","guid":{"rendered":"https:\/\/www.mariaapartman.hu\/?page_id=430"},"modified":"2022-06-15T18:45:32","modified_gmt":"2022-06-15T18:45:32","slug":"karte","status":"publish","type":"page","link":"https:\/\/www.mariaapartman.hu\/de\/karte\/","title":{"rendered":"Karte"},"content":{"rendered":"<p style=\"text-align: center;\">Entfernung von der Unterkunft zum <a href=\"https:\/\/zalakaros.hu\/de\/inneres-bad\">Bad<\/a>.<br \/>\nDie N\u00e4he zwischen der Unterkunft und Spa ist schaubar hier . <a href=\"https:\/\/www.mariaapartman.hu\/de\/apartmenthaeuser\/\">Unsere Unterk\u00fcnfte<\/a> haben eine ausgezeichnete Lage in Zalakaros.<\/p>\n<p><iframe loading=\"lazy\" style=\"border: 0;\" src=\"https:\/\/www.google.com\/maps\/embed?pb=!1m28!1m12!1m3!1d2743.9795991071333!2d17.121074315593997!3d46.54809037912857!2m3!1f0!2f0!3f0!3m2!1i1024!2i768!4f13.1!4m13!3e6!4m5!1s0x4768edfdeec94da9%3A0xc1fef29bc8d04ef5!2zR3LDoW5pdCBHecOzZ3lmw7xyZMWRIFphbGFrYXJvcywgWmFsYWthcm9zLCBUZXJtw6FsIMO6dCA0LCA4NzQ5!3m2!1d46.547822599999996!2d17.124816499999998!4m5!1s0x4768edfd6679997d%3A0xa322c6770269b2f8!2sZalakaros%2C+M%C3%A1ria+Apartman+Zalakaros%2C+Kanicai+%C3%BAt+5%2C+8749!3m2!1d46.5474884!2d17.121709499999998!5e0!3m2!1shu!2shu!4v1511433215560\" width=\"100%\" height=\"600\" frameborder=\"0\" allowfullscreen=\"allowfullscreen\"><span data-mce-type=\"bookmark\" style=\"display: inline-block; width: 0px; overflow: hidden; line-height: 0;\" class=\"mce_SELRES_start\">\ufeff<\/span><\/iframe><\/p>\n","protected":false},"excerpt":{"rendered":"<p>Entfernung von der Unterkunft zum Bad. Die N\u00e4he zwischen der Unterkunft und Spa ist schaubar hier . Unsere Unterk\u00fcnfte haben eine ausgezeichnete Lage in Zalakaros. \ufeff<\/p>\n","protected":false},"author":1,"featured_media":0,"parent":0,"menu_order":0,"comment_status":"closed","ping_status":"closed","template":"","meta":{"footnotes":""},"class_list":["post-430","page","type-page","status-publish","hentry"],"yoast_head":"<!-- This site is optimized with the Yoast SEO plugin v27.5 - https:\/\/yoast.com\/product\/yoast-seo-wordpress\/ -->\n<title>Unsere Unterk\u00fcnfte auf der Karte &#187; Karte &#187; M\u00e1ria Appartements &#187; Zalakaros<\/title>\n<meta name=\"description\" content=\"Die Apartmenth\u00e4user von M\u00e1ria Apartmanok in Zalakaros befinden sich in der N\u00e4he des Zalakaros Spa and Adventure Bath. Sehen Sie sich hier die Karte an!\" \/>\n<meta name=\"robots\" content=\"index, follow, max-snippet:-1, max-image-preview:large, max-video-preview:-1\" \/>\n<link rel=\"canonical\" href=\"https:\/\/www.mariaapartman.hu\/de\/karte\/\" \/>\n<meta property=\"og:locale\" content=\"de_DE\" \/>\n<meta property=\"og:type\" content=\"article\" \/>\n<meta property=\"og:title\" content=\"Unsere Unterk\u00fcnfte auf der Karte &#187; Karte &#187; M\u00e1ria Appartements &#187; Zalakaros\" \/>\n<meta property=\"og:description\" content=\"Die Apartmenth\u00e4user von M\u00e1ria Apartmanok in Zalakaros befinden sich in der N\u00e4he des Zalakaros Spa and Adventure Bath. Sehen Sie sich hier die Karte an!\" \/>\n<meta property=\"og:url\" content=\"https:\/\/www.mariaapartman.hu\/de\/karte\/\" \/>\n<meta property=\"og:site_name\" content=\"M\u00e1ria Appartements\" \/>\n<meta property=\"article:modified_time\" content=\"2022-06-15T18:45:32+00:00\" \/>\n<meta name=\"twitter:card\" content=\"summary_large_image\" \/>\n<meta name=\"twitter:label1\" content=\"Gesch\u00e4tzte Lesezeit\" \/>\n\t<meta name=\"twitter:data1\" content=\"1\u00a0Minute\" \/>\n<script type=\"application\/ld+json\" class=\"yoast-schema-graph\">{\"@context\":\"https:\\\/\\\/schema.org\",\"@graph\":[{\"@type\":\"WebPage\",\"@id\":\"https:\\\/\\\/www.mariaapartman.hu\\\/de\\\/karte\\\/\",\"url\":\"https:\\\/\\\/www.mariaapartman.hu\\\/de\\\/karte\\\/\",\"name\":\"Unsere Unterk\u00fcnfte auf der Karte &#187; Karte &#187; M\u00e1ria Appartements &#187; Zalakaros\",\"isPartOf\":{\"@id\":\"https:\\\/\\\/www.mariaapartman.hu\\\/de\\\/#website\"},\"datePublished\":\"2021-03-02T13:48:22+00:00\",\"dateModified\":\"2022-06-15T18:45:32+00:00\",\"description\":\"Die Apartmenth\u00e4user von M\u00e1ria Apartmanok in Zalakaros befinden sich in der N\u00e4he des Zalakaros Spa and Adventure Bath. Sehen Sie sich hier die Karte an!\",\"breadcrumb\":{\"@id\":\"https:\\\/\\\/www.mariaapartman.hu\\\/de\\\/karte\\\/#breadcrumb\"},\"inLanguage\":\"de\",\"potentialAction\":[{\"@type\":\"ReadAction\",\"target\":[\"https:\\\/\\\/www.mariaapartman.hu\\\/de\\\/karte\\\/\"]}]},{\"@type\":\"BreadcrumbList\",\"@id\":\"https:\\\/\\\/www.mariaapartman.hu\\\/de\\\/karte\\\/#breadcrumb\",\"itemListElement\":[{\"@type\":\"ListItem\",\"position\":1,\"name\":\"Home\",\"item\":\"https:\\\/\\\/www.mariaapartman.hu\\\/de\\\/\"},{\"@type\":\"ListItem\",\"position\":2,\"name\":\"Karte\"}]},{\"@type\":\"WebSite\",\"@id\":\"https:\\\/\\\/www.mariaapartman.hu\\\/de\\\/#website\",\"url\":\"https:\\\/\\\/www.mariaapartman.hu\\\/de\\\/\",\"name\":\"M\u00e1ria Appartements\",\"description\":\"\",\"publisher\":{\"@id\":\"https:\\\/\\\/www.mariaapartman.hu\\\/de\\\/#organization\"},\"potentialAction\":[{\"@type\":\"SearchAction\",\"target\":{\"@type\":\"EntryPoint\",\"urlTemplate\":\"https:\\\/\\\/www.mariaapartman.hu\\\/de\\\/?s={search_term_string}\"},\"query-input\":{\"@type\":\"PropertyValueSpecification\",\"valueRequired\":true,\"valueName\":\"search_term_string\"}}],\"inLanguage\":\"de\"},{\"@type\":\"Organization\",\"@id\":\"https:\\\/\\\/www.mariaapartman.hu\\\/de\\\/#organization\",\"name\":\"Maria Apartments Zalakaros\",\"url\":\"https:\\\/\\\/www.mariaapartman.hu\\\/de\\\/\",\"logo\":{\"@type\":\"ImageObject\",\"inLanguage\":\"de\",\"@id\":\"https:\\\/\\\/www.mariaapartman.hu\\\/de\\\/#\\\/schema\\\/logo\\\/image\\\/\",\"url\":\"\",\"contentUrl\":\"\",\"caption\":\"Maria Apartments Zalakaros\"},\"image\":{\"@id\":\"https:\\\/\\\/www.mariaapartman.hu\\\/de\\\/#\\\/schema\\\/logo\\\/image\\\/\"},\"sameAs\":[\"https:\\\/\\\/www.instagram.com\\\/mariaapartmanok\\\/\"]}]}<\/script>\n<!-- \/ Yoast SEO plugin. -->","yoast_head_json":{"title":"Unsere Unterk\u00fcnfte auf der Karte &#187; Karte &#187; M\u00e1ria Appartements &#187; Zalakaros","description":"Die Apartmenth\u00e4user von M\u00e1ria Apartmanok in Zalakaros befinden sich in der N\u00e4he des Zalakaros Spa and Adventure Bath. Sehen Sie sich hier die Karte an!","robots":{"index":"index","follow":"follow","max-snippet":"max-snippet:-1","max-image-preview":"max-image-preview:large","max-video-preview":"max-video-preview:-1"},"canonical":"https:\/\/www.mariaapartman.hu\/de\/karte\/","og_locale":"de_DE","og_type":"article","og_title":"Unsere Unterk\u00fcnfte auf der Karte &#187; Karte &#187; M\u00e1ria Appartements &#187; Zalakaros","og_description":"Die Apartmenth\u00e4user von M\u00e1ria Apartmanok in Zalakaros befinden sich in der N\u00e4he des Zalakaros Spa and Adventure Bath. Sehen Sie sich hier die Karte an!","og_url":"https:\/\/www.mariaapartman.hu\/de\/karte\/","og_site_name":"M\u00e1ria Appartements","article_modified_time":"2022-06-15T18:45:32+00:00","twitter_card":"summary_large_image","twitter_misc":{"Gesch\u00e4tzte Lesezeit":"1\u00a0Minute"},"schema":{"@context":"https:\/\/schema.org","@graph":[{"@type":"WebPage","@id":"https:\/\/www.mariaapartman.hu\/de\/karte\/","url":"https:\/\/www.mariaapartman.hu\/de\/karte\/","name":"Unsere Unterk\u00fcnfte auf der Karte &#187; Karte &#187; M\u00e1ria Appartements &#187; Zalakaros","isPartOf":{"@id":"https:\/\/www.mariaapartman.hu\/de\/#website"},"datePublished":"2021-03-02T13:48:22+00:00","dateModified":"2022-06-15T18:45:32+00:00","description":"Die Apartmenth\u00e4user von M\u00e1ria Apartmanok in Zalakaros befinden sich in der N\u00e4he des Zalakaros Spa and Adventure Bath. Sehen Sie sich hier die Karte an!","breadcrumb":{"@id":"https:\/\/www.mariaapartman.hu\/de\/karte\/#breadcrumb"},"inLanguage":"de","potentialAction":[{"@type":"ReadAction","target":["https:\/\/www.mariaapartman.hu\/de\/karte\/"]}]},{"@type":"BreadcrumbList","@id":"https:\/\/www.mariaapartman.hu\/de\/karte\/#breadcrumb","itemListElement":[{"@type":"ListItem","position":1,"name":"Home","item":"https:\/\/www.mariaapartman.hu\/de\/"},{"@type":"ListItem","position":2,"name":"Karte"}]},{"@type":"WebSite","@id":"https:\/\/www.mariaapartman.hu\/de\/#website","url":"https:\/\/www.mariaapartman.hu\/de\/","name":"M\u00e1ria Appartements","description":"","publisher":{"@id":"https:\/\/www.mariaapartman.hu\/de\/#organization"},"potentialAction":[{"@type":"SearchAction","target":{"@type":"EntryPoint","urlTemplate":"https:\/\/www.mariaapartman.hu\/de\/?s={search_term_string}"},"query-input":{"@type":"PropertyValueSpecification","valueRequired":true,"valueName":"search_term_string"}}],"inLanguage":"de"},{"@type":"Organization","@id":"https:\/\/www.mariaapartman.hu\/de\/#organization","name":"Maria Apartments Zalakaros","url":"https:\/\/www.mariaapartman.hu\/de\/","logo":{"@type":"ImageObject","inLanguage":"de","@id":"https:\/\/www.mariaapartman.hu\/de\/#\/schema\/logo\/image\/","url":"","contentUrl":"","caption":"Maria Apartments Zalakaros"},"image":{"@id":"https:\/\/www.mariaapartman.hu\/de\/#\/schema\/logo\/image\/"},"sameAs":["https:\/\/www.instagram.com\/mariaapartmanok\/"]}]}},"_links":{"self":[{"href":"https:\/\/www.mariaapartman.hu\/de\/wp-json\/wp\/v2\/pages\/430","targetHints":{"allow":["GET"]}}],"collection":[{"href":"https:\/\/www.mariaapartman.hu\/de\/wp-json\/wp\/v2\/pages"}],"about":[{"href":"https:\/\/www.mariaapartman.hu\/de\/wp-json\/wp\/v2\/types\/page"}],"author":[{"embeddable":true,"href":"https:\/\/www.mariaapartman.hu\/de\/wp-json\/wp\/v2\/users\/1"}],"replies":[{"embeddable":true,"href":"https:\/\/www.mariaapartman.hu\/de\/wp-json\/wp\/v2\/comments?post=430"}],"version-history":[{"count":0,"href":"https:\/\/www.mariaapartman.hu\/de\/wp-json\/wp\/v2\/pages\/430\/revisions"}],"wp:attachment":[{"href":"https:\/\/www.mariaapartman.hu\/de\/wp-json\/wp\/v2\/media?parent=430"}],"curies":[{"name":"wp","href":"https:\/\/api.w.org\/{rel}","templated":true}]}}