{"id":523,"date":"2021-03-04T15:06:46","date_gmt":"2021-03-04T15:06:46","guid":{"rendered":"https:\/\/www.mariaapartman.hu\/?page_id=523"},"modified":"2022-06-15T10:48:35","modified_gmt":"2022-06-15T10:48:35","slug":"apartmenthaeuser","status":"publish","type":"page","link":"https:\/\/www.mariaapartman.hu\/de\/apartmenthaeuser\/","title":{"rendered":"Apartmenth\u00e4user"},"content":{"rendered":"<div class=\"container two-columns\">\n<div class=\"row\">\n<div class=\"col-md-6 order-1 order-md-2\"><\/div>\n<\/div>\n<h2>Preis &#8211; Wert<\/h2>\n<div class=\"row\">\n<div class=\"col-md-6 order-2 order-md-1\">\n<p>Die M\u00e1ria Apartments Zalakaros bieten Ihnen preiswerte Unterk\u00fcnfte. Unsere Wohnungen sind geschmackvoll und komfortabel eingerichtet. Sie k\u00f6nnen die unterlegenden Unterk\u00fcnfte w\u00e4hlen, was f\u00fcr Sie am besten entsprechend ist. Sie k\u00f6nnen hier die Unterk\u00fcnfte ausw\u00e4hlen, was f\u00fcr Sie am besten geeignet sind.<\/p>\n<\/div>\n<div class=\"col-md-6 order-1 order-md-2\"><img loading=\"lazy\" decoding=\"async\" width=\"500\" height=\"333\" class=\"wp-image-211 img-fluid\" src=\"https:\/\/www.mariaapartman.hu\/files\/5-500x333.jpg\" alt=\"\u00c1r \u2013 \u00c9rt\u00e9k\" srcset=\"https:\/\/www.mariaapartman.hu\/files\/5-500x333.jpg 500w, https:\/\/www.mariaapartman.hu\/files\/5-300x200.jpg 300w, https:\/\/www.mariaapartman.hu\/files\/5.jpg 620w\" sizes=\"auto, (max-width: 500px) 100vw, 500px\" \/><\/div>\n<\/div>\n<hr \/>\n<h2>Kontakt<\/h2>\n<div class=\"row\">\n<div class=\"col-md-6 order-2 order-md-1\">\n<p>Wenn Sie Fragen zu den Leistungen von M\u00e1ria Apartments <a href=\"https:\/\/de.wikipedia.org\/wiki\/Zalakaros\">Zalakaros<\/a> haben, kontaktieren Sie bitte mit uns unter den Men\u00fcpunkt <a href=\"https:\/\/www.mariaapartman.hu\/de\/anfrage-buchung\/\">Reservation\/Anfrage<\/a>, oder mailen Sie bitte an mariaapartmanok@gmail.com. Wir werden versuchen Ihre Anfragen in E-Mails so schnell antworten wie m\u00f6glich ist, jedoch nicht sp\u00e4ter als innerhalb eines Tages.<\/p>\n<\/div>\n<div class=\"col-md-6 order-1 order-md-2\"><img loading=\"lazy\" decoding=\"async\" width=\"500\" height=\"333\" class=\"wp-image-212 img-fluid\" src=\"https:\/\/www.mariaapartman.hu\/files\/6-500x333.gif\" alt=\"El\u00e9rhet\u0151s\u00e9geink\" srcset=\"https:\/\/www.mariaapartman.hu\/files\/6-500x333.gif 500w, https:\/\/www.mariaapartman.hu\/files\/6-300x200.gif 300w\" sizes=\"auto, (max-width: 500px) 100vw, 500px\" \/><\/div>\n<\/div>\n<hr \/>\n<div class=\"row\">\n<div class=\"col-md-6 order-2 order-md-1\">\n<p>Unsere Familie besch\u00e4ftigt sich mit Gasterei seit den 1980er Jahren. Die Gro\u00dfeltern haben nur 1-2 Zimmern f\u00fcr Touristen angebietet. Meine Eltern haben das Geb\u00e4ude umstrukturiert und einige Jahre als genossenschaftlich Ferienort gearbeitet. In den fr\u00fchen 2000er Jahren wurde das heutige Layout entworfen. Wir erneuern fortgesetzt das Geb\u00e4ude und seine Umgebung, um unsere G\u00e4ste Ihren Urlaub in einem sch\u00f6nen Ort verbringen k\u00f6nnen. Es gibt G\u00e4ste von uns, die mehrmals im Jahr seit 10-15 Jahre zu uns zur\u00fcckgekehrt sind, wegen der N\u00e4he des Bades und das gepflegten Umgebung und sch\u00f6ne Unterk\u00fcnfte. Unsere Wohnungen sind von durchschnittlicher Qualit\u00e4t zum Durchschnittspreis. Wir hoffen, wir haben Ihr Interesse geweckt und wir treffen uns so schnell wie m\u00f6glich pers\u00f6nlich. Wir w\u00fcnschen Ihnen viel Spa\u00df beim Surfen!<br \/>\nDas M\u00e1ria Apartments Zalakaros Team<\/p>\n<\/div>\n<div class=\"col-md-6 order-1 order-md-2\"><img decoding=\"async\" class=\"wp-image-213 img-fluid\" src=\"https:\/\/www.mariaapartman.hu\/files\/7-500x342.jpg\" alt=\"El\u00e9rhet\u0151s\u00e9geink\" \/><\/div>\n<\/div>\n<\/div>\n","protected":false},"excerpt":{"rendered":"<p>Preis &#8211; Wert Die M\u00e1ria Apartments Zalakaros bieten Ihnen preiswerte Unterk\u00fcnfte. Unsere Wohnungen sind geschmackvoll und komfortabel eingerichtet. Sie k\u00f6nnen die unterlegenden Unterk\u00fcnfte w\u00e4hlen, was f\u00fcr Sie am besten entsprechend ist. Sie k\u00f6nnen hier die Unterk\u00fcnfte ausw\u00e4hlen, was f\u00fcr Sie am besten geeignet sind. Kontakt Wenn Sie Fragen zu den Leistungen von M\u00e1ria Apartments Zalakaros <a href=\"https:\/\/www.mariaapartman.hu\/de\/apartmenthaeuser\/\" class=\"more-link\">&#8230;<\/a><\/p>\n","protected":false},"author":1,"featured_media":0,"parent":0,"menu_order":0,"comment_status":"closed","ping_status":"closed","template":"template-apartmanhazaink.php","meta":{"footnotes":""},"class_list":["post-523","page","type-page","status-publish","hentry"],"yoast_head":"<!-- This site is optimized with the Yoast SEO plugin v26.7 - https:\/\/yoast.com\/wordpress\/plugins\/seo\/ -->\n<title>Erschwingliche Unterk\u00fcnfte &#187; M\u00e1ria Appartements &#187; Zalakaros<\/title>\n<meta name=\"description\" content=\"Erschwingliche, \u00fcberdurchschnittlich hochwertige Unterkunft in ruhiger Lage in einer gr\u00fcnen Gegend, die M\u00e1ria Apartments in Zalakaros bieten.\" \/>\n<meta name=\"robots\" content=\"index, follow, max-snippet:-1, max-image-preview:large, max-video-preview:-1\" \/>\n<link rel=\"canonical\" href=\"https:\/\/www.mariaapartman.hu\/de\/apartmenthaeuser\/\" \/>\n<meta property=\"og:locale\" content=\"de_DE\" \/>\n<meta property=\"og:type\" content=\"article\" \/>\n<meta property=\"og:title\" content=\"Erschwingliche Unterk\u00fcnfte &#187; M\u00e1ria Appartements &#187; Zalakaros\" \/>\n<meta property=\"og:description\" content=\"Erschwingliche, \u00fcberdurchschnittlich hochwertige Unterkunft in ruhiger Lage in einer gr\u00fcnen Gegend, die M\u00e1ria Apartments in Zalakaros bieten.\" \/>\n<meta property=\"og:url\" content=\"https:\/\/www.mariaapartman.hu\/de\/apartmenthaeuser\/\" \/>\n<meta property=\"og:site_name\" content=\"M\u00e1ria Appartements\" \/>\n<meta property=\"article:modified_time\" content=\"2022-06-15T10:48:35+00:00\" \/>\n<meta property=\"og:image\" content=\"https:\/\/www.mariaapartman.hu\/files\/5-500x333.jpg\" \/>\n<meta name=\"twitter:card\" content=\"summary_large_image\" \/>\n<meta name=\"twitter:label1\" content=\"Gesch\u00e4tzte Lesezeit\" \/>\n\t<meta name=\"twitter:data1\" content=\"2\u00a0Minuten\" \/>\n<script type=\"application\/ld+json\" class=\"yoast-schema-graph\">{\"@context\":\"https:\/\/schema.org\",\"@graph\":[{\"@type\":\"WebPage\",\"@id\":\"https:\/\/www.mariaapartman.hu\/de\/apartmenthaeuser\/\",\"url\":\"https:\/\/www.mariaapartman.hu\/de\/apartmenthaeuser\/\",\"name\":\"Erschwingliche Unterk\u00fcnfte &#187; M\u00e1ria Appartements &#187; Zalakaros\",\"isPartOf\":{\"@id\":\"https:\/\/www.mariaapartman.hu\/de\/#website\"},\"primaryImageOfPage\":{\"@id\":\"https:\/\/www.mariaapartman.hu\/de\/apartmenthaeuser\/#primaryimage\"},\"image\":{\"@id\":\"https:\/\/www.mariaapartman.hu\/de\/apartmenthaeuser\/#primaryimage\"},\"thumbnailUrl\":\"https:\/\/www.mariaapartman.hu\/files\/5-500x333.jpg\",\"datePublished\":\"2021-03-04T15:06:46+00:00\",\"dateModified\":\"2022-06-15T10:48:35+00:00\",\"description\":\"Erschwingliche, \u00fcberdurchschnittlich hochwertige Unterkunft in ruhiger Lage in einer gr\u00fcnen Gegend, die M\u00e1ria Apartments in Zalakaros bieten.\",\"breadcrumb\":{\"@id\":\"https:\/\/www.mariaapartman.hu\/de\/apartmenthaeuser\/#breadcrumb\"},\"inLanguage\":\"de\",\"potentialAction\":[{\"@type\":\"ReadAction\",\"target\":[\"https:\/\/www.mariaapartman.hu\/de\/apartmenthaeuser\/\"]}]},{\"@type\":\"ImageObject\",\"inLanguage\":\"de\",\"@id\":\"https:\/\/www.mariaapartman.hu\/de\/apartmenthaeuser\/#primaryimage\",\"url\":\"https:\/\/www.mariaapartman.hu\/files\/5-500x333.jpg\",\"contentUrl\":\"https:\/\/www.mariaapartman.hu\/files\/5-500x333.jpg\"},{\"@type\":\"BreadcrumbList\",\"@id\":\"https:\/\/www.mariaapartman.hu\/de\/apartmenthaeuser\/#breadcrumb\",\"itemListElement\":[{\"@type\":\"ListItem\",\"position\":1,\"name\":\"Home\",\"item\":\"https:\/\/www.mariaapartman.hu\/de\/\"},{\"@type\":\"ListItem\",\"position\":2,\"name\":\"Apartmenth\u00e4user\"}]},{\"@type\":\"WebSite\",\"@id\":\"https:\/\/www.mariaapartman.hu\/de\/#website\",\"url\":\"https:\/\/www.mariaapartman.hu\/de\/\",\"name\":\"M\u00e1ria Appartements\",\"description\":\"\",\"publisher\":{\"@id\":\"https:\/\/www.mariaapartman.hu\/de\/#organization\"},\"potentialAction\":[{\"@type\":\"SearchAction\",\"target\":{\"@type\":\"EntryPoint\",\"urlTemplate\":\"https:\/\/www.mariaapartman.hu\/de\/?s={search_term_string}\"},\"query-input\":{\"@type\":\"PropertyValueSpecification\",\"valueRequired\":true,\"valueName\":\"search_term_string\"}}],\"inLanguage\":\"de\"},{\"@type\":\"Organization\",\"@id\":\"https:\/\/www.mariaapartman.hu\/de\/#organization\",\"name\":\"Maria Apartments Zalakaros\",\"url\":\"https:\/\/www.mariaapartman.hu\/de\/\",\"logo\":{\"@type\":\"ImageObject\",\"inLanguage\":\"de\",\"@id\":\"https:\/\/www.mariaapartman.hu\/de\/#\/schema\/logo\/image\/\",\"url\":\"\",\"contentUrl\":\"\",\"caption\":\"Maria Apartments Zalakaros\"},\"image\":{\"@id\":\"https:\/\/www.mariaapartman.hu\/de\/#\/schema\/logo\/image\/\"},\"sameAs\":[\"https:\/\/www.instagram.com\/mariaapartmanok\/\"]}]}<\/script>\n<!-- \/ Yoast SEO plugin. -->","yoast_head_json":{"title":"Erschwingliche Unterk\u00fcnfte &#187; M\u00e1ria Appartements &#187; Zalakaros","description":"Erschwingliche, \u00fcberdurchschnittlich hochwertige Unterkunft in ruhiger Lage in einer gr\u00fcnen Gegend, die M\u00e1ria Apartments in Zalakaros bieten.","robots":{"index":"index","follow":"follow","max-snippet":"max-snippet:-1","max-image-preview":"max-image-preview:large","max-video-preview":"max-video-preview:-1"},"canonical":"https:\/\/www.mariaapartman.hu\/de\/apartmenthaeuser\/","og_locale":"de_DE","og_type":"article","og_title":"Erschwingliche Unterk\u00fcnfte &#187; M\u00e1ria Appartements &#187; Zalakaros","og_description":"Erschwingliche, \u00fcberdurchschnittlich hochwertige Unterkunft in ruhiger Lage in einer gr\u00fcnen Gegend, die M\u00e1ria Apartments in Zalakaros bieten.","og_url":"https:\/\/www.mariaapartman.hu\/de\/apartmenthaeuser\/","og_site_name":"M\u00e1ria Appartements","article_modified_time":"2022-06-15T10:48:35+00:00","og_image":[{"url":"https:\/\/www.mariaapartman.hu\/files\/5-500x333.jpg","type":"","width":"","height":""}],"twitter_card":"summary_large_image","twitter_misc":{"Gesch\u00e4tzte Lesezeit":"2\u00a0Minuten"},"schema":{"@context":"https:\/\/schema.org","@graph":[{"@type":"WebPage","@id":"https:\/\/www.mariaapartman.hu\/de\/apartmenthaeuser\/","url":"https:\/\/www.mariaapartman.hu\/de\/apartmenthaeuser\/","name":"Erschwingliche Unterk\u00fcnfte &#187; M\u00e1ria Appartements &#187; Zalakaros","isPartOf":{"@id":"https:\/\/www.mariaapartman.hu\/de\/#website"},"primaryImageOfPage":{"@id":"https:\/\/www.mariaapartman.hu\/de\/apartmenthaeuser\/#primaryimage"},"image":{"@id":"https:\/\/www.mariaapartman.hu\/de\/apartmenthaeuser\/#primaryimage"},"thumbnailUrl":"https:\/\/www.mariaapartman.hu\/files\/5-500x333.jpg","datePublished":"2021-03-04T15:06:46+00:00","dateModified":"2022-06-15T10:48:35+00:00","description":"Erschwingliche, \u00fcberdurchschnittlich hochwertige Unterkunft in ruhiger Lage in einer gr\u00fcnen Gegend, die M\u00e1ria Apartments in Zalakaros bieten.","breadcrumb":{"@id":"https:\/\/www.mariaapartman.hu\/de\/apartmenthaeuser\/#breadcrumb"},"inLanguage":"de","potentialAction":[{"@type":"ReadAction","target":["https:\/\/www.mariaapartman.hu\/de\/apartmenthaeuser\/"]}]},{"@type":"ImageObject","inLanguage":"de","@id":"https:\/\/www.mariaapartman.hu\/de\/apartmenthaeuser\/#primaryimage","url":"https:\/\/www.mariaapartman.hu\/files\/5-500x333.jpg","contentUrl":"https:\/\/www.mariaapartman.hu\/files\/5-500x333.jpg"},{"@type":"BreadcrumbList","@id":"https:\/\/www.mariaapartman.hu\/de\/apartmenthaeuser\/#breadcrumb","itemListElement":[{"@type":"ListItem","position":1,"name":"Home","item":"https:\/\/www.mariaapartman.hu\/de\/"},{"@type":"ListItem","position":2,"name":"Apartmenth\u00e4user"}]},{"@type":"WebSite","@id":"https:\/\/www.mariaapartman.hu\/de\/#website","url":"https:\/\/www.mariaapartman.hu\/de\/","name":"M\u00e1ria Appartements","description":"","publisher":{"@id":"https:\/\/www.mariaapartman.hu\/de\/#organization"},"potentialAction":[{"@type":"SearchAction","target":{"@type":"EntryPoint","urlTemplate":"https:\/\/www.mariaapartman.hu\/de\/?s={search_term_string}"},"query-input":{"@type":"PropertyValueSpecification","valueRequired":true,"valueName":"search_term_string"}}],"inLanguage":"de"},{"@type":"Organization","@id":"https:\/\/www.mariaapartman.hu\/de\/#organization","name":"Maria Apartments Zalakaros","url":"https:\/\/www.mariaapartman.hu\/de\/","logo":{"@type":"ImageObject","inLanguage":"de","@id":"https:\/\/www.mariaapartman.hu\/de\/#\/schema\/logo\/image\/","url":"","contentUrl":"","caption":"Maria Apartments Zalakaros"},"image":{"@id":"https:\/\/www.mariaapartman.hu\/de\/#\/schema\/logo\/image\/"},"sameAs":["https:\/\/www.instagram.com\/mariaapartmanok\/"]}]}},"_links":{"self":[{"href":"https:\/\/www.mariaapartman.hu\/de\/wp-json\/wp\/v2\/pages\/523","targetHints":{"allow":["GET"]}}],"collection":[{"href":"https:\/\/www.mariaapartman.hu\/de\/wp-json\/wp\/v2\/pages"}],"about":[{"href":"https:\/\/www.mariaapartman.hu\/de\/wp-json\/wp\/v2\/types\/page"}],"author":[{"embeddable":true,"href":"https:\/\/www.mariaapartman.hu\/de\/wp-json\/wp\/v2\/users\/1"}],"replies":[{"embeddable":true,"href":"https:\/\/www.mariaapartman.hu\/de\/wp-json\/wp\/v2\/comments?post=523"}],"version-history":[{"count":0,"href":"https:\/\/www.mariaapartman.hu\/de\/wp-json\/wp\/v2\/pages\/523\/revisions"}],"wp:attachment":[{"href":"https:\/\/www.mariaapartman.hu\/de\/wp-json\/wp\/v2\/media?parent=523"}],"curies":[{"name":"wp","href":"https:\/\/api.w.org\/{rel}","templated":true}]}}