{"id":530,"date":"2021-03-04T15:08:31","date_gmt":"2021-03-04T15:08:31","guid":{"rendered":"https:\/\/www.mariaapartman.hu\/?page_id=530"},"modified":"2022-06-15T15:12:59","modified_gmt":"2022-06-15T15:12:59","slug":"preise","status":"publish","type":"page","link":"https:\/\/www.mariaapartman.hu\/de\/preise\/","title":{"rendered":"Preise"},"content":{"rendered":"<h2>Sonstige Dienstleistungen<\/h2>\n<div class=\"row\">\n<div class=\"col-md-6 order-2 order-md-1\">\n<ul>\n<li>Parken in einem geschlossenen Hof: <strong>Kostenlos<\/strong><\/li>\n<li>Wi-fi: <strong>Kostenlos<\/strong><\/li>\n<li>Internet-Ecke: <strong>Kostenlos<\/strong><\/li>\n<\/ul>\n<\/div>\n<div class=\"col-md-6 order-1 order-md-2\"><img loading=\"lazy\" decoding=\"async\" width=\"500\" height=\"333\" class=\"wp-image-111 img-fluid\" src=\"https:\/\/www.mariaapartman.hu\/files\/arak_04-500x333.jpg\" alt=\"Sonstige Dienstleistungen\" srcset=\"https:\/\/www.mariaapartman.hu\/files\/arak_04-500x333.jpg 500w, https:\/\/www.mariaapartman.hu\/files\/arak_04-300x200.jpg 300w, https:\/\/www.mariaapartman.hu\/files\/arak_04-1536x1024.jpg 1536w, https:\/\/www.mariaapartman.hu\/files\/arak_04.jpg 1604w\" sizes=\"auto, (max-width: 500px) 100vw, 500px\" \/><\/div>\n<\/div>\n<hr \/>\n<div class=\"row\">\n<div class=\"col-md-6 order-1 order-md-2\"><\/div>\n<\/div>\n<h2>Anreise\/Abreise<\/h2>\n<div class=\"row\">\n<div class=\"col-md-6 order-2 order-md-1\">\n<ul>\n<li>Die Unterkunft ist ab 13.00 Uhr verf\u00fcgbar.<\/li>\n<li>Die Unterkunft ist am Abreisetag bis 09.00 Uhr zu verlassen.<\/li>\n<li>Andere Optionen k\u00f6nnen nach vorheriger Absprache flexibel vereinbart werden.<\/li>\n<\/ul>\n<\/div>\n<div class=\"col-md-6 order-1 order-md-2\"><img loading=\"lazy\" decoding=\"async\" width=\"500\" height=\"333\" class=\"wp-image-113 img-fluid\" src=\"https:\/\/www.mariaapartman.hu\/files\/arak_06-500x333.jpg\" alt=\"Anreise\/Abreise\" srcset=\"https:\/\/www.mariaapartman.hu\/files\/arak_06-500x333.jpg 500w, https:\/\/www.mariaapartman.hu\/files\/arak_06-300x200.jpg 300w, https:\/\/www.mariaapartman.hu\/files\/arak_06.jpg 800w\" sizes=\"auto, (max-width: 500px) 100vw, 500px\" \/><\/div>\n<\/div>\n<hr \/>\n<h2>Reservierung\/Zahlung<\/h2>\n<div class=\"row\">\n<div class=\"col\">\n<p>Die Unterkunft kann pers\u00f6nlich, per E-Mail oder in einem Brief gebucht werden. Die Reservierung erfolgt mit der Zahlung der Anzahlung, deren H\u00f6he vereinbart ist. Sie k\u00f6nnen Ihre Buchung oder Unterkunft durch folgende Optionen ausgleichen:<\/p>\n<ul>\n<li><strong>Pers\u00f6nlich mit Bargeld<\/strong><\/li>\n<li><strong>Per Bank\u00fcberweisung<\/strong><br \/>\nKontonummer: N\u00e9meth Tam\u00e1s, K&amp;H Bank , IBAN: HU73 10400717-84575152-56561002<br \/>\nWir m\u00f6chten Folgendes in die Mitteilung aufnehmen:<\/p>\n<ul>\n<li>Name<\/li>\n<li>Anzahl der Unterk\u00fcnfte<\/li>\n<li>Wie viele Personen haben die Unterkunft reserviert<\/li>\n<li>Ankunftsdatum<\/li>\n<li>Abreisedatum<\/li>\n<\/ul>\n<\/li>\n<\/ul>\n<\/div>\n<\/div>\n<hr \/>\n<h2>Wi-Fi\/Internet-Ecke<\/h2>\n<div class=\"row\">\n<div class=\"col-md-6 order-2 order-md-1\">Alle Zimmer im <a href=\"https:\/\/www.mariaapartman.hu\/de\/apartmenthaeuser\/\">M\u00e1ria Apartments<\/a> verf\u00fcgen \u00fcber kostenlosen Internetzugang (Wi-Fi).<\/div>\n<div class=\"col-md-6 order-1 order-md-2\"><img loading=\"lazy\" decoding=\"async\" width=\"500\" height=\"345\" class=\"wp-image-115 img-fluid\" src=\"https:\/\/www.mariaapartman.hu\/files\/arak_08-500x345.jpg\" alt=\"Wifi\/Internet sarok\" srcset=\"https:\/\/www.mariaapartman.hu\/files\/arak_08-500x345.jpg 500w, https:\/\/www.mariaapartman.hu\/files\/arak_08-300x207.jpg 300w, https:\/\/www.mariaapartman.hu\/files\/arak_08.jpg 1218w\" sizes=\"auto, (max-width: 500px) 100vw, 500px\" \/><\/div>\n<\/div>\n<hr \/>\n<h2>Spa und Abenteuerbad in Zalakaros<\/h2>\n<div class=\"row\">\n<div class=\"col-md-6 order-2 order-md-1\">\n<p>Sie k\u00f6nnen die \u00d6ffnungszeiten des Thermalbades und die aktuellen Ticketpreise sehen, indem Sie auf den folgenden Link klicken..<\/p>\n<p><a class=\"read-more\" href=\"https:\/\/hellozalakaros.hu\/belepojegyarak\" target=\"_blank\" rel=\"noopener noreferrer\">Preise des Thermalbades<\/a><\/p>\n<\/div>\n<div class=\"col-md-6 order-1 order-md-2\"><img decoding=\"async\" class=\"size-large img-fluid\" src=\"https:\/\/www.mariaapartman.hu\/files\/arak_09-500x335.jpeg\" alt=\"Zalakarosi Gy\u00f3gy-, \u00e9s \u00c9lm\u00e9nyf\u00fcrd\u0151\" \/><\/div>\n<\/div>\n<hr \/>\n<h2>Restaurants in der N\u00e4he<\/h2>\n<div class=\"row\">\n<div class=\"col-md-6 order-2 order-md-1\">\n<p>In der N\u00e4he unserer Apartments befinden sich mehrere Restaurants. Klicken Sie auf die Links unten, um mehr \u00fcber Restaurants, Men\u00fcs und Preise zu erfahren.<\/p>\n<ul>\n<li><a href=\"http:\/\/friskopanzio.hu\/etterem-sorkert\" target=\"_blank\" rel=\"noopener noreferrer\">FRISK\u00d3 VEND\u00c9GL\u0150<\/a><\/li>\n<li><a href=\"http:\/\/zalakaros-etterem.hu\/\" target=\"_blank\" rel=\"noopener noreferrer\">LAMAR \u00c9TTEREM \u00c9S PIZZ\u00c9RIA<\/a><\/li>\n<li><a href=\"https:\/\/kilatoborozo.hu\/\" target=\"_blank\" rel=\"noopener noreferrer\">KIL\u00c1T\u00d3 BOROZ\u00d3<\/a><\/li>\n<li><a href=\"https:\/\/aranyszarvas.info\/\" target=\"_blank\" rel=\"noopener noreferrer\">ARANYSZARVAS VEND\u00c9GL\u0150<\/a><\/li>\n<li><a href=\"https:\/\/www.facebook.com\/pg\/reginakavehazesetterem\/about\/?tab=overview\" target=\"_blank\" rel=\"noopener noreferrer\">REGINA \u00c9TTEREM<\/a><\/li>\n<li><a href=\"http:\/\/szilagyicukraszda.hu\/\" target=\"_blank\" rel=\"noopener noreferrer\">Szil\u00e1gyi Cukr\u00e1szda Zalakaros<\/a><\/li>\n<li><a href=\"https:\/\/goo.gl\/maps\/bBgXRxCiYPdYqFi5A\" target=\"_blank\" rel=\"noopener noreferrer\">TRIESTE CAFFE ESPRESSO<\/a><\/li>\n<\/ul>\n<\/div>\n<div class=\"col-md-6 order-1 order-md-2\"><img loading=\"lazy\" decoding=\"async\" width=\"500\" height=\"345\" class=\"wp-image-117 img-fluid\" src=\"https:\/\/www.mariaapartman.hu\/files\/arak_10-500x345.jpg\" alt=\"\u00c9ttermek a k\u00f6zelben\" srcset=\"https:\/\/www.mariaapartman.hu\/files\/arak_10-500x345.jpg 500w, https:\/\/www.mariaapartman.hu\/files\/arak_10-300x207.jpg 300w, https:\/\/www.mariaapartman.hu\/files\/arak_10.jpg 1218w\" sizes=\"auto, (max-width: 500px) 100vw, 500px\" \/><\/div>\n<\/div>\n","protected":false},"excerpt":{"rendered":"<p>Sonstige Dienstleistungen Parken in einem geschlossenen Hof: Kostenlos Wi-fi: Kostenlos Internet-Ecke: Kostenlos Anreise\/Abreise Die Unterkunft ist ab 13.00 Uhr verf\u00fcgbar. Die Unterkunft ist am Abreisetag bis 09.00 Uhr zu verlassen. Andere Optionen k\u00f6nnen nach vorheriger Absprache flexibel vereinbart werden. Reservierung\/Zahlung Die Unterkunft kann pers\u00f6nlich, per E-Mail oder in einem Brief gebucht werden. Die Reservierung erfolgt <a href=\"https:\/\/www.mariaapartman.hu\/de\/preise\/\" class=\"more-link\">&#8230;<\/a><\/p>\n","protected":false},"author":1,"featured_media":0,"parent":0,"menu_order":0,"comment_status":"closed","ping_status":"closed","template":"template-arak.php","meta":{"footnotes":""},"class_list":["post-530","page","type-page","status-publish","hentry"],"yoast_head":"<!-- This site is optimized with the Yoast SEO plugin v26.7 - https:\/\/yoast.com\/wordpress\/plugins\/seo\/ -->\n<title>G\u00fcnstige Unterkunft in Zalakaros &#187; Preise &#187; M\u00e1ria Appartements &#187; Zalakaros<\/title>\n<meta name=\"description\" content=\"Wohnung in Zalakaros, in einer ruhigen gr\u00fcnen Gegend. In der N\u00e4he des Eingangs des Zalakaros-Bades. Sie k\u00f6nnen aus mehreren Wohnungstypen w\u00e4hlen. W\u00e4hlen Sie diejenige, die am besten zu Ihnen passt!\" \/>\n<meta name=\"robots\" content=\"index, follow, max-snippet:-1, max-image-preview:large, max-video-preview:-1\" \/>\n<link rel=\"canonical\" href=\"https:\/\/www.mariaapartman.hu\/de\/preise\/\" \/>\n<meta property=\"og:locale\" content=\"de_DE\" \/>\n<meta property=\"og:type\" content=\"article\" \/>\n<meta property=\"og:title\" content=\"G\u00fcnstige Unterkunft in Zalakaros &#187; Preise &#187; M\u00e1ria Appartements &#187; Zalakaros\" \/>\n<meta property=\"og:description\" content=\"Wohnung in Zalakaros, in einer ruhigen gr\u00fcnen Gegend. In der N\u00e4he des Eingangs des Zalakaros-Bades. Sie k\u00f6nnen aus mehreren Wohnungstypen w\u00e4hlen. W\u00e4hlen Sie diejenige, die am besten zu Ihnen passt!\" \/>\n<meta property=\"og:url\" content=\"https:\/\/www.mariaapartman.hu\/de\/preise\/\" \/>\n<meta property=\"og:site_name\" content=\"M\u00e1ria Appartements\" \/>\n<meta property=\"article:modified_time\" content=\"2022-06-15T15:12:59+00:00\" \/>\n<meta property=\"og:image\" content=\"https:\/\/www.mariaapartman.hu\/files\/arak_04-500x333.jpg\" \/>\n<meta name=\"twitter:card\" content=\"summary_large_image\" \/>\n<meta name=\"twitter:label1\" content=\"Gesch\u00e4tzte Lesezeit\" \/>\n\t<meta name=\"twitter:data1\" content=\"2\u00a0Minuten\" \/>\n<script type=\"application\/ld+json\" class=\"yoast-schema-graph\">{\"@context\":\"https:\/\/schema.org\",\"@graph\":[{\"@type\":\"WebPage\",\"@id\":\"https:\/\/www.mariaapartman.hu\/de\/preise\/\",\"url\":\"https:\/\/www.mariaapartman.hu\/de\/preise\/\",\"name\":\"G\u00fcnstige Unterkunft in Zalakaros &#187; Preise &#187; M\u00e1ria Appartements &#187; Zalakaros\",\"isPartOf\":{\"@id\":\"https:\/\/www.mariaapartman.hu\/de\/#website\"},\"primaryImageOfPage\":{\"@id\":\"https:\/\/www.mariaapartman.hu\/de\/preise\/#primaryimage\"},\"image\":{\"@id\":\"https:\/\/www.mariaapartman.hu\/de\/preise\/#primaryimage\"},\"thumbnailUrl\":\"https:\/\/www.mariaapartman.hu\/files\/arak_04-500x333.jpg\",\"datePublished\":\"2021-03-04T15:08:31+00:00\",\"dateModified\":\"2022-06-15T15:12:59+00:00\",\"description\":\"Wohnung in Zalakaros, in einer ruhigen gr\u00fcnen Gegend. In der N\u00e4he des Eingangs des Zalakaros-Bades. Sie k\u00f6nnen aus mehreren Wohnungstypen w\u00e4hlen. W\u00e4hlen Sie diejenige, die am besten zu Ihnen passt!\",\"breadcrumb\":{\"@id\":\"https:\/\/www.mariaapartman.hu\/de\/preise\/#breadcrumb\"},\"inLanguage\":\"de\",\"potentialAction\":[{\"@type\":\"ReadAction\",\"target\":[\"https:\/\/www.mariaapartman.hu\/de\/preise\/\"]}]},{\"@type\":\"ImageObject\",\"inLanguage\":\"de\",\"@id\":\"https:\/\/www.mariaapartman.hu\/de\/preise\/#primaryimage\",\"url\":\"https:\/\/www.mariaapartman.hu\/files\/arak_04-500x333.jpg\",\"contentUrl\":\"https:\/\/www.mariaapartman.hu\/files\/arak_04-500x333.jpg\"},{\"@type\":\"BreadcrumbList\",\"@id\":\"https:\/\/www.mariaapartman.hu\/de\/preise\/#breadcrumb\",\"itemListElement\":[{\"@type\":\"ListItem\",\"position\":1,\"name\":\"Home\",\"item\":\"https:\/\/www.mariaapartman.hu\/de\/\"},{\"@type\":\"ListItem\",\"position\":2,\"name\":\"Preise\"}]},{\"@type\":\"WebSite\",\"@id\":\"https:\/\/www.mariaapartman.hu\/de\/#website\",\"url\":\"https:\/\/www.mariaapartman.hu\/de\/\",\"name\":\"M\u00e1ria Appartements\",\"description\":\"\",\"publisher\":{\"@id\":\"https:\/\/www.mariaapartman.hu\/de\/#organization\"},\"potentialAction\":[{\"@type\":\"SearchAction\",\"target\":{\"@type\":\"EntryPoint\",\"urlTemplate\":\"https:\/\/www.mariaapartman.hu\/de\/?s={search_term_string}\"},\"query-input\":{\"@type\":\"PropertyValueSpecification\",\"valueRequired\":true,\"valueName\":\"search_term_string\"}}],\"inLanguage\":\"de\"},{\"@type\":\"Organization\",\"@id\":\"https:\/\/www.mariaapartman.hu\/de\/#organization\",\"name\":\"Maria Apartments Zalakaros\",\"url\":\"https:\/\/www.mariaapartman.hu\/de\/\",\"logo\":{\"@type\":\"ImageObject\",\"inLanguage\":\"de\",\"@id\":\"https:\/\/www.mariaapartman.hu\/de\/#\/schema\/logo\/image\/\",\"url\":\"\",\"contentUrl\":\"\",\"caption\":\"Maria Apartments Zalakaros\"},\"image\":{\"@id\":\"https:\/\/www.mariaapartman.hu\/de\/#\/schema\/logo\/image\/\"},\"sameAs\":[\"https:\/\/www.instagram.com\/mariaapartmanok\/\"]}]}<\/script>\n<!-- \/ Yoast SEO plugin. -->","yoast_head_json":{"title":"G\u00fcnstige Unterkunft in Zalakaros &#187; Preise &#187; M\u00e1ria Appartements &#187; Zalakaros","description":"Wohnung in Zalakaros, in einer ruhigen gr\u00fcnen Gegend. In der N\u00e4he des Eingangs des Zalakaros-Bades. Sie k\u00f6nnen aus mehreren Wohnungstypen w\u00e4hlen. W\u00e4hlen Sie diejenige, die am besten zu Ihnen passt!","robots":{"index":"index","follow":"follow","max-snippet":"max-snippet:-1","max-image-preview":"max-image-preview:large","max-video-preview":"max-video-preview:-1"},"canonical":"https:\/\/www.mariaapartman.hu\/de\/preise\/","og_locale":"de_DE","og_type":"article","og_title":"G\u00fcnstige Unterkunft in Zalakaros &#187; Preise &#187; M\u00e1ria Appartements &#187; Zalakaros","og_description":"Wohnung in Zalakaros, in einer ruhigen gr\u00fcnen Gegend. In der N\u00e4he des Eingangs des Zalakaros-Bades. Sie k\u00f6nnen aus mehreren Wohnungstypen w\u00e4hlen. W\u00e4hlen Sie diejenige, die am besten zu Ihnen passt!","og_url":"https:\/\/www.mariaapartman.hu\/de\/preise\/","og_site_name":"M\u00e1ria Appartements","article_modified_time":"2022-06-15T15:12:59+00:00","og_image":[{"url":"https:\/\/www.mariaapartman.hu\/files\/arak_04-500x333.jpg","type":"","width":"","height":""}],"twitter_card":"summary_large_image","twitter_misc":{"Gesch\u00e4tzte Lesezeit":"2\u00a0Minuten"},"schema":{"@context":"https:\/\/schema.org","@graph":[{"@type":"WebPage","@id":"https:\/\/www.mariaapartman.hu\/de\/preise\/","url":"https:\/\/www.mariaapartman.hu\/de\/preise\/","name":"G\u00fcnstige Unterkunft in Zalakaros &#187; Preise &#187; M\u00e1ria Appartements &#187; Zalakaros","isPartOf":{"@id":"https:\/\/www.mariaapartman.hu\/de\/#website"},"primaryImageOfPage":{"@id":"https:\/\/www.mariaapartman.hu\/de\/preise\/#primaryimage"},"image":{"@id":"https:\/\/www.mariaapartman.hu\/de\/preise\/#primaryimage"},"thumbnailUrl":"https:\/\/www.mariaapartman.hu\/files\/arak_04-500x333.jpg","datePublished":"2021-03-04T15:08:31+00:00","dateModified":"2022-06-15T15:12:59+00:00","description":"Wohnung in Zalakaros, in einer ruhigen gr\u00fcnen Gegend. In der N\u00e4he des Eingangs des Zalakaros-Bades. Sie k\u00f6nnen aus mehreren Wohnungstypen w\u00e4hlen. W\u00e4hlen Sie diejenige, die am besten zu Ihnen passt!","breadcrumb":{"@id":"https:\/\/www.mariaapartman.hu\/de\/preise\/#breadcrumb"},"inLanguage":"de","potentialAction":[{"@type":"ReadAction","target":["https:\/\/www.mariaapartman.hu\/de\/preise\/"]}]},{"@type":"ImageObject","inLanguage":"de","@id":"https:\/\/www.mariaapartman.hu\/de\/preise\/#primaryimage","url":"https:\/\/www.mariaapartman.hu\/files\/arak_04-500x333.jpg","contentUrl":"https:\/\/www.mariaapartman.hu\/files\/arak_04-500x333.jpg"},{"@type":"BreadcrumbList","@id":"https:\/\/www.mariaapartman.hu\/de\/preise\/#breadcrumb","itemListElement":[{"@type":"ListItem","position":1,"name":"Home","item":"https:\/\/www.mariaapartman.hu\/de\/"},{"@type":"ListItem","position":2,"name":"Preise"}]},{"@type":"WebSite","@id":"https:\/\/www.mariaapartman.hu\/de\/#website","url":"https:\/\/www.mariaapartman.hu\/de\/","name":"M\u00e1ria Appartements","description":"","publisher":{"@id":"https:\/\/www.mariaapartman.hu\/de\/#organization"},"potentialAction":[{"@type":"SearchAction","target":{"@type":"EntryPoint","urlTemplate":"https:\/\/www.mariaapartman.hu\/de\/?s={search_term_string}"},"query-input":{"@type":"PropertyValueSpecification","valueRequired":true,"valueName":"search_term_string"}}],"inLanguage":"de"},{"@type":"Organization","@id":"https:\/\/www.mariaapartman.hu\/de\/#organization","name":"Maria Apartments Zalakaros","url":"https:\/\/www.mariaapartman.hu\/de\/","logo":{"@type":"ImageObject","inLanguage":"de","@id":"https:\/\/www.mariaapartman.hu\/de\/#\/schema\/logo\/image\/","url":"","contentUrl":"","caption":"Maria Apartments Zalakaros"},"image":{"@id":"https:\/\/www.mariaapartman.hu\/de\/#\/schema\/logo\/image\/"},"sameAs":["https:\/\/www.instagram.com\/mariaapartmanok\/"]}]}},"_links":{"self":[{"href":"https:\/\/www.mariaapartman.hu\/de\/wp-json\/wp\/v2\/pages\/530","targetHints":{"allow":["GET"]}}],"collection":[{"href":"https:\/\/www.mariaapartman.hu\/de\/wp-json\/wp\/v2\/pages"}],"about":[{"href":"https:\/\/www.mariaapartman.hu\/de\/wp-json\/wp\/v2\/types\/page"}],"author":[{"embeddable":true,"href":"https:\/\/www.mariaapartman.hu\/de\/wp-json\/wp\/v2\/users\/1"}],"replies":[{"embeddable":true,"href":"https:\/\/www.mariaapartman.hu\/de\/wp-json\/wp\/v2\/comments?post=530"}],"version-history":[{"count":0,"href":"https:\/\/www.mariaapartman.hu\/de\/wp-json\/wp\/v2\/pages\/530\/revisions"}],"wp:attachment":[{"href":"https:\/\/www.mariaapartman.hu\/de\/wp-json\/wp\/v2\/media?parent=530"}],"curies":[{"name":"wp","href":"https:\/\/api.w.org\/{rel}","templated":true}]}}