{"id":541,"date":"2021-03-04T15:09:52","date_gmt":"2021-03-04T15:09:52","guid":{"rendered":"https:\/\/www.mariaapartman.hu\/?page_id=541"},"modified":"2022-06-15T18:41:21","modified_gmt":"2022-06-15T18:41:21","slug":"kontakt","status":"publish","type":"page","link":"https:\/\/www.mariaapartman.hu\/de\/kontakt\/","title":{"rendered":"Kontakt"},"content":{"rendered":"<h2>Entfernungen von der Unterkunft<\/h2>\n<ul>\n<li>Hermalbad: 150-200 m<\/li>\n<li>Lebensmittelgesch\u00e4ft: 100-500 m<\/li>\n<li>Restaurants: 200-500 m<\/li>\n<li>Sportplatz: 300 m<\/li>\n<li>Park, Wald: 400 m<\/li>\n<li>Garten Kino: 600 m<\/li>\n<li>Markt, Boutiquen: 600 m<\/li>\n<li>Reithalle: 1500 m<\/li>\n<li>B\u00fcffelreservat, Zalakom\u00e1r: 9 km<\/li>\n<li>Kleiner Balaton: 20 km<\/li>\n<li>Angeln: 5-10-30 km<\/li>\n<li>7 F\u00fchrer Historischer Abenteuerpark, Garabonc: 5 km<\/li>\n<li>Abenteuerpark und Freizeitzentrum, Zalaszabar: 12 km Webseite<\/li>\n<li>Tierische Streicheleinheiten, Fenyvespuszta: 15 km Webseite<\/li>\n<li>Nagykanizsa: 15 km<\/li>\n<li>H\u00e9v\u00edz, Keszthely: 35 km<\/li>\n<li><a href=\"https:\/\/www.mariaapartman.hu\/de\/karte\/\">St\u00e4dte und D\u00f6rfer in der Umgebung von Zalakaros <\/a><\/li>\n<\/ul>\n<div class=\"container two-columns\"><\/div>\n","protected":false},"excerpt":{"rendered":"<p>Entfernungen von der Unterkunft Hermalbad: 150-200 m Lebensmittelgesch\u00e4ft: 100-500 m Restaurants: 200-500 m Sportplatz: 300 m Park, Wald: 400 m Garten Kino: 600 m Markt, Boutiquen: 600 m Reithalle: 1500 m B\u00fcffelreservat, Zalakom\u00e1r: 9 km Kleiner Balaton: 20 km Angeln: 5-10-30 km 7 F\u00fchrer Historischer Abenteuerpark, Garabonc: 5 km Abenteuerpark und Freizeitzentrum, Zalaszabar: 12 km <a href=\"https:\/\/www.mariaapartman.hu\/de\/kontakt\/\" class=\"more-link\">&#8230;<\/a><\/p>\n","protected":false},"author":1,"featured_media":0,"parent":0,"menu_order":0,"comment_status":"closed","ping_status":"closed","template":"template-kapcsolat.php","meta":{"footnotes":""},"class_list":["post-541","page","type-page","status-publish","hentry"],"yoast_head":"<!-- This site is optimized with the Yoast SEO plugin v26.7 - https:\/\/yoast.com\/wordpress\/plugins\/seo\/ -->\n<title>Kontakt &#187; Unterkunft in Zalakaros &#187; M\u00e1ria Appartements &#187; Zalakaros<\/title>\n<meta name=\"description\" content=\"Lage und Kontaktdaten von M\u00e1ria Apartmanok Zalakaros. Bei Fragen einfach suchen!\" \/>\n<meta name=\"robots\" content=\"index, follow, max-snippet:-1, max-image-preview:large, max-video-preview:-1\" \/>\n<link rel=\"canonical\" href=\"https:\/\/www.mariaapartman.hu\/de\/kontakt\/\" \/>\n<meta property=\"og:locale\" content=\"de_DE\" \/>\n<meta property=\"og:type\" content=\"article\" \/>\n<meta property=\"og:title\" content=\"Kontakt &#187; Unterkunft in Zalakaros &#187; M\u00e1ria Appartements &#187; Zalakaros\" \/>\n<meta property=\"og:description\" content=\"Lage und Kontaktdaten von M\u00e1ria Apartmanok Zalakaros. Bei Fragen einfach suchen!\" \/>\n<meta property=\"og:url\" content=\"https:\/\/www.mariaapartman.hu\/de\/kontakt\/\" \/>\n<meta property=\"og:site_name\" content=\"M\u00e1ria Appartements\" \/>\n<meta property=\"article:modified_time\" content=\"2022-06-15T18:41:21+00:00\" \/>\n<meta name=\"twitter:card\" content=\"summary_large_image\" \/>\n<meta name=\"twitter:label1\" content=\"Gesch\u00e4tzte Lesezeit\" \/>\n\t<meta name=\"twitter:data1\" content=\"1\u00a0Minute\" \/>\n<script type=\"application\/ld+json\" class=\"yoast-schema-graph\">{\"@context\":\"https:\/\/schema.org\",\"@graph\":[{\"@type\":\"WebPage\",\"@id\":\"https:\/\/www.mariaapartman.hu\/de\/kontakt\/\",\"url\":\"https:\/\/www.mariaapartman.hu\/de\/kontakt\/\",\"name\":\"Kontakt &#187; Unterkunft in Zalakaros &#187; M\u00e1ria Appartements &#187; Zalakaros\",\"isPartOf\":{\"@id\":\"https:\/\/www.mariaapartman.hu\/de\/#website\"},\"datePublished\":\"2021-03-04T15:09:52+00:00\",\"dateModified\":\"2022-06-15T18:41:21+00:00\",\"description\":\"Lage und Kontaktdaten von M\u00e1ria Apartmanok Zalakaros. Bei Fragen einfach suchen!\",\"breadcrumb\":{\"@id\":\"https:\/\/www.mariaapartman.hu\/de\/kontakt\/#breadcrumb\"},\"inLanguage\":\"de\",\"potentialAction\":[{\"@type\":\"ReadAction\",\"target\":[\"https:\/\/www.mariaapartman.hu\/de\/kontakt\/\"]}]},{\"@type\":\"BreadcrumbList\",\"@id\":\"https:\/\/www.mariaapartman.hu\/de\/kontakt\/#breadcrumb\",\"itemListElement\":[{\"@type\":\"ListItem\",\"position\":1,\"name\":\"Home\",\"item\":\"https:\/\/www.mariaapartman.hu\/de\/\"},{\"@type\":\"ListItem\",\"position\":2,\"name\":\"Kontakt\"}]},{\"@type\":\"WebSite\",\"@id\":\"https:\/\/www.mariaapartman.hu\/de\/#website\",\"url\":\"https:\/\/www.mariaapartman.hu\/de\/\",\"name\":\"M\u00e1ria Appartements\",\"description\":\"\",\"publisher\":{\"@id\":\"https:\/\/www.mariaapartman.hu\/de\/#organization\"},\"potentialAction\":[{\"@type\":\"SearchAction\",\"target\":{\"@type\":\"EntryPoint\",\"urlTemplate\":\"https:\/\/www.mariaapartman.hu\/de\/?s={search_term_string}\"},\"query-input\":{\"@type\":\"PropertyValueSpecification\",\"valueRequired\":true,\"valueName\":\"search_term_string\"}}],\"inLanguage\":\"de\"},{\"@type\":\"Organization\",\"@id\":\"https:\/\/www.mariaapartman.hu\/de\/#organization\",\"name\":\"Maria Apartments Zalakaros\",\"url\":\"https:\/\/www.mariaapartman.hu\/de\/\",\"logo\":{\"@type\":\"ImageObject\",\"inLanguage\":\"de\",\"@id\":\"https:\/\/www.mariaapartman.hu\/de\/#\/schema\/logo\/image\/\",\"url\":\"\",\"contentUrl\":\"\",\"caption\":\"Maria Apartments Zalakaros\"},\"image\":{\"@id\":\"https:\/\/www.mariaapartman.hu\/de\/#\/schema\/logo\/image\/\"},\"sameAs\":[\"https:\/\/www.instagram.com\/mariaapartmanok\/\"]}]}<\/script>\n<!-- \/ Yoast SEO plugin. -->","yoast_head_json":{"title":"Kontakt &#187; Unterkunft in Zalakaros &#187; M\u00e1ria Appartements &#187; Zalakaros","description":"Lage und Kontaktdaten von M\u00e1ria Apartmanok Zalakaros. Bei Fragen einfach suchen!","robots":{"index":"index","follow":"follow","max-snippet":"max-snippet:-1","max-image-preview":"max-image-preview:large","max-video-preview":"max-video-preview:-1"},"canonical":"https:\/\/www.mariaapartman.hu\/de\/kontakt\/","og_locale":"de_DE","og_type":"article","og_title":"Kontakt &#187; Unterkunft in Zalakaros &#187; M\u00e1ria Appartements &#187; Zalakaros","og_description":"Lage und Kontaktdaten von M\u00e1ria Apartmanok Zalakaros. Bei Fragen einfach suchen!","og_url":"https:\/\/www.mariaapartman.hu\/de\/kontakt\/","og_site_name":"M\u00e1ria Appartements","article_modified_time":"2022-06-15T18:41:21+00:00","twitter_card":"summary_large_image","twitter_misc":{"Gesch\u00e4tzte Lesezeit":"1\u00a0Minute"},"schema":{"@context":"https:\/\/schema.org","@graph":[{"@type":"WebPage","@id":"https:\/\/www.mariaapartman.hu\/de\/kontakt\/","url":"https:\/\/www.mariaapartman.hu\/de\/kontakt\/","name":"Kontakt &#187; Unterkunft in Zalakaros &#187; M\u00e1ria Appartements &#187; Zalakaros","isPartOf":{"@id":"https:\/\/www.mariaapartman.hu\/de\/#website"},"datePublished":"2021-03-04T15:09:52+00:00","dateModified":"2022-06-15T18:41:21+00:00","description":"Lage und Kontaktdaten von M\u00e1ria Apartmanok Zalakaros. Bei Fragen einfach suchen!","breadcrumb":{"@id":"https:\/\/www.mariaapartman.hu\/de\/kontakt\/#breadcrumb"},"inLanguage":"de","potentialAction":[{"@type":"ReadAction","target":["https:\/\/www.mariaapartman.hu\/de\/kontakt\/"]}]},{"@type":"BreadcrumbList","@id":"https:\/\/www.mariaapartman.hu\/de\/kontakt\/#breadcrumb","itemListElement":[{"@type":"ListItem","position":1,"name":"Home","item":"https:\/\/www.mariaapartman.hu\/de\/"},{"@type":"ListItem","position":2,"name":"Kontakt"}]},{"@type":"WebSite","@id":"https:\/\/www.mariaapartman.hu\/de\/#website","url":"https:\/\/www.mariaapartman.hu\/de\/","name":"M\u00e1ria Appartements","description":"","publisher":{"@id":"https:\/\/www.mariaapartman.hu\/de\/#organization"},"potentialAction":[{"@type":"SearchAction","target":{"@type":"EntryPoint","urlTemplate":"https:\/\/www.mariaapartman.hu\/de\/?s={search_term_string}"},"query-input":{"@type":"PropertyValueSpecification","valueRequired":true,"valueName":"search_term_string"}}],"inLanguage":"de"},{"@type":"Organization","@id":"https:\/\/www.mariaapartman.hu\/de\/#organization","name":"Maria Apartments Zalakaros","url":"https:\/\/www.mariaapartman.hu\/de\/","logo":{"@type":"ImageObject","inLanguage":"de","@id":"https:\/\/www.mariaapartman.hu\/de\/#\/schema\/logo\/image\/","url":"","contentUrl":"","caption":"Maria Apartments Zalakaros"},"image":{"@id":"https:\/\/www.mariaapartman.hu\/de\/#\/schema\/logo\/image\/"},"sameAs":["https:\/\/www.instagram.com\/mariaapartmanok\/"]}]}},"_links":{"self":[{"href":"https:\/\/www.mariaapartman.hu\/de\/wp-json\/wp\/v2\/pages\/541","targetHints":{"allow":["GET"]}}],"collection":[{"href":"https:\/\/www.mariaapartman.hu\/de\/wp-json\/wp\/v2\/pages"}],"about":[{"href":"https:\/\/www.mariaapartman.hu\/de\/wp-json\/wp\/v2\/types\/page"}],"author":[{"embeddable":true,"href":"https:\/\/www.mariaapartman.hu\/de\/wp-json\/wp\/v2\/users\/1"}],"replies":[{"embeddable":true,"href":"https:\/\/www.mariaapartman.hu\/de\/wp-json\/wp\/v2\/comments?post=541"}],"version-history":[{"count":0,"href":"https:\/\/www.mariaapartman.hu\/de\/wp-json\/wp\/v2\/pages\/541\/revisions"}],"wp:attachment":[{"href":"https:\/\/www.mariaapartman.hu\/de\/wp-json\/wp\/v2\/media?parent=541"}],"curies":[{"name":"wp","href":"https:\/\/api.w.org\/{rel}","templated":true}]}}